{"id":16945,"date":"2023-06-05T20:01:31","date_gmt":"2023-06-05T18:01:31","guid":{"rendered":"http:\/\/apmedical.it\/durabilite\/"},"modified":"2023-06-13T22:41:05","modified_gmt":"2023-06-13T20:41:05","slug":"durabilite","status":"publish","type":"page","link":"https:\/\/apmedical.it\/fr\/durabilite\/","title":{"rendered":"Durabilit\u00e9"},"content":{"rendered":"<p>[et_pb_section fb_built=\u00a0\u00bb1&Prime; _builder_version=\u00a0\u00bb4.21.0&Prime; _module_preset=\u00a0\u00bbdefault\u00a0\u00bb background_image=\u00a0\u00bbhttp:\/\/apmedical.it\/wp-content\/uploads\/2023\/06\/sfondo-sostenibilita.jpg\u00a0\u00bb global_colors_info=\u00a0\u00bb{}\u00a0\u00bb][et_pb_row column_structure=\u00a0\u00bb3_5,2_5&Prime; use_custom_gutter=\u00a0\u00bbon\u00a0\u00bb make_equal=\u00a0\u00bbon\u00a0\u00bb _builder_version=\u00a0\u00bb4.21.0&Prime; _module_preset=\u00a0\u00bbdefault\u00a0\u00bb max_width=\u00a0\u00bb100%\u00a0\u00bb global_colors_info=\u00a0\u00bb{}\u00a0\u00bb][et_pb_column type=\u00a0\u00bb3_5&Prime; _builder_version=\u00a0\u00bb4.21.0&Prime; _module_preset=\u00a0\u00bbdefault\u00a0\u00bb global_colors_info=\u00a0\u00bb{}\u00a0\u00bb][et_pb_text _builder_version=\u00a0\u00bb4.21.0&Prime; _module_preset=\u00a0\u00bbdefault\u00a0\u00bb text_text_color=\u00a0\u00bb#FFFFFF\u00a0\u00bb header_font=\u00a0\u00bbABeeZee||||||||\u00a0\u00bb header_font_size=\u00a0\u00bb54px\u00a0\u00bb custom_margin=\u00a0\u00bb||-10px||false|false\u00a0\u00bb custom_padding=\u00a0\u00bb||0px||false|false\u00a0\u00bb header_font_size_tablet=\u00a0\u00bb54px\u00a0\u00bb header_font_size_phone=\u00a0\u00bb40px\u00a0\u00bb header_font_size_last_edited=\u00a0\u00bbon|phone\u00a0\u00bb global_colors_info=\u00a0\u00bb{}\u00a0\u00bb]<\/p>\n<h1>Durabilit\u00e9<\/h1>\n<p>[\/et_pb_text][et_pb_text _builder_version=\u00a0\u00bb4.21.0&Prime; _module_preset=\u00a0\u00bbdefault\u00a0\u00bb text_font=\u00a0\u00bbABeeZee||||||||\u00a0\u00bb text_text_color=\u00a0\u00bb#494544&Prime; link_font=\u00a0\u00bbABeeZee||||||||\u00a0\u00bb link_text_color=\u00a0\u00bb#175830&Prime; saved_tabs=\u00a0\u00bball\u00a0\u00bb global_colors_info=\u00a0\u00bb{}\u00a0\u00bb]<\/p>\n<p><span><nav aria-label=\"breadcrumbs\" class=\"rank-math-breadcrumb\"><p><span class=\"last\">Home<\/span><\/p><\/nav><\/span><\/p>\n<p>[\/et_pb_text][et_pb_image src=\u00a0\u00bbhttp:\/\/apmedical.it\/wp-content\/uploads\/2023\/06\/separatore-verde-corto-giusto.png\u00a0\u00bb title_text=\u00a0\u00bbs\u00e9parateur-vert-court-droit\u00a0\u00bb _builder_version=\u00a0\u00bb4.21.0&Prime; _module_preset=\u00a0\u00bbdefault\u00a0\u00bb custom_padding=\u00a0\u00bb0px||||false|false\u00a0\u00bb custom_padding_tablet=\u00a0\u00bb0px||||false|false\u00a0\u00bb custom_padding_phone=\u00a0\u00bb0px||||false|false\u00a0\u00bb custom_padding_last_edited=\u00a0\u00bbon|phone\u00a0\u00bb locked=\u00a0\u00bboff\u00a0\u00bb global_colors_info=\u00a0\u00bb{}\u00a0\u00bb][\/et_pb_image][et_pb_text _builder_version=\u00a0\u00bb4.21.0&Prime; _module_preset=\u00a0\u00bbdefault\u00a0\u00bb text_font=\u00a0\u00bbABeeZee||||||||\u00a0\u00bb text_font_size=\u00a0\u00bb16px\u00a0\u00bb text_line_height=\u00a0\u00bb1.8em\u00a0\u00bb custom_margin=\u00a0\u00bb||20px||false|false\u00a0\u00bb custom_padding=\u00a0\u00bb0px||||false|false\u00a0\u00bb locked=\u00a0\u00bboff\u00a0\u00bb global_colors_info=\u00a0\u00bb{}\u00a0\u00bb]<\/p>\n<p>APmedical a la conviction que les entreprises jouent un r\u00f4le important dans la cr\u00e9ation d&rsquo;un monde meilleur et plus durable.<\/p>\n<p>Les emballages pour d\u00e9chets d\u2019activit\u00e9s de soins (f\u00fbts et bo\u00eetes \u00e0 aiguilles) doivent \u00eatre conformes aux exigences les plus strictes \u00e9tablies par les normes internationales et les autorit\u00e9s nationales, qui garantissent une utilisation et un transport s\u00fbrs, en raison du contenu potentiellement hautement infectieux.<\/p>\n<p>En outre, en participant aux discussions du comit\u00e9 ISO, APmedical soutient et encourage le d\u00e9veloppement de normes de qualit\u00e9 de l&rsquo;industrie pour \u00e9tendre la pratique de la circularit\u00e9 \u00e0 ces emballages pour d\u00e9chets d\u2019activit\u00e9s de soins jetables. En utilisant des mat\u00e9riaux recycl\u00e9s, l&rsquo;impact de leur \u00e9limination a un effet beaucoup moins n\u00e9gatif sur l&rsquo;environnement.<\/p>\n<p>Contribuer \u00e0 la cr\u00e9ation d&rsquo;une \u00e9conomie circulaire est une belle opportunit\u00e9 de croissance: APmedical a lanc\u00e9 de nombreux projets visant \u00e0 accro\u00eetre l&rsquo;utilisation du plastique recycl\u00e9 dans ses produits. Cependant, non seulement les caract\u00e9ristiques des mati\u00e8res premi\u00e8res, mais aussi la fiabilit\u00e9 des fournisseurs sont un aspect important pour APmedical. Des recherches, des analyses et des tests ont \u00e9t\u00e9 effectu\u00e9s pour trouver le m\u00e9lange de mat\u00e9riaux recycl\u00e9s le plus appropri\u00e9.<\/p>\n<p>APmedical a d\u00e9velopp\u00e9 de nouvelles \u00ab\u00a0ECO Lines\u00a0\u00bb d\u2019emballages certifi\u00e9s pour l&rsquo;\u00e9limination des d\u00e9chets hospitaliers sp\u00e9ciaux et des d\u00e9chets piquants, coupants et tranchants, qui sont produits \u00e0 partir de mat\u00e9riaux recycl\u00e9s et r\u00e9pondent en m\u00eame temps aux normes de qualit\u00e9 requises par l&rsquo;ADR-UN (marquage REC) pour le transport s\u00e9curit\u00e9 et ISO 23907-1:2019 pour la s\u00e9curit\u00e9 d&rsquo;utilisation.<\/p>\n<p>Les nouvelles \u00ab\u00a0ECO Lines\u00a0\u00bb ont obtenu les deux principales marques de s\u00e9curit\u00e9 reconnues pour les emballages pour d\u00e9chets d\u2019activit\u00e9s de soins: Marque NF du Laboratoire national de m\u00e9trologie et d&rsquo;essais (France) et Kitemark de la British Standards Institution (Royaume-Uni).<\/p>\n<p>Keter a pr\u00e9sent\u00e9 son premier rapport annuel de d\u00e9veloppement durable en 2020. Les rapports de d\u00e9veloppement durable sont pr\u00e9par\u00e9s selon les normes GRI (Global Reporting Initiative), se r\u00e9f\u00e8rent aux SDGs (Sustainable Development Goals) et couvrent toutes les informations n\u00e9cessaires en termes d&rsquo;ESG (Environment, Social &amp; Corporate Governance).<\/p>\n<p>En outre, Keter a formul\u00e9 une strat\u00e9gie globale qui comprend des objectifs pluriannuels pour d\u00e9montrer son engagement sp\u00e9cifique envers la durabilit\u00e9. Une \u00e9valuation compl\u00e8te de l&rsquo;importance relative a \u00e9t\u00e9 r\u00e9alis\u00e9e, en s&rsquo;appuyant sur les contributions d&rsquo;un large \u00e9ventail de sources et des parties int\u00e9ress\u00e9es. Sur la base des impacts mat\u00e9riels de Keter, des ressources ont \u00e9t\u00e9 allou\u00e9es pour acc\u00e9l\u00e9rer davantage la r\u00e9duction de l&rsquo;effet n\u00e9gatif sur l&rsquo;environnement et les communaut\u00e9s locales.<\/p>\n<p>[\/et_pb_text][\/et_pb_column][et_pb_column type=\u00a0\u00bb2_5&Prime; _builder_version=\u00a0\u00bb4.21.0&Prime; _module_preset=\u00a0\u00bbdefault\u00a0\u00bb global_colors_info=\u00a0\u00bb{}\u00a0\u00bb][et_pb_image src=\u00a0\u00bbhttp:\/\/apmedical.it\/wp-content\/uploads\/2023\/06\/logo-sostenibilita-apmedical.png\u00a0\u00bb title_text=\u00a0\u00bblogo-durabilite-apmedical\u00a0\u00bb align=\u00a0\u00bbright\u00a0\u00bb _builder_version=\u00a0\u00bb4.21.0&Prime; _module_preset=\u00a0\u00bbdefault\u00a0\u00bb hover_enabled=\u00a0\u00bb0&Prime; global_colors_info=\u00a0\u00bb{}\u00a0\u00bb sticky_enabled=\u00a0\u00bb0&Prime; align_last_edited=\u00a0\u00bbon|desktop\u00a0\u00bb align_tablet=\u00a0\u00bbcenter\u00a0\u00bb align_phone=\u00a0\u00bbcenter\u00a0\u00bb][\/et_pb_image][\/et_pb_column][\/et_pb_row][\/et_pb_section]<\/p>\n","protected":false},"excerpt":{"rendered":"<p>Durabilit\u00e9<nav aria-label=\"breadcrumbs\" class=\"rank-math-breadcrumb\"><p><span class=\"last\">Home<\/span><\/p><\/nav>APmedical a la conviction que les entreprises jouent un r\u00f4le important dans la cr\u00e9ation d&rsquo;un monde meilleur et plus durable. Les emballages pour d\u00e9chets d\u2019activit\u00e9s de soins (f\u00fbts et bo\u00eetes \u00e0 aiguilles) doivent \u00eatre conformes aux exigences les plus strictes \u00e9tablies par les normes internationales et les autorit\u00e9s nationales, qui garantissent une utilisation et un [&hellip;]<\/p>\n","protected":false},"author":1,"featured_media":0,"parent":0,"menu_order":0,"comment_status":"closed","ping_status":"closed","template":"","meta":{"_et_pb_use_builder":"on","_et_pb_old_content":"","_et_gb_content_width":"","footnotes":""},"class_list":["post-16945","page","type-page","status-publish","hentry"],"_links":{"self":[{"href":"https:\/\/apmedical.it\/fr\/wp-json\/wp\/v2\/pages\/16945","targetHints":{"allow":["GET"]}}],"collection":[{"href":"https:\/\/apmedical.it\/fr\/wp-json\/wp\/v2\/pages"}],"about":[{"href":"https:\/\/apmedical.it\/fr\/wp-json\/wp\/v2\/types\/page"}],"author":[{"embeddable":true,"href":"https:\/\/apmedical.it\/fr\/wp-json\/wp\/v2\/users\/1"}],"replies":[{"embeddable":true,"href":"https:\/\/apmedical.it\/fr\/wp-json\/wp\/v2\/comments?post=16945"}],"version-history":[{"count":2,"href":"https:\/\/apmedical.it\/fr\/wp-json\/wp\/v2\/pages\/16945\/revisions"}],"predecessor-version":[{"id":16947,"href":"https:\/\/apmedical.it\/fr\/wp-json\/wp\/v2\/pages\/16945\/revisions\/16947"}],"wp:attachment":[{"href":"https:\/\/apmedical.it\/fr\/wp-json\/wp\/v2\/media?parent=16945"}],"curies":[{"name":"wp","href":"https:\/\/api.w.org\/{rel}","templated":true}]}}