{"id":17942,"date":"2023-06-14T16:28:53","date_gmt":"2023-06-14T14:28:53","guid":{"rendered":"http:\/\/apmedical.it\/productos\/contenedores-de-residuos\/"},"modified":"2025-08-07T19:00:47","modified_gmt":"2025-08-07T17:00:47","slug":"contenedores-de-residuos","status":"publish","type":"page","link":"https:\/\/apmedical.it\/es\/productos\/contenedores-de-residuos\/","title":{"rendered":"Waste Containers"},"content":{"rendered":"<p>[et_pb_section fb_built=\u00bb1&#8243; specialty=\u00bbon\u00bb _builder_version=\u00bb4.21.0&#8243; _module_preset=\u00bbdefault\u00bb background_enable_image=\u00bboff\u00bb width=\u00bb100%\u00bb max_width=\u00bb100%\u00bb inner_width=\u00bb80%\u00bb inner_max_width=\u00bb100%\u00bb custom_margin=\u00bb||0px||false|false\u00bb custom_padding=\u00bb||0px||false|false\u00bb global_colors_info=\u00bb{}\u00bb][et_pb_column type=\u00bb2_3&#8243; specialty_columns=\u00bb2&#8243; _builder_version=\u00bb4.16&#8243; custom_padding=\u00bb|||\u00bb global_colors_info=\u00bb{}\u00bb custom_padding__hover=\u00bb|||\u00bb][et_pb_row_inner _builder_version=\u00bb4.21.0&#8243; _module_preset=\u00bbdefault\u00bb width=\u00bb19vw\u00bb width_tablet=\u00bb48vw\u00bb width_phone=\u00bb310px\u00bb width_last_edited=\u00bbon|phone\u00bb custom_padding=\u00bb0px||0px||false|false\u00bb global_colors_info=\u00bb{}\u00bb][et_pb_column_inner saved_specialty_column_type=\u00bb2_3&#8243; _builder_version=\u00bb4.21.0&#8243; _module_preset=\u00bbdefault\u00bb background_color=\u00bb#e5e4d5&#8243; custom_padding=\u00bb100px|40px|100px|40px|true|true\u00bb border_radii=\u00bbon|200px|200px|200px|200px\u00bb global_colors_info=\u00bb{}\u00bb][et_pb_text _builder_version=\u00bb4.21.0&#8243; _module_preset=\u00bbdefault\u00bb text_text_color=\u00bb#FFFFFF\u00bb header_font=\u00bbABeeZee||||||||\u00bb header_text_color=\u00bb#494544&#8243; header_font_size=\u00bb54px\u00bb custom_margin=\u00bb||-10px||false|false\u00bb custom_padding=\u00bb||0px||false|false\u00bb header_font_size_tablet=\u00bb54px\u00bb header_font_size_phone=\u00bb40px\u00bb header_font_size_last_edited=\u00bbon|phone\u00bb global_colors_info=\u00bb{}\u00bb]<\/p>\n<h1>Waste Containers<\/h1>\n<p>[\/et_pb_text][et_pb_text _builder_version=\u00bb4.21.0&#8243; _module_preset=\u00bbdefault\u00bb text_font=\u00bbABeeZee||||||||\u00bb text_text_color=\u00bb#494544&#8243; link_font=\u00bbABeeZee||||||||\u00bb link_text_color=\u00bb#a2aa00&#8243; saved_tabs=\u00bball\u00bb locked=\u00bboff\u00bb global_colors_info=\u00bb{}\u00bb]<\/p>\n<p><span><nav aria-label=\"breadcrumbs\" class=\"rank-math-breadcrumb\"><p><span class=\"last\">Home<\/span><\/p><\/nav><\/span><\/p>\n<p>[\/et_pb_text][et_pb_image src=\u00bbhttps:\/\/apmedical.it\/wp-content\/uploads\/2023\/05\/separatore-giallo-corto-giusto.png\u00bb title_text=\u00bbseparatore-amarillo-corto-derecho\u00bb _builder_version=\u00bb4.21.0&#8243; _module_preset=\u00bbdefault\u00bb custom_padding=\u00bb0px||||false|false\u00bb custom_padding_tablet=\u00bb0px||||false|false\u00bb custom_padding_phone=\u00bb0px||||false|false\u00bb custom_padding_last_edited=\u00bbon|phone\u00bb locked=\u00bboff\u00bb global_colors_info=\u00bb{}\u00bb][\/et_pb_image][\/et_pb_column_inner][\/et_pb_row_inner][et_pb_row_inner _builder_version=\u00bb4.21.0&#8243; _module_preset=\u00bbdefault\u00bb custom_margin=\u00bb||0px||false|false\u00bb custom_padding=\u00bb||0px||false|false\u00bb global_colors_info=\u00bb{}\u00bb][et_pb_column_inner saved_specialty_column_type=\u00bb2_3&#8243; _builder_version=\u00bb4.21.0&#8243; _module_preset=\u00bbdefault\u00bb global_colors_info=\u00bb{}\u00bb][et_pb_text _builder_version=\u00bb4.21.0&#8243; _module_preset=\u00bbdefault\u00bb text_font=\u00bbABeeZee||||||||\u00bb text_font_size=\u00bb16px\u00bb text_line_height=\u00bb1.8em\u00bb custom_margin=\u00bb||0px||false|false\u00bb custom_padding=\u00bb0px||0px||false|false\u00bb locked=\u00bboff\u00bb global_colors_info=\u00bb{}\u00bb]<\/p>\n<p>La l\u00ednea de contenedores APmedical WASTE representa una amplia gama de contenedores especialmente dise\u00f1ados para la eliminaci\u00f3n segura de residuos hospitalarios especiales. Estos contenedores est\u00e1n fabricados con materiales de primera calidad, garantizando la m\u00e1xima calidad y seguridad seg\u00fan rigurosos est\u00e1ndares de la industria.<\/p>\n<p>APmedical se compromete a ofrecer soluciones personalizadas para las diferentes necesidades de los clientes en la gesti\u00f3n de residuos hospitalarios. La l\u00ednea de contenedores WASTE incluye una variedad de contenedores de diferentes tama\u00f1os y capacidades, lo que le permite elegir la soluci\u00f3n m\u00e1s adecuada para cada situaci\u00f3n.<\/p>\n<p>[\/et_pb_text][\/et_pb_column_inner][\/et_pb_row_inner][\/et_pb_column][et_pb_column type=\u00bb1_3&#8243; _builder_version=\u00bb4.16&#8243; custom_padding=\u00bb|||\u00bb global_colors_info=\u00bb{}\u00bb custom_padding__hover=\u00bb|||\u00bb][et_pb_image src=\u00bbhttps:\/\/apmedical.it\/wp-content\/uploads\/2023\/05\/EVO-50B-MONO-40-x-30-x-H-50-cm.jpg\u00bb title_text=\u00bbEVO 50B MONO 40 x 30 x H 50 cm\u00bb disabled_on=\u00bbon|on|off\u00bb _builder_version=\u00bb4.21.0&#8243; _module_preset=\u00bbdefault\u00bb animation_style=\u00bbslide\u00bb border_radii=\u00bbon|20px|20px|20px|20px\u00bb global_colors_info=\u00bb{}\u00bb][\/et_pb_image][\/et_pb_column][\/et_pb_section][et_pb_section fb_built=\u00bb1&#8243; _builder_version=\u00bb4.27.4&#8243; _module_preset=\u00bbdefault\u00bb background_enable_image=\u00bboff\u00bb custom_padding=\u00bb20px||||false|false\u00bb locked=\u00bboff\u00bb global_colors_info=\u00bb{}\u00bb][et_pb_row column_structure=\u00bb1_4,1_4,1_4,1_4&#8243; use_custom_gutter=\u00bbon\u00bb gutter_width=\u00bb2&#8243; make_equal=\u00bbon\u00bb _builder_version=\u00bb4.27.4&#8243; _module_preset=\u00bbdefault\u00bb max_width=\u00bb100%\u00bb global_colors_info=\u00bb{}\u00bb][et_pb_column type=\u00bb1_4&#8243; _builder_version=\u00bb4.21.0&#8243; _module_preset=\u00bbdefault\u00bb global_colors_info=\u00bb{}\u00bb][et_pb_blurb url=\u00bbhttps:\/\/apmedical.it\/es\/productos\/contenedores-de-residuos\/evo-line\/\u00bb image=\u00bbhttps:\/\/apmedical.it\/wp-content\/uploads\/2023\/06\/EVO-LINE.png\u00bb _builder_version=\u00bb4.27.4&#8243; _module_preset=\u00bbdefault\u00bb body_font=\u00bb|700|||||||\u00bb body_text_align=\u00bbcenter\u00bb body_font_size=\u00bb16px\u00bb background_color=\u00bb#f4f4f4&#8243; custom_margin=\u00bb||||false|false\u00bb custom_margin_phone=\u00bb||||false|false\u00bb custom_margin_last_edited=\u00bboff|phone\u00bb custom_padding=\u00bb10px||10px||true|false\u00bb link_option_url=\u00bbhttps:\/\/apmedical.it\/es\/productos\/contenedores-de-residuos\/evo-line\/\u00bb hover_enabled=\u00bb0&#8243; border_radii=\u00bbon|10px|10px|10px|10px\u00bb global_colors_info=\u00bb{}\u00bb background__hover_enabled=\u00bbon|hover\u00bb background_color__hover=\u00bb#f4d0d0&#8243; background_enable_color__hover=\u00bbon\u00bb title_text=\u00bbEVO LINE\u00bb sticky_enabled=\u00bb0&#8243;]<\/p>\n<p>EVO LINE<\/p>\n<p>[\/et_pb_blurb][\/et_pb_column][et_pb_column type=\u00bb1_4&#8243; _builder_version=\u00bb4.21.0&#8243; _module_preset=\u00bbdefault\u00bb global_colors_info=\u00bb{}\u00bb][et_pb_blurb url=\u00bbhttps:\/\/apmedical.it\/es\/productos\/contenedores-de-residuos\/sc-line\/\u00bb image=\u00bbhttps:\/\/apmedical.it\/wp-content\/uploads\/2023\/06\/SC-LINE.png\u00bb _builder_version=\u00bb4.27.4&#8243; _module_preset=\u00bbdefault\u00bb body_font=\u00bb|700|||||||\u00bb body_text_align=\u00bbcenter\u00bb body_font_size=\u00bb16px\u00bb background_color=\u00bb#f4f4f4&#8243; custom_padding=\u00bb10px||10px||true|false\u00bb link_option_url=\u00bbhttps:\/\/apmedical.it\/es\/productos\/contenedores-de-residuos\/sc-line\/\u00bb hover_enabled=\u00bb0&#8243; border_radii=\u00bbon|10px|10px|10px|10px\u00bb global_colors_info=\u00bb{}\u00bb background__hover_enabled=\u00bbon|hover\u00bb background_color__hover=\u00bb#f4d0d0&#8243; background_enable_color__hover=\u00bbon\u00bb title_text=\u00bbSC LINE\u00bb sticky_enabled=\u00bb0&#8243;]<\/p>\n<p>SC LINE<\/p>\n<p>[\/et_pb_blurb][\/et_pb_column][et_pb_column type=\u00bb1_4&#8243; _builder_version=\u00bb4.21.0&#8243; _module_preset=\u00bbdefault\u00bb global_colors_info=\u00bb{}\u00bb][et_pb_blurb url=\u00bbhttps:\/\/apmedical.it\/es\/productos\/contenedores-de-residuos\/sb-spk-line\/\u00bb image=\u00bbhttps:\/\/apmedical.it\/wp-content\/uploads\/2023\/06\/SB-SPK-LINE.png\u00bb _builder_version=\u00bb4.27.4&#8243; _module_preset=\u00bbdefault\u00bb body_font=\u00bb|700|||||||\u00bb body_text_align=\u00bbcenter\u00bb body_font_size=\u00bb16px\u00bb background_color=\u00bb#f4f4f4&#8243; custom_padding=\u00bb10px||10px||true|false\u00bb link_option_url=\u00bbhttps:\/\/apmedical.it\/es\/productos\/contenedores-de-residuos\/sb-spk-line\/\u00bb hover_enabled=\u00bb0&#8243; border_radii=\u00bbon|10px|10px|10px|10px\u00bb global_colors_info=\u00bb{}\u00bb background__hover_enabled=\u00bbon|hover\u00bb background_color__hover=\u00bb#f4d0d0&#8243; background_enable_color__hover=\u00bbon\u00bb title_text=\u00bbSB SPK LINE\u00bb sticky_enabled=\u00bb0&#8243;]<\/p>\n<p>SB-SPK LINE<\/p>\n<p>[\/et_pb_blurb][\/et_pb_column][et_pb_column type=\u00bb1_4&#8243; _builder_version=\u00bb4.21.0&#8243; _module_preset=\u00bbdefault\u00bb global_colors_info=\u00bb{}\u00bb][et_pb_blurb url=\u00bbhttps:\/\/apmedical.it\/es\/productos\/contenedores-de-residuos\/steri-lid\/\u00bb image=\u00bbhttps:\/\/apmedical.it\/wp-content\/uploads\/2023\/06\/STERI-LID.png\u00bb _builder_version=\u00bb4.27.4&#8243; _module_preset=\u00bbdefault\u00bb body_font=\u00bb|700|||||||\u00bb body_text_align=\u00bbcenter\u00bb body_font_size=\u00bb16px\u00bb background_color=\u00bb#f4f4f4&#8243; custom_padding=\u00bb10px||10px||true|false\u00bb link_option_url=\u00bbhttps:\/\/apmedical.it\/es\/productos\/contenedores-de-residuos\/steri-lid\/\u00bb hover_enabled=\u00bb0&#8243; border_radii=\u00bbon|10px|10px|10px|10px\u00bb global_colors_info=\u00bb{}\u00bb background__hover_enabled=\u00bbon|hover\u00bb background_color__hover=\u00bb#f4d0d0&#8243; background_enable_color__hover=\u00bbon\u00bb title_text=\u00bbSTERI LID\u00bb sticky_enabled=\u00bb0&#8243;]<\/p>\n<p>STERI LID<\/p>\n<p>[\/et_pb_blurb][\/et_pb_column][\/et_pb_row][et_pb_row column_structure=\u00bb1_4,1_4,1_4,1_4&#8243; use_custom_gutter=\u00bbon\u00bb gutter_width=\u00bb2&#8243; make_equal=\u00bbon\u00bb _builder_version=\u00bb4.27.4&#8243; _module_preset=\u00bbdefault\u00bb max_width=\u00bb100%\u00bb hover_enabled=\u00bb0&#8243; global_colors_info=\u00bb{}\u00bb custom_padding=\u00bb||||false|false\u00bb custom_padding_last_edited=\u00bbon|phone\u00bb custom_padding_tablet=\u00bb0px||||false|false\u00bb sticky_enabled=\u00bb0&#8243; custom_padding_phone=\u00bb0px||||false|false\u00bb][et_pb_column type=\u00bb1_4&#8243; _builder_version=\u00bb4.21.0&#8243; _module_preset=\u00bbdefault\u00bb global_colors_info=\u00bb{}\u00bb][et_pb_blurb url=\u00bbhttps:\/\/apmedical.it\/es\/productos\/contenedores-de-residuos\/ap-line\/\u00bb image=\u00bbhttps:\/\/apmedical.it\/wp-content\/uploads\/2023\/06\/AP-LINE.png\u00bb _builder_version=\u00bb4.27.4&#8243; _module_preset=\u00bbdefault\u00bb body_font=\u00bb|700|||||||\u00bb body_text_align=\u00bbcenter\u00bb body_font_size=\u00bb16px\u00bb background_color=\u00bb#f4f4f4&#8243; custom_padding=\u00bb10px||10px||true|false\u00bb link_option_url=\u00bbhttps:\/\/apmedical.it\/es\/productos\/contenedores-de-residuos\/ap-line\/\u00bb hover_enabled=\u00bb0&#8243; border_radii=\u00bbon|10px|10px|10px|10px\u00bb global_colors_info=\u00bb{}\u00bb background__hover_enabled=\u00bbon|hover\u00bb background_color__hover=\u00bb#f4d0d0&#8243; background_enable_color__hover=\u00bbon\u00bb title_text=\u00bbAP LINE\u00bb sticky_enabled=\u00bb0&#8243;]<\/p>\n<p>AP LINE<\/p>\n<p>[\/et_pb_blurb][\/et_pb_column][et_pb_column type=\u00bb1_4&#8243; _builder_version=\u00bb4.21.0&#8243; _module_preset=\u00bbdefault\u00bb global_colors_info=\u00bb{}\u00bb][\/et_pb_column][et_pb_column type=\u00bb1_4&#8243; _builder_version=\u00bb4.21.0&#8243; _module_preset=\u00bbdefault\u00bb global_colors_info=\u00bb{}\u00bb][\/et_pb_column][et_pb_column type=\u00bb1_4&#8243; _builder_version=\u00bb4.21.0&#8243; _module_preset=\u00bbdefault\u00bb global_colors_info=\u00bb{}\u00bb][\/et_pb_column][\/et_pb_row][et_pb_row column_structure=\u00bb3_5,2_5&#8243; use_custom_gutter=\u00bbon\u00bb make_equal=\u00bbon\u00bb _builder_version=\u00bb4.21.0&#8243; _module_preset=\u00bbdefault\u00bb max_width=\u00bb100%\u00bb custom_margin=\u00bb0px||||false|false\u00bb custom_padding=\u00bb0px||||false|false\u00bb global_colors_info=\u00bb{}\u00bb][et_pb_column type=\u00bb3_5&#8243; _builder_version=\u00bb4.21.0&#8243; _module_preset=\u00bbdefault\u00bb global_colors_info=\u00bb{}\u00bb][et_pb_text _builder_version=\u00bb4.21.0&#8243; _module_preset=\u00bbdefault\u00bb text_font=\u00bbABeeZee||||||||\u00bb text_font_size=\u00bb16px\u00bb text_line_height=\u00bb1.8em\u00bb width=\u00bb50vw\u00bb width_tablet=\u00bb\u00bb width_phone=\u00bb\u00bb width_last_edited=\u00bbon|phone\u00bb custom_margin=\u00bb||||false|false\u00bb custom_padding=\u00bb0px||||false|false\u00bb locked=\u00bboff\u00bb global_colors_info=\u00bb{}\u00bb]<\/p>\n<p>&nbsp;<\/p>\n<p>Los contenedores WASTE de APmedical ofrecen no solo una gesti\u00f3n eficiente de los residuos, sino tambi\u00e9n una gran competitividad productiva. La empresa se compromete a garantizar la m\u00e1xima calidad y seguridad de sus productos, respondiendo a las necesidades de los profesionales sanitarios de forma fiable.<\/p>\n<p>Adem\u00e1s, APmedical ofrece un servicio personalizado, colaborando estrechamente con los clientes para comprender sus necesidades espec\u00edficas. Esta estrecha colaboraci\u00f3n nos permite ofrecer soluciones a medida que satisfacen las necesidades individuales, asegurando una gesti\u00f3n \u00f3ptima de los residuos hospitalarios.<\/p>\n<p>Los productos de la l\u00ednea de contenedores WASTE de APmedical est\u00e1n certificados seg\u00fan est\u00e1ndares internacionales de calidad, testimonio del compromiso de la empresa con la excelencia y seguridad de sus productos. Elegir contenedores APmedical WASTE significa confiar en una soluci\u00f3n de alta calidad, dise\u00f1ada para garantizar una gesti\u00f3n segura y eficiente de los residuos hospitalarios especiales.<\/p>\n<p>[\/et_pb_text][\/et_pb_column][et_pb_column type=\u00bb2_5&#8243; _builder_version=\u00bb4.21.0&#8243; _module_preset=\u00bbdefault\u00bb global_colors_info=\u00bb{}\u00bb][\/et_pb_column][\/et_pb_row][et_pb_row column_structure=\u00bb3_5,2_5&#8243; use_custom_gutter=\u00bbon\u00bb make_equal=\u00bbon\u00bb _builder_version=\u00bb4.21.0&#8243; _module_preset=\u00bbdefault\u00bb max_width=\u00bb100%\u00bb global_colors_info=\u00bb{}\u00bb][et_pb_column type=\u00bb3_5&#8243; _builder_version=\u00bb4.21.0&#8243; _module_preset=\u00bbdefault\u00bb global_colors_info=\u00bb{}\u00bb][et_pb_text _builder_version=\u00bb4.21.0&#8243; _module_preset=\u00bbdefault\u00bb text_font=\u00bbABeeZee||||||||\u00bb text_font_size=\u00bb16px\u00bb text_line_height=\u00bb1.8em\u00bb width=\u00bb50vw\u00bb width_tablet=\u00bb\u00bb width_phone=\u00bb\u00bb width_last_edited=\u00bbon|phone\u00bb custom_margin=\u00bb||||false|false\u00bb custom_padding=\u00bb0px||||false|false\u00bb locked=\u00bboff\u00bb global_colors_info=\u00bb{}\u00bb]<\/p>\n<p>APmedical entiende la importancia del manejo adecuado de los desechos hospitalarios y se compromete a ofrecer productos que cumplan con los m\u00e1s altos est\u00e1ndares de seguridad. La l\u00ednea de contenedores SHARPS representa el compromiso de la compa\u00f1\u00eda de brindar soluciones confiables y compatibles para garantizar un entorno de trabajo m\u00e1s seguro para los profesionales de la salud.<\/p>\n<p>Al elegir los contenedores SHARPS de APmedical, puede tener la tranquilidad de contar con productos de alta calidad y tecnol\u00f3gicamente avanzados que garantizan la seguridad de quienes los utilizan y contribuyen a la gesti\u00f3n responsable de los residuos hospitalarios.<\/p>\n<p>[\/et_pb_text][\/et_pb_column][et_pb_column type=\u00bb2_5&#8243; _builder_version=\u00bb4.21.0&#8243; _module_preset=\u00bbdefault\u00bb global_colors_info=\u00bb{}\u00bb][\/et_pb_column][\/et_pb_row][\/et_pb_section]<\/p>\n","protected":false},"excerpt":{"rendered":"<p>Waste Containers<nav aria-label=\"breadcrumbs\" class=\"rank-math-breadcrumb\"><p><span class=\"last\">Home<\/span><\/p><\/nav>La l\u00ednea de contenedores APmedical WASTE representa una amplia gama de contenedores especialmente dise\u00f1ados para la eliminaci\u00f3n segura de residuos hospitalarios especiales. Estos contenedores est\u00e1n fabricados con materiales de primera calidad, garantizando la m\u00e1xima calidad y seguridad seg\u00fan rigurosos est\u00e1ndares de la industria. APmedical se compromete a ofrecer soluciones personalizadas para las diferentes necesidades [&hellip;]<\/p>\n","protected":false},"author":1,"featured_media":0,"parent":17422,"menu_order":0,"comment_status":"closed","ping_status":"closed","template":"","meta":{"_et_pb_use_builder":"on","_et_pb_old_content":"","_et_gb_content_width":"","footnotes":""},"class_list":["post-17942","page","type-page","status-publish","hentry"],"_links":{"self":[{"href":"https:\/\/apmedical.it\/es\/wp-json\/wp\/v2\/pages\/17942","targetHints":{"allow":["GET"]}}],"collection":[{"href":"https:\/\/apmedical.it\/es\/wp-json\/wp\/v2\/pages"}],"about":[{"href":"https:\/\/apmedical.it\/es\/wp-json\/wp\/v2\/types\/page"}],"author":[{"embeddable":true,"href":"https:\/\/apmedical.it\/es\/wp-json\/wp\/v2\/users\/1"}],"replies":[{"embeddable":true,"href":"https:\/\/apmedical.it\/es\/wp-json\/wp\/v2\/comments?post=17942"}],"version-history":[{"count":10,"href":"https:\/\/apmedical.it\/es\/wp-json\/wp\/v2\/pages\/17942\/revisions"}],"predecessor-version":[{"id":19972,"href":"https:\/\/apmedical.it\/es\/wp-json\/wp\/v2\/pages\/17942\/revisions\/19972"}],"up":[{"embeddable":true,"href":"https:\/\/apmedical.it\/es\/wp-json\/wp\/v2\/pages\/17422"}],"wp:attachment":[{"href":"https:\/\/apmedical.it\/es\/wp-json\/wp\/v2\/media?parent=17942"}],"curies":[{"name":"wp","href":"https:\/\/api.w.org\/{rel}","templated":true}]}}