{"id":17898,"date":"2023-06-14T15:29:17","date_gmt":"2023-06-14T13:29:17","guid":{"rendered":"http:\/\/apmedical.it\/productos\/contenedores-de-objetos-punzocortantes\/"},"modified":"2025-08-07T18:35:23","modified_gmt":"2025-08-07T16:35:23","slug":"contenedores-de-objetos-punzocortantes","status":"publish","type":"page","link":"https:\/\/apmedical.it\/es\/productos\/contenedores-de-objetos-punzocortantes\/","title":{"rendered":"Sharps Containers"},"content":{"rendered":"<p>[et_pb_section fb_built=\u00bb1&#8243; specialty=\u00bbon\u00bb _builder_version=\u00bb4.21.0&#8243; _module_preset=\u00bbdefault\u00bb background_enable_image=\u00bboff\u00bb width=\u00bb100%\u00bb max_width=\u00bb100%\u00bb inner_width=\u00bb80%\u00bb inner_max_width=\u00bb100%\u00bb custom_margin=\u00bb||0px||false|false\u00bb custom_padding=\u00bb||0px||false|false\u00bb global_colors_info=\u00bb{}\u00bb][et_pb_column type=\u00bb2_3&#8243; specialty_columns=\u00bb2&#8243; _builder_version=\u00bb4.16&#8243; custom_padding=\u00bb|||\u00bb global_colors_info=\u00bb{}\u00bb custom_padding__hover=\u00bb|||\u00bb][et_pb_row_inner _builder_version=\u00bb4.27.4&#8243; _module_preset=\u00bbdefault\u00bb width=\u00bb19vw\u00bb width_tablet=\u00bb48vw\u00bb width_phone=\u00bb310px\u00bb width_last_edited=\u00bbon|phone\u00bb custom_padding=\u00bb0px||0px||false|false\u00bb global_colors_info=\u00bb{}\u00bb][et_pb_column_inner saved_specialty_column_type=\u00bb2_3&#8243; _builder_version=\u00bb4.27.4&#8243; _module_preset=\u00bbdefault\u00bb background_color=\u00bb#f6f4f3&#8243; custom_padding=\u00bb100px|40px|100px|40px|true|true\u00bb border_radii=\u00bbon|200px|200px|200px|200px\u00bb border_radii_tablet=\u00bbon|200px|200px|200px|200px\u00bb border_radii_phone=\u00bbon|100px|100px|100px|100px\u00bb border_radii_last_edited=\u00bbon|phone\u00bb global_colors_info=\u00bb{}\u00bb][et_pb_text _builder_version=\u00bb4.21.0&#8243; _module_preset=\u00bbdefault\u00bb text_text_color=\u00bb#FFFFFF\u00bb header_font=\u00bbABeeZee||||||||\u00bb header_text_color=\u00bb#494544&#8243; header_font_size=\u00bb54px\u00bb custom_margin=\u00bb||-10px||false|false\u00bb custom_padding=\u00bb||0px||false|false\u00bb header_font_size_tablet=\u00bb54px\u00bb header_font_size_phone=\u00bb40px\u00bb header_font_size_last_edited=\u00bbon|phone\u00bb global_colors_info=\u00bb{}\u00bb]<\/p>\n<h1>Sharps Containers<\/h1>\n<p>[\/et_pb_text][et_pb_text hide_aria_element=\u00bbon\u00bb _builder_version=\u00bb4.27.4&#8243; _module_preset=\u00bbdefault\u00bb text_font=\u00bbABeeZee||||||||\u00bb text_text_color=\u00bb#494544&#8243; link_font=\u00bbABeeZee||||||||\u00bb link_text_color=\u00bb#d71921&#8243; global_module=\u00bb15214&#8243; saved_tabs=\u00bball\u00bb global_colors_info=\u00bb{}\u00bb]<\/p>\n<p><span><nav aria-label=\"breadcrumbs\" class=\"rank-math-breadcrumb\"><p><span class=\"last\">Home<\/span><\/p><\/nav><\/span><\/p>\n<p>[\/et_pb_text][et_pb_image src=\u00bbhttps:\/\/apmedical.it\/wp-content\/uploads\/2023\/05\/separatore-rosso-corto.png\u00bb title_text=\u00bbseparador-rojo-corto\u00bb _builder_version=\u00bb4.21.0&#8243; _module_preset=\u00bbdefault\u00bb custom_padding=\u00bb0px||||false|false\u00bb custom_padding_tablet=\u00bb0px||||false|false\u00bb custom_padding_phone=\u00bb0px||||false|false\u00bb custom_padding_last_edited=\u00bbon|phone\u00bb locked=\u00bboff\u00bb global_colors_info=\u00bb{}\u00bb][\/et_pb_image][\/et_pb_column_inner][\/et_pb_row_inner][et_pb_row_inner _builder_version=\u00bb4.27.4&#8243; _module_preset=\u00bbdefault\u00bb custom_margin=\u00bb30px||0px||false|false\u00bb custom_padding=\u00bb||0px||false|false\u00bb global_colors_info=\u00bb{}\u00bb][et_pb_column_inner saved_specialty_column_type=\u00bb2_3&#8243; _builder_version=\u00bb4.21.0&#8243; _module_preset=\u00bbdefault\u00bb global_colors_info=\u00bb{}\u00bb][et_pb_text _builder_version=\u00bb4.21.0&#8243; _module_preset=\u00bbdefault\u00bb text_font=\u00bbABeeZee||||||||\u00bb text_font_size=\u00bb16px\u00bb text_line_height=\u00bb1.8em\u00bb custom_margin=\u00bb||0px||false|false\u00bb custom_padding=\u00bb0px||0px||false|false\u00bb locked=\u00bboff\u00bb global_colors_info=\u00bb{}\u00bb]<\/p>\n<p>La l\u00ednea de contenedores APmedical SHARPS ofrece una gama completa de contenedores especialmente dise\u00f1ados para la recolecci\u00f3n y eliminaci\u00f3n segura de objetos punzantes utilizados en el campo m\u00e9dico. Estos contenedores est\u00e1n equipados con caracter\u00edsticas de seguridad avanzadas para proteger a los trabajadores de la salud y evitar lesiones accidentales.<\/p>\n<p>Con tapas a prueba de manipulaciones y sistemas de cierre fiables, los contenedores SHARPS de APmedical ofrecen una soluci\u00f3n segura y eficaz para la gesti\u00f3n de residuos hospitalarios. Cada aspecto de su dise\u00f1o se ha considerado cuidadosamente para garantizar la m\u00e1xima protecci\u00f3n al manipular, transportar y desechar objetos afilados.<\/p>\n<p>[\/et_pb_text][\/et_pb_column_inner][\/et_pb_row_inner][\/et_pb_column][et_pb_column type=\u00bb1_3&#8243; _builder_version=\u00bb4.16&#8243; custom_padding=\u00bb|||\u00bb global_colors_info=\u00bb{}\u00bb custom_padding__hover=\u00bb|||\u00bb][et_pb_image src=\u00bbhttps:\/\/apmedical.it\/wp-content\/uploads\/2023\/06\/DAILY-7-190-x-190-x-H-320-mm.jpg\u00bb title_text=\u00bbDAILY 7 190 x 190 x H 320 mm\u00bb disabled_on=\u00bbon|on|off\u00bb _builder_version=\u00bb4.21.0&#8243; _module_preset=\u00bbdefault\u00bb animation_style=\u00bbslide\u00bb border_radii=\u00bbon|20px|20px|20px|20px\u00bb global_colors_info=\u00bb{}\u00bb][\/et_pb_image][\/et_pb_column][\/et_pb_section][et_pb_section fb_built=\u00bb1&#8243; _builder_version=\u00bb4.27.4&#8243; _module_preset=\u00bbdefault\u00bb background_enable_image=\u00bboff\u00bb custom_padding=\u00bb20px||||false|false\u00bb locked=\u00bboff\u00bb global_colors_info=\u00bb{}\u00bb][et_pb_row column_structure=\u00bb1_4,1_4,1_4,1_4&#8243; use_custom_gutter=\u00bbon\u00bb gutter_width=\u00bb2&#8243; make_equal=\u00bbon\u00bb _builder_version=\u00bb4.27.4&#8243; _module_preset=\u00bbdefault\u00bb max_width=\u00bb100%\u00bb global_colors_info=\u00bb{}\u00bb][et_pb_column type=\u00bb1_4&#8243; _builder_version=\u00bb4.21.0&#8243; _module_preset=\u00bbdefault\u00bb global_colors_info=\u00bb{}\u00bb][et_pb_blurb url=\u00bbhttps:\/\/apmedical.it\/es\/productos\/contenedores-de-objetos-punzocortantes\/cs-line\/\u00bb image=\u00bbhttps:\/\/apmedical.it\/wp-content\/uploads\/2023\/06\/CS-LINE.png\u00bb _builder_version=\u00bb4.27.4&#8243; _module_preset=\u00bbdefault\u00bb body_font=\u00bb|700|||||||\u00bb body_text_align=\u00bbcenter\u00bb body_font_size=\u00bb16px\u00bb background_color=\u00bb#f4f4f4&#8243; custom_margin=\u00bb||||false|false\u00bb custom_margin_phone=\u00bb||||false|false\u00bb custom_margin_last_edited=\u00bboff|phone\u00bb custom_padding=\u00bb10px||10px||true|false\u00bb link_option_url=\u00bbhttps:\/\/apmedical.it\/es\/productos\/contenedores-de-objetos-punzocortantes\/cs-line\/\u00bb border_radii=\u00bbon|10px|10px|10px|10px\u00bb global_colors_info=\u00bb{}\u00bb background__hover_enabled=\u00bbon|hover\u00bb background_color__hover=\u00bb#f4d0d0&#8243; background_enable_color__hover=\u00bbon\u00bb]<\/p>\n<p>CS LINE<\/p>\n<p>[\/et_pb_blurb][\/et_pb_column][et_pb_column type=\u00bb1_4&#8243; _builder_version=\u00bb4.21.0&#8243; _module_preset=\u00bbdefault\u00bb global_colors_info=\u00bb{}\u00bb][et_pb_blurb url=\u00bbhttps:\/\/apmedical.it\/es\/productos\/contenedores-de-objetos-punzocortantes\/cs-plus-line\/\u00bb image=\u00bbhttps:\/\/apmedical.it\/wp-content\/uploads\/2023\/06\/CS-PLUS-LINE.png\u00bb _builder_version=\u00bb4.27.4&#8243; _module_preset=\u00bbdefault\u00bb body_font=\u00bb|700|||||||\u00bb body_text_align=\u00bbcenter\u00bb body_font_size=\u00bb16px\u00bb background_color=\u00bb#f4f4f4&#8243; custom_padding=\u00bb10px||10px||true|false\u00bb link_option_url=\u00bbhttps:\/\/apmedical.it\/es\/productos\/contenedores-de-objetos-punzocortantes\/cs-plus-line\/\u00bb border_radii=\u00bbon|10px|10px|10px|10px\u00bb global_colors_info=\u00bb{}\u00bb background__hover_enabled=\u00bbon|hover\u00bb background_color__hover=\u00bb#f4d0d0&#8243; background_enable_color__hover=\u00bbon\u00bb]<\/p>\n<p>CS PLUS LINE<\/p>\n<p>[\/et_pb_blurb][\/et_pb_column][et_pb_column type=\u00bb1_4&#8243; _builder_version=\u00bb4.21.0&#8243; _module_preset=\u00bbdefault\u00bb global_colors_info=\u00bb{}\u00bb][et_pb_blurb url=\u00bbhttps:\/\/apmedical.it\/es\/productos\/contenedores-de-objetos-punzocortantes\/magnum-line\/\u00bb image=\u00bbhttps:\/\/apmedical.it\/wp-content\/uploads\/2023\/06\/MAGNUM-LINE.png\u00bb _builder_version=\u00bb4.27.4&#8243; _module_preset=\u00bbdefault\u00bb body_font=\u00bb|700|||||||\u00bb body_text_align=\u00bbcenter\u00bb body_font_size=\u00bb16px\u00bb background_color=\u00bb#f4f4f4&#8243; custom_padding=\u00bb10px||10px||true|false\u00bb link_option_url=\u00bbhttps:\/\/apmedical.it\/es\/productos\/contenedores-de-objetos-punzocortantes\/magnum-line\/\u00bb border_radii=\u00bbon|10px|10px|10px|10px\u00bb global_colors_info=\u00bb{}\u00bb background__hover_enabled=\u00bbon|hover\u00bb background_color__hover=\u00bb#f4d0d0&#8243; background_enable_color__hover=\u00bbon\u00bb]<\/p>\n<p>MAGNUM LINE<\/p>\n<p>[\/et_pb_blurb][\/et_pb_column][et_pb_column type=\u00bb1_4&#8243; _builder_version=\u00bb4.21.0&#8243; _module_preset=\u00bbdefault\u00bb global_colors_info=\u00bb{}\u00bb][et_pb_blurb url=\u00bbhttps:\/\/apmedical.it\/es\/productos\/contenedores-de-objetos-punzocortantes\/dispo-line\/\u00bb image=\u00bbhttps:\/\/apmedical.it\/wp-content\/uploads\/2023\/06\/DISPO-LINE.png\u00bb _builder_version=\u00bb4.27.4&#8243; _module_preset=\u00bbdefault\u00bb body_font=\u00bb|700|||||||\u00bb body_text_align=\u00bbcenter\u00bb body_font_size=\u00bb16px\u00bb background_color=\u00bb#f4f4f4&#8243; custom_padding=\u00bb10px||10px||true|false\u00bb link_option_url=\u00bbhttps:\/\/apmedical.it\/es\/productos\/contenedores-de-objetos-punzocortantes\/dispo-line\/\u00bb border_radii=\u00bbon|10px|10px|10px|10px\u00bb global_colors_info=\u00bb{}\u00bb background__hover_enabled=\u00bbon|hover\u00bb background_color__hover=\u00bb#f4d0d0&#8243; background_enable_color__hover=\u00bbon\u00bb]<\/p>\n<p>DISPO LINE<\/p>\n<p>[\/et_pb_blurb][\/et_pb_column][\/et_pb_row][et_pb_row column_structure=\u00bb1_4,1_4,1_4,1_4&#8243; use_custom_gutter=\u00bbon\u00bb gutter_width=\u00bb2&#8243; make_equal=\u00bbon\u00bb _builder_version=\u00bb4.27.4&#8243; _module_preset=\u00bbdefault\u00bb max_width=\u00bb100%\u00bb hover_enabled=\u00bb0&#8243; global_colors_info=\u00bb{}\u00bb custom_padding_last_edited=\u00bbon|tablet\u00bb custom_padding_tablet=\u00bb0px||||false|false\u00bb sticky_enabled=\u00bb0&#8243; custom_padding_phone=\u00bb0px||||false|false\u00bb][et_pb_column type=\u00bb1_4&#8243; _builder_version=\u00bb4.21.0&#8243; _module_preset=\u00bbdefault\u00bb global_colors_info=\u00bb{}\u00bb][et_pb_blurb url=\u00bbhttps:\/\/apmedical.it\/es\/productos\/contenedores-de-objetos-punzocortantes\/daily-line\/\u00bb image=\u00bbhttps:\/\/apmedical.it\/wp-content\/uploads\/2023\/06\/DAILY-LINE.png\u00bb _builder_version=\u00bb4.27.4&#8243; _module_preset=\u00bbdefault\u00bb body_font=\u00bb|700|||||||\u00bb body_text_align=\u00bbcenter\u00bb body_font_size=\u00bb16px\u00bb background_color=\u00bb#f4f4f4&#8243; custom_padding=\u00bb10px||10px||true|false\u00bb link_option_url=\u00bbhttps:\/\/apmedical.it\/es\/productos\/contenedores-de-objetos-punzocortantes\/daily-line\/\u00bb border_radii=\u00bbon|10px|10px|10px|10px\u00bb global_colors_info=\u00bb{}\u00bb background__hover_enabled=\u00bbon|hover\u00bb background_color__hover=\u00bb#f4d0d0&#8243; background_enable_color__hover=\u00bbon\u00bb]<\/p>\n<p>DAILY LINE<\/p>\n<p>[\/et_pb_blurb][\/et_pb_column][et_pb_column type=\u00bb1_4&#8243; _builder_version=\u00bb4.21.0&#8243; _module_preset=\u00bbdefault\u00bb global_colors_info=\u00bb{}\u00bb][et_pb_blurb url=\u00bbhttps:\/\/apmedical.it\/es\/productos\/contenedores-de-objetos-punzocortantes\/pbs-line\/\u00bb image=\u00bbhttps:\/\/apmedical.it\/wp-content\/uploads\/2023\/06\/PBS-LINE.png\u00bb _builder_version=\u00bb4.27.4&#8243; _module_preset=\u00bbdefault\u00bb body_font=\u00bb|700|||||||\u00bb body_text_align=\u00bbcenter\u00bb body_font_size=\u00bb16px\u00bb background_color=\u00bb#f4f4f4&#8243; custom_padding=\u00bb10px||10px||true|false\u00bb link_option_url=\u00bbhttps:\/\/apmedical.it\/es\/productos\/contenedores-de-objetos-punzocortantes\/pbs-line\/\u00bb border_radii=\u00bbon|10px|10px|10px|10px\u00bb global_colors_info=\u00bb{}\u00bb background__hover_enabled=\u00bbon|hover\u00bb background_color__hover=\u00bb#f4d0d0&#8243; background_enable_color__hover=\u00bbon\u00bb]<\/p>\n<p>PBS LINE<\/p>\n<p>[\/et_pb_blurb][\/et_pb_column][et_pb_column type=\u00bb1_4&#8243; _builder_version=\u00bb4.21.0&#8243; _module_preset=\u00bbdefault\u00bb global_colors_info=\u00bb{}\u00bb][et_pb_blurb url=\u00bbhttps:\/\/apmedical.it\/es\/productos\/contenedores-de-objetos-punzocortantes\/easy-line\/\u00bb image=\u00bbhttps:\/\/apmedical.it\/wp-content\/uploads\/2023\/06\/EASY-LINE.png\u00bb _builder_version=\u00bb4.27.4&#8243; _module_preset=\u00bbdefault\u00bb body_font=\u00bb|700|||||||\u00bb body_text_align=\u00bbcenter\u00bb body_font_size=\u00bb16px\u00bb background_color=\u00bb#f4f4f4&#8243; custom_padding=\u00bb10px||10px||true|false\u00bb link_option_url=\u00bbhttps:\/\/apmedical.it\/es\/productos\/contenedores-de-objetos-punzocortantes\/easy-line\/\u00bb border_radii=\u00bbon|10px|10px|10px|10px\u00bb global_colors_info=\u00bb{}\u00bb background__hover_enabled=\u00bbon|hover\u00bb background_color__hover=\u00bb#f4d0d0&#8243; background_enable_color__hover=\u00bbon\u00bb]<\/p>\n<p>EASY LINE<\/p>\n<p>[\/et_pb_blurb][\/et_pb_column][et_pb_column type=\u00bb1_4&#8243; _builder_version=\u00bb4.21.0&#8243; _module_preset=\u00bbdefault\u00bb global_colors_info=\u00bb{}\u00bb][et_pb_blurb url=\u00bbhttps:\/\/apmedical.it\/es\/productos\/contenedores-de-objetos-punzocortantes\/pocket-line\/\u00bb image=\u00bbhttps:\/\/apmedical.it\/wp-content\/uploads\/2023\/06\/POCKET-LINE.png\u00bb _builder_version=\u00bb4.27.4&#8243; _module_preset=\u00bbdefault\u00bb body_font=\u00bb|700|||||||\u00bb body_text_align=\u00bbcenter\u00bb body_font_size=\u00bb16px\u00bb background_color=\u00bb#f4f4f4&#8243; custom_padding=\u00bb10px||10px||true|false\u00bb link_option_url=\u00bbhttps:\/\/apmedical.it\/es\/productos\/contenedores-de-objetos-punzocortantes\/pocket-line\/\u00bb border_radii=\u00bbon|10px|10px|10px|10px\u00bb global_colors_info=\u00bb{}\u00bb background__hover_enabled=\u00bbon|hover\u00bb background_color__hover=\u00bb#f4d0d0&#8243; background_enable_color__hover=\u00bbon\u00bb]<\/p>\n<p>POCKET LINE<\/p>\n<p>[\/et_pb_blurb][\/et_pb_column][\/et_pb_row][et_pb_row column_structure=\u00bb1_4,1_4,1_4,1_4&#8243; use_custom_gutter=\u00bbon\u00bb gutter_width=\u00bb2&#8243; make_equal=\u00bbon\u00bb _builder_version=\u00bb4.27.4&#8243; _module_preset=\u00bbdefault\u00bb max_width=\u00bb100%\u00bb hover_enabled=\u00bb0&#8243; global_colors_info=\u00bb{}\u00bb custom_padding_last_edited=\u00bbon|tablet\u00bb custom_padding_tablet=\u00bb0px||||false|false\u00bb sticky_enabled=\u00bb0&#8243; custom_padding_phone=\u00bb0px||||false|false\u00bb][et_pb_column type=\u00bb1_4&#8243; _builder_version=\u00bb4.21.0&#8243; _module_preset=\u00bbdefault\u00bb global_colors_info=\u00bb{}\u00bb][et_pb_blurb url=\u00bbhttps:\/\/apmedical.it\/es\/productos\/contenedores-de-objetos-punzocortantes\/nursy-line\/\u00bb image=\u00bbhttps:\/\/apmedical.it\/wp-content\/uploads\/2023\/06\/NURSY-LINE.png\u00bb _builder_version=\u00bb4.27.4&#8243; _module_preset=\u00bbdefault\u00bb body_font=\u00bb|700|||||||\u00bb body_text_align=\u00bbcenter\u00bb body_font_size=\u00bb16px\u00bb background_color=\u00bb#f4f4f4&#8243; height=\u00bb370px\u00bb height_tablet=\u00bb370px\u00bb height_phone=\u00bb370px\u00bb height_last_edited=\u00bbon|desktop\u00bb custom_padding=\u00bb60px||60px||true|false\u00bb link_option_url=\u00bbhttps:\/\/apmedical.it\/es\/productos\/contenedores-de-objetos-punzocortantes\/nursy-line\/\u00bb border_radii=\u00bbon|10px|10px|10px|10px\u00bb global_colors_info=\u00bb{}\u00bb background__hover_enabled=\u00bbon|hover\u00bb background_color__hover=\u00bb#f4d0d0&#8243; background_enable_color__hover=\u00bbon\u00bb]<\/p>\n<p>NURSY LINE<\/p>\n<p>[\/et_pb_blurb][\/et_pb_column][et_pb_column type=\u00bb1_4&#8243; _builder_version=\u00bb4.21.0&#8243; _module_preset=\u00bbdefault\u00bb global_colors_info=\u00bb{}\u00bb][et_pb_blurb url=\u00bbhttps:\/\/apmedical.it\/es\/productos\/contenedores-de-objetos-punzocortantes\/bs-line\/\u00bb image=\u00bbhttps:\/\/apmedical.it\/wp-content\/uploads\/2023\/06\/BS-LINE.png\u00bb _builder_version=\u00bb4.27.4&#8243; _module_preset=\u00bbdefault\u00bb body_font=\u00bb|700|||||||\u00bb body_text_align=\u00bbcenter\u00bb body_font_size=\u00bb16px\u00bb background_color=\u00bb#f4f4f4&#8243; custom_padding=\u00bb10px||10px||true|false\u00bb link_option_url=\u00bbhttps:\/\/apmedical.it\/es\/productos\/contenedores-de-objetos-punzocortantes\/bs-line\/\u00bb border_radii=\u00bbon|10px|10px|10px|10px\u00bb global_colors_info=\u00bb{}\u00bb background__hover_enabled=\u00bbon|hover\u00bb background_color__hover=\u00bb#f4d0d0&#8243; background_enable_color__hover=\u00bbon\u00bb]<\/p>\n<p>BS LINE<\/p>\n<p>[\/et_pb_blurb][\/et_pb_column][et_pb_column type=\u00bb1_4&#8243; _builder_version=\u00bb4.21.0&#8243; _module_preset=\u00bbdefault\u00bb global_colors_info=\u00bb{}\u00bb][et_pb_blurb url=\u00bbhttps:\/\/apmedical.it\/es\/productos\/contenedores-de-objetos-punzocortantes\/5-4-quarts-line\/\u00bb image=\u00bbhttps:\/\/apmedical.it\/wp-content\/uploads\/2023\/06\/5_4qt-LINE.png\u00bb _builder_version=\u00bb4.27.4&#8243; _module_preset=\u00bbdefault\u00bb body_font=\u00bb|700|||||||\u00bb body_text_align=\u00bbcenter\u00bb body_font_size=\u00bb16px\u00bb background_color=\u00bb#f4f4f4&#8243; height=\u00bb370px\u00bb height_tablet=\u00bb370px\u00bb height_phone=\u00bb370px\u00bb height_last_edited=\u00bbon|desktop\u00bb custom_padding=\u00bb60px||60px||true|false\u00bb link_option_url=\u00bbhttps:\/\/apmedical.it\/es\/productos\/contenedores-de-objetos-punzocortantes\/5-4-quarts-line\/\u00bb border_radii=\u00bbon|10px|10px|10px|10px\u00bb global_colors_info=\u00bb{}\u00bb background__hover_enabled=\u00bbon|hover\u00bb background_color__hover=\u00bb#f4d0d0&#8243; background_enable_color__hover=\u00bbon\u00bb]<\/p>\n<p>5.4 QUARTS LINE<\/p>\n<p>[\/et_pb_blurb][\/et_pb_column][et_pb_column type=\u00bb1_4&#8243; _builder_version=\u00bb4.21.0&#8243; _module_preset=\u00bbdefault\u00bb global_colors_info=\u00bb{}\u00bb][\/et_pb_column][\/et_pb_row][et_pb_row column_structure=\u00bb3_5,2_5&#8243; use_custom_gutter=\u00bbon\u00bb make_equal=\u00bbon\u00bb _builder_version=\u00bb4.21.0&#8243; _module_preset=\u00bbdefault\u00bb max_width=\u00bb100%\u00bb global_colors_info=\u00bb{}\u00bb][et_pb_column type=\u00bb3_5&#8243; _builder_version=\u00bb4.21.0&#8243; _module_preset=\u00bbdefault\u00bb global_colors_info=\u00bb{}\u00bb][et_pb_text _builder_version=\u00bb4.21.0&#8243; _module_preset=\u00bbdefault\u00bb text_font=\u00bbABeeZee||||||||\u00bb text_font_size=\u00bb16px\u00bb text_line_height=\u00bb1.8em\u00bb width=\u00bb50vw\u00bb width_tablet=\u00bb\u00bb width_phone=\u00bb\u00bb width_last_edited=\u00bbon|phone\u00bb custom_margin=\u00bb||||false|false\u00bb custom_padding=\u00bb0px||||false|false\u00bb locked=\u00bboff\u00bb global_colors_info=\u00bb{}\u00bb]<\/p>\n<p>APmedical entiende la importancia del manejo adecuado de los desechos hospitalarios y se compromete a ofrecer productos que cumplan con los m\u00e1s altos est\u00e1ndares de seguridad. La l\u00ednea de contenedores SHARPS representa el compromiso de la compa\u00f1\u00eda de brindar soluciones confiables y compatibles para garantizar un entorno de trabajo m\u00e1s seguro para los profesionales de la salud.<\/p>\n<p>Al elegir los contenedores SHARPS de APmedical, puede tener la tranquilidad de contar con productos de alta calidad y tecnol\u00f3gicamente avanzados que garantizan la seguridad de quienes los utilizan y contribuyen a la gesti\u00f3n responsable de los residuos hospitalarios.<\/p>\n<p>[\/et_pb_text][\/et_pb_column][et_pb_column type=\u00bb2_5&#8243; _builder_version=\u00bb4.21.0&#8243; _module_preset=\u00bbdefault\u00bb global_colors_info=\u00bb{}\u00bb][\/et_pb_column][\/et_pb_row][\/et_pb_section]<\/p>\n","protected":false},"excerpt":{"rendered":"<p>Sharps Containers<nav aria-label=\"breadcrumbs\" class=\"rank-math-breadcrumb\"><p><span class=\"last\">Home<\/span><\/p><\/nav> La l\u00ednea de contenedores APmedical SHARPS ofrece una gama completa de contenedores especialmente dise\u00f1ados para la recolecci\u00f3n y eliminaci\u00f3n segura de objetos punzantes utilizados en el campo m\u00e9dico. Estos contenedores est\u00e1n equipados con caracter\u00edsticas de seguridad avanzadas para proteger a los trabajadores de la salud y evitar lesiones accidentales. Con tapas a prueba [&hellip;]<\/p>\n","protected":false},"author":1,"featured_media":0,"parent":17422,"menu_order":0,"comment_status":"closed","ping_status":"closed","template":"","meta":{"_et_pb_use_builder":"on","_et_pb_old_content":"","_et_gb_content_width":"","footnotes":""},"class_list":["post-17898","page","type-page","status-publish","hentry"],"_links":{"self":[{"href":"https:\/\/apmedical.it\/es\/wp-json\/wp\/v2\/pages\/17898","targetHints":{"allow":["GET"]}}],"collection":[{"href":"https:\/\/apmedical.it\/es\/wp-json\/wp\/v2\/pages"}],"about":[{"href":"https:\/\/apmedical.it\/es\/wp-json\/wp\/v2\/types\/page"}],"author":[{"embeddable":true,"href":"https:\/\/apmedical.it\/es\/wp-json\/wp\/v2\/users\/1"}],"replies":[{"embeddable":true,"href":"https:\/\/apmedical.it\/es\/wp-json\/wp\/v2\/comments?post=17898"}],"version-history":[{"count":10,"href":"https:\/\/apmedical.it\/es\/wp-json\/wp\/v2\/pages\/17898\/revisions"}],"predecessor-version":[{"id":19940,"href":"https:\/\/apmedical.it\/es\/wp-json\/wp\/v2\/pages\/17898\/revisions\/19940"}],"up":[{"embeddable":true,"href":"https:\/\/apmedical.it\/es\/wp-json\/wp\/v2\/pages\/17422"}],"wp:attachment":[{"href":"https:\/\/apmedical.it\/es\/wp-json\/wp\/v2\/media?parent=17898"}],"curies":[{"name":"wp","href":"https:\/\/api.w.org\/{rel}","templated":true}]}}