{"id":17882,"date":"2023-06-15T21:11:49","date_gmt":"2023-06-15T19:11:49","guid":{"rendered":"http:\/\/apmedical.it\/home\/"},"modified":"2024-07-24T18:53:27","modified_gmt":"2024-07-24T16:53:27","slug":"home","status":"publish","type":"page","link":"https:\/\/apmedical.it\/es\/","title":{"rendered":"Home"},"content":{"rendered":"<p>[et_pb_section fb_built=\u00bb1&#8243; make_equal=\u00bbon\u00bb use_custom_gutter=\u00bbon\u00bb gutter_width=\u00bb1&#8243; specialty=\u00bbon\u00bb custom_padding_last_edited=\u00bboff|desktop\u00bb next_background_color=\u00bb#f9f9f9&#8243; parallax_2=\u00bbon\u00bb _builder_version=\u00bb4.27.0&#8243; _module_preset=\u00bbdefault\u00bb inner_width=\u00bb100%\u00bb inner_max_width=\u00bb100%\u00bb custom_margin=\u00bb0px||||false|false\u00bb custom_padding=\u00bb0px||90px||false|false\u00bb custom_padding_tablet=\u00bb||180px||false|false\u00bb custom_padding_phone=\u00bb||180px||false|false\u00bb bottom_divider_style=\u00bbwaves2&#8243; hover_enabled=\u00bb0&#8243; global_colors_info=\u00bb{}\u00bb sticky_enabled=\u00bb0&#8243;][et_pb_column type=\u00bb1_2&#8243; specialty_columns=\u00bb2&#8243; _builder_version=\u00bb4.16&#8243; custom_padding=\u00bb|||\u00bb global_colors_info=\u00bb{}\u00bb custom_padding__hover=\u00bb|||\u00bb][et_pb_row_inner _builder_version=\u00bb4.21.0&#8243; _module_preset=\u00bbdefault\u00bb background_image=\u00bbhttps:\/\/apmedical.it\/wp-content\/uploads\/2023\/06\/sfondo-dark400x400.jpg\u00bb background_size=\u00bbinitial\u00bb background_repeat=\u00bbrepeat\u00bb width=\u00bb76%\u00bb module_alignment=\u00bbleft\u00bb custom_padding=\u00bb0px||0px||false|false\u00bb border_radii=\u00bboff||400px|400px|\u00bb global_colors_info=\u00bb{}\u00bb][et_pb_column_inner saved_specialty_column_type=\u00bb1_2&#8243; _builder_version=\u00bb4.21.0&#8243; _module_preset=\u00bbdefault\u00bb global_colors_info=\u00bb{}\u00bb][et_pb_text _builder_version=\u00bb4.27.0&#8243; _module_preset=\u00bbdefault\u00bb text_text_color=\u00bb#FFFFFF\u00bb header_font=\u00bbABeeZee||||||||\u00bb header_text_color=\u00bb#494544&#8243; header_font_size=\u00bb90px\u00bb background_enable_image=\u00bboff\u00bb background_size=\u00bbinitial\u00bb background_repeat=\u00bbrepeat\u00bb positioning=\u00bbrelative\u00bb width=\u00bb22vw\u00bb width_tablet=\u00bb48vw\u00bb width_phone=\u00bb60vw\u00bb width_last_edited=\u00bbon|phone\u00bb max_width_last_edited=\u00bboff|desktop\u00bb module_alignment=\u00bbcenter\u00bb custom_margin=\u00bb||||false|false\u00bb custom_margin_tablet=\u00bb||||false|false\u00bb custom_margin_phone=\u00bb||||false|false\u00bb custom_margin_last_edited=\u00bbon|desktop\u00bb custom_padding=\u00bb5vw||5vw|3vw|true|false\u00bb custom_padding_tablet=\u00bb|||3vw|true|false\u00bb custom_padding_phone=\u00bb5vw||5vw|3vw|true|false\u00bb custom_padding_last_edited=\u00bbon|desktop\u00bb header_font_size_tablet=\u00bb80px\u00bb header_font_size_phone=\u00bb54px\u00bb header_font_size_last_edited=\u00bbon|desktop\u00bb border_radii=\u00bboff||400px|400px|\u00bb locked=\u00bboff\u00bb global_colors_info=\u00bb{}\u00bb]<\/p>\n<h1>Your<br \/>Safety<br \/>Choice<\/h1>\n<p>[\/et_pb_text][\/et_pb_column_inner][\/et_pb_row_inner][et_pb_row_inner _builder_version=\u00bb4.21.0&#8243; _module_preset=\u00bbdefault\u00bb global_colors_info=\u00bb{}\u00bb][et_pb_column_inner saved_specialty_column_type=\u00bb1_2&#8243; _builder_version=\u00bb4.21.0&#8243; _module_preset=\u00bbdefault\u00bb global_colors_info=\u00bb{}\u00bb][et_pb_text _builder_version=\u00bb4.21.0&#8243; _module_preset=\u00bbdefault\u00bb text_font=\u00bbABeeZee||||||||\u00bb text_font_size=\u00bb18px\u00bb text_line_height=\u00bb1.8em\u00bb width_phone=\u00bb50vw\u00bb width_last_edited=\u00bboff|tablet\u00bb custom_margin=\u00bb||||false|false\u00bb custom_padding=\u00bb|5vw||5vw|false|true\u00bb custom_padding_tablet=\u00bb|20vw||5vw|false|false\u00bb custom_padding_phone=\u00bb|5vw||5vw|false|true\u00bb custom_padding_last_edited=\u00bbon|desktop\u00bb text_font_size_tablet=\u00bb16px\u00bb text_font_size_phone=\u00bb16px\u00bb text_font_size_last_edited=\u00bbon|tablet\u00bb locked=\u00bboff\u00bb global_colors_info=\u00bb{}\u00bb]<\/p>\n<p><span>APmedical ofrece una amplia gama de contenedores para uso m\u00e9dico, para la eliminaci\u00f3n de residuos hospitalarios especiales: Mas de 40 a\u00f1os de experiencia en el sector del moldeo por inyecci\u00f3n de material pl\u00e1stico posicionan la empresa entre los primeros productores del sector. Gran competitividad, variedad de la gama, servicio personalizado, materiales de primera selecci\u00f3n y numerosas certificaciones de producto son solamente algunos de los puntos fuertes de la marca APmedical.<\/span><\/p>\n<p>[\/et_pb_text][\/et_pb_column_inner][\/et_pb_row_inner][\/et_pb_column][et_pb_column type=\u00bb1_2&#8243; _builder_version=\u00bb4.16&#8243; custom_padding=\u00bb|||\u00bb global_colors_info=\u00bb{}\u00bb custom_padding__hover=\u00bb|||\u00bb][et_pb_image src=\u00bbhttps:\/\/apmedical.it\/wp-content\/uploads\/2023\/06\/EXPO.jpg\u00bb title_text=\u00bbEXPO\u00bb _builder_version=\u00bb4.21.0&#8243; _module_preset=\u00bbdefault\u00bb max_height_tablet=\u00bb480px\u00bb max_height_phone=\u00bb480px\u00bb max_height_last_edited=\u00bbon|desktop\u00bb custom_margin=\u00bb-3vw||0px||false|false\u00bb custom_margin_tablet=\u00bb0vw||||false|false\u00bb custom_margin_phone=\u00bb0vw||||false|false\u00bb custom_margin_last_edited=\u00bbon|tablet\u00bb custom_padding=\u00bb||||false|false\u00bb border_radii=\u00bboff||||200px\u00bb global_colors_info=\u00bb{}\u00bb][\/et_pb_image][\/et_pb_column][\/et_pb_section][et_pb_section fb_built=\u00bb1&#8243; _builder_version=\u00bb4.21.0&#8243; _module_preset=\u00bbdefault\u00bb background_color=\u00bb#f9f9f9&#8243; global_colors_info=\u00bb{}\u00bb][et_pb_row _builder_version=\u00bb4.21.0&#8243; _module_preset=\u00bbdefault\u00bb width=\u00bb50%\u00bb width_tablet=\u00bb80%\u00bb width_phone=\u00bb80%\u00bb width_last_edited=\u00bbon|desktop\u00bb global_colors_info=\u00bb{}\u00bb][et_pb_column type=\u00bb4_4&#8243; _builder_version=\u00bb4.21.0&#8243; _module_preset=\u00bbdefault\u00bb global_colors_info=\u00bb{}\u00bb][et_pb_text _builder_version=\u00bb4.21.0&#8243; _module_preset=\u00bbdefault\u00bb text_text_color=\u00bb#FFFFFF\u00bb header_font=\u00bbABeeZee||||||||\u00bb header_font_size=\u00bb54px\u00bb header_2_text_align=\u00bbcenter\u00bb header_2_font_size=\u00bb44px\u00bb custom_margin=\u00bb||20px||false|false\u00bb custom_padding=\u00bb||||false|false\u00bb header_font_size_tablet=\u00bb54px\u00bb header_font_size_phone=\u00bb36px\u00bb header_font_size_last_edited=\u00bbon|phone\u00bb header_2_font_size_tablet=\u00bb44px\u00bb header_2_font_size_phone=\u00bb44px\u00bb header_2_font_size_last_edited=\u00bbon|desktop\u00bb global_colors_info=\u00bb{}\u00bb]<\/p>\n<h2>Productos<\/h2>\n<p>[\/et_pb_text][et_pb_image src=\u00bbhttps:\/\/apmedical.it\/wp-content\/uploads\/2023\/05\/separatore-rosso-corto.png\u00bb title_text=\u00bbseparador-rojo-corto\u00bb align=\u00bbcenter\u00bb _builder_version=\u00bb4.21.0&#8243; _module_preset=\u00bbdefault\u00bb custom_padding=\u00bb0px||||false|false\u00bb custom_padding_tablet=\u00bb0px||||false|false\u00bb custom_padding_phone=\u00bb0px||||false|false\u00bb custom_padding_last_edited=\u00bbon|phone\u00bb locked=\u00bboff\u00bb global_colors_info=\u00bb{}\u00bb][\/et_pb_image][et_pb_text _builder_version=\u00bb4.21.0&#8243; _module_preset=\u00bbdefault\u00bb text_font=\u00bbABeeZee||||||||\u00bb text_font_size=\u00bb16px\u00bb text_line_height=\u00bb1.8em\u00bb text_orientation=\u00bbcenter\u00bb width_tablet=\u00bb50vw\u00bb width_phone=\u00bb50vw\u00bb width_last_edited=\u00bboff|desktop\u00bb custom_margin=\u00bb||||false|false\u00bb custom_padding=\u00bb||||false|false\u00bb custom_padding_tablet=\u00bb|5vw||5vw|false|true\u00bb custom_padding_phone=\u00bb|5vw||5vw|false|true\u00bb custom_padding_last_edited=\u00bboff|desktop\u00bb locked=\u00bboff\u00bb global_colors_info=\u00bb{}\u00bb custom_padding__hover_enabled=\u00bboff|desktop\u00bb]<\/p>\n<p>Las dos principales l\u00edneas de productos que ofrece APmedical son los contenedores WASTE y los contenedores SHARPS. Estas l\u00edneas est\u00e1n espec\u00edficamente dise\u00f1adas para garantizar una gesti\u00f3n segura y eficiente de los residuos hospitalarios, proporcionando soluciones fiables para los profesionales sanitarios.<\/p>\n<p>[\/et_pb_text][\/et_pb_column][\/et_pb_row][et_pb_row column_structure=\u00bb1_2,1_2&#8243; make_equal=\u00bbon\u00bb _builder_version=\u00bb4.21.0&#8243; _module_preset=\u00bbdefault\u00bb width=\u00bb50%\u00bb width_tablet=\u00bb50%\u00bb width_phone=\u00bb50%\u00bb width_last_edited=\u00bbon|tablet\u00bb max_width=\u00bb100%\u00bb global_colors_info=\u00bb{}\u00bb][et_pb_column type=\u00bb1_2&#8243; _builder_version=\u00bb4.21.0&#8243; _module_preset=\u00bbdefault\u00bb global_colors_info=\u00bb{}\u00bb][et_pb_image src=\u00bbhttps:\/\/apmedical.it\/wp-content\/uploads\/2023\/05\/CS-6B-167-x-167-x-H-376-mm.jpg\u00bb title_text=\u00bbCS 6B 167 x 167 x H 376 mm\u00bb url=\u00bbhttps:\/\/apmedical.it\/es\/productos\/contenedores-de-objetos-punzocortantes\/\u00bb _builder_version=\u00bb4.21.0&#8243; _module_preset=\u00bbdefault\u00bb width=\u00bb90%\u00bb module_alignment=\u00bbcenter\u00bb border_radii=\u00bbon|24px|24px|24px|24px\u00bb global_colors_info=\u00bb{}\u00bb width__hover_enabled=\u00bbon|hover\u00bb width__hover=\u00bb100%\u00bb][\/et_pb_image][et_pb_text _builder_version=\u00bb4.21.0&#8243; _module_preset=\u00bbdefault\u00bb text_text_color=\u00bb#FFFFFF\u00bb header_font=\u00bbABeeZee||||||||\u00bb header_font_size=\u00bb54px\u00bb header_2_text_align=\u00bbcenter\u00bb header_2_font_size=\u00bb44px\u00bb header_3_text_align=\u00bbcenter\u00bb header_3_font_size=\u00bb30px\u00bb custom_margin=\u00bb||||false|false\u00bb custom_padding=\u00bb||10px||false|false\u00bb link_option_url=\u00bbhttps:\/\/apmedical.it\/es\/productos\/contenedores-de-objetos-punzocortantes\/\u00bb header_font_size_tablet=\u00bb54px\u00bb header_font_size_phone=\u00bb36px\u00bb header_font_size_last_edited=\u00bbon|phone\u00bb header_2_font_size_tablet=\u00bb44px\u00bb header_2_font_size_phone=\u00bb44px\u00bb header_2_font_size_last_edited=\u00bbon|desktop\u00bb global_colors_info=\u00bb{}\u00bb background__hover_enabled=\u00bboff|hover\u00bb background_enable_image__hover=\u00bboff\u00bb background_size__hover=\u00bbinitial\u00bb background_position__hover=\u00bbbottom_center\u00bb]<\/p>\n<h3>Sharps Containers<\/h3>\n<p>[\/et_pb_text][\/et_pb_column][et_pb_column type=\u00bb1_2&#8243; _builder_version=\u00bb4.21.0&#8243; _module_preset=\u00bbdefault\u00bb global_colors_info=\u00bb{}\u00bb][et_pb_image src=\u00bbhttps:\/\/apmedical.it\/wp-content\/uploads\/2023\/06\/SC-60-MONO-40-x-30-x-H-65-cm.jpg\u00bb title_text=\u00bbSC 60 MONO 40 x 30 x H 65 cm\u00bb url=\u00bbhttps:\/\/apmedical.it\/es\/productos\/contenedores-de-residuos\/\u00bb _builder_version=\u00bb4.21.0&#8243; _module_preset=\u00bbdefault\u00bb width=\u00bb90%\u00bb module_alignment=\u00bbcenter\u00bb border_radii=\u00bbon|24px|24px|24px|24px\u00bb global_colors_info=\u00bb{}\u00bb width__hover_enabled=\u00bbon|hover\u00bb width__hover=\u00bb100%\u00bb][\/et_pb_image][et_pb_text _builder_version=\u00bb4.21.0&#8243; _module_preset=\u00bbdefault\u00bb text_text_color=\u00bb#FFFFFF\u00bb header_font=\u00bbABeeZee||||||||\u00bb header_font_size=\u00bb54px\u00bb header_2_text_align=\u00bbcenter\u00bb header_2_font_size=\u00bb44px\u00bb header_3_text_align=\u00bbcenter\u00bb header_3_font_size=\u00bb30px\u00bb custom_margin=\u00bb||||false|false\u00bb custom_padding=\u00bb||10px||false|false\u00bb link_option_url=\u00bbhttps:\/\/apmedical.it\/es\/productos\/contenedores-de-objetos-punzocortantes\/\u00bb header_font_size_tablet=\u00bb54px\u00bb header_font_size_phone=\u00bb36px\u00bb header_font_size_last_edited=\u00bbon|phone\u00bb header_2_font_size_tablet=\u00bb44px\u00bb header_2_font_size_phone=\u00bb44px\u00bb header_2_font_size_last_edited=\u00bbon|desktop\u00bb global_colors_info=\u00bb{}\u00bb background__hover_enabled=\u00bboff|hover\u00bb background_enable_image__hover=\u00bboff\u00bb]<\/p>\n<h3>Waste Containers<\/h3>\n<p>[\/et_pb_text][\/et_pb_column][\/et_pb_row][\/et_pb_section][et_pb_section fb_built=\u00bb1&#8243; custom_padding_last_edited=\u00bboff|desktop\u00bb _builder_version=\u00bb4.27.0&#8243; _module_preset=\u00bbdefault\u00bb background_image=\u00bbhttps:\/\/apmedical.it\/wp-content\/uploads\/2023\/06\/sfondo-dark400x400.jpg\u00bb background_size=\u00bbinitial\u00bb background_repeat=\u00bbrepeat\u00bb custom_padding=\u00bb120px||120px||true|false\u00bb custom_padding_tablet=\u00bb7vw||7vw||true|false\u00bb custom_padding_phone=\u00bb7vw||7vw||true|false\u00bb locked=\u00bboff\u00bb global_colors_info=\u00bb{}\u00bb][et_pb_row column_structure=\u00bb3_5,2_5&#8243; use_custom_gutter=\u00bbon\u00bb make_equal=\u00bbon\u00bb _builder_version=\u00bb4.21.0&#8243; _module_preset=\u00bbdefault\u00bb background_color=\u00bb#FFFFFF\u00bb max_width=\u00bb100%\u00bb custom_margin=\u00bb||||false|false\u00bb custom_padding=\u00bb40px|40px|40px|40px|true|true\u00bb border_radii=\u00bboff|20px|20px||\u00bb global_colors_info=\u00bb{}\u00bb][et_pb_column type=\u00bb3_5&#8243; _builder_version=\u00bb4.21.0&#8243; _module_preset=\u00bbdefault\u00bb global_colors_info=\u00bb{}\u00bb][et_pb_text _builder_version=\u00bb4.21.0&#8243; _module_preset=\u00bbdefault\u00bb text_text_color=\u00bb#FFFFFF\u00bb header_font=\u00bbABeeZee||||||||\u00bb header_font_size=\u00bb54px\u00bb header_2_font_size=\u00bb44px\u00bb custom_margin=\u00bb||20px||false|false\u00bb custom_padding=\u00bb||||false|false\u00bb header_font_size_tablet=\u00bb54px\u00bb header_font_size_phone=\u00bb36px\u00bb header_font_size_last_edited=\u00bbon|phone\u00bb header_2_font_size_tablet=\u00bb44px\u00bb header_2_font_size_phone=\u00bb44px\u00bb header_2_font_size_last_edited=\u00bbon|desktop\u00bb global_colors_info=\u00bb{}\u00bb]<\/p>\n<h2>Empresa certificada y eco-amigable<\/h2>\n<p>[\/et_pb_text][et_pb_image src=\u00bbhttps:\/\/apmedical.it\/wp-content\/uploads\/2023\/05\/separatore-rosso-corto.png\u00bb title_text=\u00bbseparador-rojo-corto\u00bb _builder_version=\u00bb4.21.0&#8243; _module_preset=\u00bbdefault\u00bb custom_padding=\u00bb0px||||false|false\u00bb custom_padding_tablet=\u00bb0px||||false|false\u00bb custom_padding_phone=\u00bb0px||||false|false\u00bb custom_padding_last_edited=\u00bbon|phone\u00bb locked=\u00bboff\u00bb global_colors_info=\u00bb{}\u00bb][\/et_pb_image][et_pb_text _builder_version=\u00bb4.21.0&#8243; _module_preset=\u00bbdefault\u00bb text_font=\u00bbABeeZee||||||||\u00bb text_font_size=\u00bb16px\u00bb text_line_height=\u00bb1.8em\u00bb custom_margin=\u00bb||20px||false|false\u00bb custom_padding=\u00bb0px||||false|false\u00bb locked=\u00bboff\u00bb global_colors_info=\u00bb{}\u00bb]<\/p>\n<p>Los productos de APmedical est\u00e1n sujetos a estrictas certificaciones de calidad, garantizando el cumplimiento de las m\u00e1s estrictas normativas internacionales en materia de seguridad. Fabricados con materiales pl\u00e1sticos de alta calidad, como polipropileno copol\u00edmero coloreado con pigmentos libres de cadmio u otros materiales pesados, los contenedores APmedical ofrecen resistencia a fluidos y solventes. Adem\u00e1s, permiten su eliminaci\u00f3n por incineraci\u00f3n sin emisi\u00f3n de gases nocivos, respetando las normas ambientales internacionales.<\/p>\n<p>La l\u00ednea APmedical Sharps Containers, dedicada a la recolecci\u00f3n de residuos de agujas y objetos punzocortantes, est\u00e1 dise\u00f1ada para resistir la punci\u00f3n por agujas y c\u00e1nulas, que representa la principal fuente de accidentes para el personal hospitalario. La l\u00ednea Contenedores para Residuos, por su parte, ofrece contenedores para residuos hospitalarios peligrosos. Estos contenedores est\u00e1n equipados con un pegamento perimetral especial que garantiza un cierre herm\u00e9tico, evitando cualquier riesgo de infecci\u00f3n.<\/p>\n<p>Los contenedores de APmedical son extremadamente robustos y s\u00f3lidos, capaces de soportar golpes y las condiciones m\u00e1s adversas de transporte a vertederos o plantas incineradoras. Tambi\u00e9n est\u00e1n probados para soportar diferentes temperaturas de uso, lo que garantiza su fiabilidad en cada situaci\u00f3n.<\/p>\n<p>[\/et_pb_text][et_pb_button button_url=\u00bbhttps:\/\/apmedical.it\/es\/certificaciones\/\u00bb button_text=\u00bbDescubre nuestras Certificaciones\u00bb _builder_version=\u00bb4.21.0&#8243; _module_preset=\u00bbdefault\u00bb custom_button=\u00bbon\u00bb button_text_size=\u00bb18px\u00bb button_text_color=\u00bb#FFFFFF\u00bb button_bg_color=\u00bb#d71921&#8243; button_border_width=\u00bb0px\u00bb button_font=\u00bbABeeZee|||on|||||\u00bb button_use_icon=\u00bboff\u00bb custom_margin=\u00bb40px||||false|false\u00bb custom_padding=\u00bb10px|20px|10px|20px|true|true\u00bb locked=\u00bboff\u00bb global_colors_info=\u00bb{}\u00bb button_bg_color__hover_enabled=\u00bbon|hover\u00bb button_bg_color__hover=\u00bb#494544&#8243; button_bg_enable_color__hover=\u00bbon\u00bb][\/et_pb_button][\/et_pb_column][et_pb_column type=\u00bb2_5&#8243; _builder_version=\u00bb4.21.0&#8243; _module_preset=\u00bbdefault\u00bb global_colors_info=\u00bb{}\u00bb][et_pb_image src=\u00bbhttps:\/\/apmedical.it\/wp-content\/uploads\/2023\/06\/FOTO-ISTITUZIONALE-VERTICALE.jpg\u00bb title_text=\u00bbFOTO INSTITUCIONAL VERTICAL\u00bb _builder_version=\u00bb4.21.0&#8243; _module_preset=\u00bbdefault\u00bb custom_margin_tablet=\u00bb20px||||false|false\u00bb custom_margin_phone=\u00bb20px||||false|false\u00bb custom_margin_last_edited=\u00bbon|tablet\u00bb border_radii=\u00bbon|20px|20px|20px|20px\u00bb locked=\u00bboff\u00bb global_colors_info=\u00bb{}\u00bb][\/et_pb_image][\/et_pb_column][\/et_pb_row][et_pb_row _builder_version=\u00bb4.21.0&#8243; _module_preset=\u00bbdefault\u00bb width=\u00bb100%\u00bb max_width=\u00bb100%\u00bb custom_margin=\u00bb100px||||false|false\u00bb custom_margin_tablet=\u00bb100px||||false|false\u00bb custom_margin_phone=\u00bb100px||||false|false\u00bb custom_margin_last_edited=\u00bbon|desktop\u00bb global_colors_info=\u00bb{}\u00bb][et_pb_column type=\u00bb4_4&#8243; _builder_version=\u00bb4.21.0&#8243; _module_preset=\u00bbdefault\u00bb global_colors_info=\u00bb{}\u00bb][dica_divi_carousel show_items_desktop=\u00bb3&#8243; show_items_tablet=\u00bb2&#8243; centermode=\u00bbon\u00bb loop=\u00bbon\u00bb autoplay=\u00bbon\u00bb equal_height=\u00bbon\u00bb advanced_effect=\u00bbcoverflow\u00bb coverflow_shadow=\u00bboff\u00bb _builder_version=\u00bb4.22.2&#8243; _module_preset=\u00bbdefault\u00bb border_radii_image=\u00bbon|20px|20px|20px|20px\u00bb global_colors_info=\u00bb{}\u00bb][dica_divi_carouselitem button_url_new_window=\u00bb1&#8243; image=\u00bbhttps:\/\/apmedical.it\/wp-content\/uploads\/2023\/06\/FIERA.jpg\u00bb _builder_version=\u00bb4.21.0&#8243; _module_preset=\u00bbdefault\u00bb global_colors_info=\u00bb{}\u00bb][\/dica_divi_carouselitem][dica_divi_carouselitem button_url_new_window=\u00bb1&#8243; image=\u00bbhttps:\/\/apmedical.it\/wp-content\/uploads\/2023\/06\/EXPO2.jpg\u00bb _builder_version=\u00bb4.21.0&#8243; _module_preset=\u00bbdefault\u00bb global_colors_info=\u00bb{}\u00bb][\/dica_divi_carouselitem][dica_divi_carouselitem button_url_new_window=\u00bb1&#8243; image=\u00bbhttps:\/\/apmedical.it\/wp-content\/uploads\/2023\/11\/prototipazione-4.jpg\u00bb _builder_version=\u00bb4.22.2&#8243; _module_preset=\u00bbdefault\u00bb global_colors_info=\u00bb{}\u00bb][\/dica_divi_carouselitem][dica_divi_carouselitem button_url_new_window=\u00bb1&#8243; image=\u00bbhttps:\/\/apmedical.it\/wp-content\/uploads\/2023\/06\/Esterno-sede.jpg\u00bb _builder_version=\u00bb4.21.0&#8243; _module_preset=\u00bbdefault\u00bb global_colors_info=\u00bb{}\u00bb][\/dica_divi_carouselitem][dica_divi_carouselitem button_url_new_window=\u00bb1&#8243; image=\u00bbhttps:\/\/apmedical.it\/wp-content\/uploads\/2023\/06\/EXPO.jpg\u00bb _builder_version=\u00bb4.21.0&#8243; _module_preset=\u00bbdefault\u00bb global_colors_info=\u00bb{}\u00bb][\/dica_divi_carouselitem][\/dica_divi_carousel][\/et_pb_column][\/et_pb_row][\/et_pb_section]<\/p>\n","protected":false},"excerpt":{"rendered":"<p>YourSafetyChoiceAPmedical ofrece una amplia gama de contenedores para uso m\u00e9dico, para la eliminaci\u00f3n de residuos hospitalarios especiales: Mas de 40 a\u00f1os de experiencia en el sector del moldeo por inyecci\u00f3n de material pl\u00e1stico posicionan la empresa entre los primeros productores del sector. Gran competitividad, variedad de la gama, servicio personalizado, materiales de primera selecci\u00f3n y [&hellip;]<\/p>\n","protected":false},"author":1,"featured_media":0,"parent":0,"menu_order":0,"comment_status":"closed","ping_status":"closed","template":"","meta":{"_et_pb_use_builder":"on","_et_pb_old_content":"","_et_gb_content_width":"","footnotes":""},"class_list":["post-17882","page","type-page","status-publish","hentry"],"_links":{"self":[{"href":"https:\/\/apmedical.it\/es\/wp-json\/wp\/v2\/pages\/17882","targetHints":{"allow":["GET"]}}],"collection":[{"href":"https:\/\/apmedical.it\/es\/wp-json\/wp\/v2\/pages"}],"about":[{"href":"https:\/\/apmedical.it\/es\/wp-json\/wp\/v2\/types\/page"}],"author":[{"embeddable":true,"href":"https:\/\/apmedical.it\/es\/wp-json\/wp\/v2\/users\/1"}],"replies":[{"embeddable":true,"href":"https:\/\/apmedical.it\/es\/wp-json\/wp\/v2\/comments?post=17882"}],"version-history":[{"count":28,"href":"https:\/\/apmedical.it\/es\/wp-json\/wp\/v2\/pages\/17882\/revisions"}],"predecessor-version":[{"id":19728,"href":"https:\/\/apmedical.it\/es\/wp-json\/wp\/v2\/pages\/17882\/revisions\/19728"}],"wp:attachment":[{"href":"https:\/\/apmedical.it\/es\/wp-json\/wp\/v2\/media?parent=17882"}],"curies":[{"name":"wp","href":"https:\/\/api.w.org\/{rel}","templated":true}]}}