{"id":16667,"date":"2023-06-08T20:36:38","date_gmt":"2023-06-08T18:36:38","guid":{"rendered":"http:\/\/apmedical.it\/empresa\/"},"modified":"2023-09-12T16:49:54","modified_gmt":"2023-09-12T14:49:54","slug":"empresa","status":"publish","type":"page","link":"https:\/\/apmedical.it\/es\/empresa\/","title":{"rendered":"Empresa"},"content":{"rendered":"<p>[et_pb_section fb_built=\u00bb1&#8243; specialty=\u00bbon\u00bb _builder_version=\u00bb4.21.0&#8243; _module_preset=\u00bbdefault\u00bb background_enable_image=\u00bboff\u00bb width=\u00bb100%\u00bb max_width=\u00bb100%\u00bb inner_width=\u00bb80%\u00bb inner_max_width=\u00bb100%\u00bb hover_enabled=\u00bb0&#8243; global_colors_info=\u00bb{}\u00bb custom_padding=\u00bb80px||||false|false\u00bb sticky_enabled=\u00bb0&#8243;][et_pb_column type=\u00bb2_3&#8243; specialty_columns=\u00bb2&#8243; _builder_version=\u00bb4.16&#8243; custom_padding=\u00bb|||\u00bb global_colors_info=\u00bb{}\u00bb custom_padding__hover=\u00bb|||\u00bb][et_pb_row_inner _builder_version=\u00bb4.21.0&#8243; _module_preset=\u00bbdefault\u00bb width=\u00bb290px\u00bb custom_padding=\u00bb0px||0px||false|false\u00bb global_colors_info=\u00bb{}\u00bb][et_pb_column_inner saved_specialty_column_type=\u00bb2_3&#8243; _builder_version=\u00bb4.21.0&#8243; _module_preset=\u00bbdefault\u00bb background_enable_color=\u00bboff\u00bb custom_padding=\u00bb||||false|false\u00bb global_colors_info=\u00bb{}\u00bb][et_pb_text _builder_version=\u00bb4.21.0&#8243; _module_preset=\u00bbdefault\u00bb text_text_color=\u00bb#FFFFFF\u00bb header_font=\u00bbABeeZee||||||||\u00bb header_text_color=\u00bb#494544&#8243; header_font_size=\u00bb54px\u00bb custom_margin=\u00bb||-10px||false|false\u00bb custom_padding=\u00bb||0px||false|false\u00bb header_font_size_tablet=\u00bb54px\u00bb header_font_size_phone=\u00bb40px\u00bb header_font_size_last_edited=\u00bbon|phone\u00bb global_colors_info=\u00bb{}\u00bb]<\/p>\n<h1>Empresa<\/h1>\n<p>[\/et_pb_text][et_pb_text _builder_version=\u00bb4.21.0&#8243; _module_preset=\u00bbdefault\u00bb text_font=\u00bbABeeZee||||||||\u00bb text_text_color=\u00bb#494544&#8243; link_font=\u00bbABeeZee||||||||\u00bb link_text_color=\u00bb#d71921&#8243; global_module=\u00bb15214&#8243; saved_tabs=\u00bball\u00bb global_colors_info=\u00bb{}\u00bb]<\/p>\n<p><span><nav aria-label=\"breadcrumbs\" class=\"rank-math-breadcrumb\"><p><span class=\"last\">Home<\/span><\/p><\/nav><\/span><\/p>\n<p>[\/et_pb_text][et_pb_image src=\u00bbhttp:\/\/apmedical.it\/wp-content\/uploads\/2023\/05\/separatore-rosso-corto.png\u00bb title_text=\u00bbseparador-rojo-corto\u00bb _builder_version=\u00bb4.21.0&#8243; _module_preset=\u00bbdefault\u00bb custom_margin=\u00bb40px||||false|false\u00bb custom_padding=\u00bb||||false|false\u00bb custom_padding_tablet=\u00bb0px||||false|false\u00bb custom_padding_phone=\u00bb0px||||false|false\u00bb custom_padding_last_edited=\u00bboff|desktop\u00bb locked=\u00bboff\u00bb global_colors_info=\u00bb{}\u00bb][\/et_pb_image][\/et_pb_column_inner][\/et_pb_row_inner][et_pb_row_inner _builder_version=\u00bb4.21.0&#8243; _module_preset=\u00bbdefault\u00bb global_colors_info=\u00bb{}\u00bb][et_pb_column_inner saved_specialty_column_type=\u00bb2_3&#8243; _builder_version=\u00bb4.21.0&#8243; _module_preset=\u00bbdefault\u00bb global_colors_info=\u00bb{}\u00bb][et_pb_text _builder_version=\u00bb4.21.0&#8243; _module_preset=\u00bbdefault\u00bb text_font=\u00bbABeeZee||||||||\u00bb text_font_size=\u00bb16px\u00bb text_line_height=\u00bb1.8em\u00bb custom_margin=\u00bb||20px||false|false\u00bb custom_padding=\u00bb0px||||false|false\u00bb locked=\u00bboff\u00bb global_colors_info=\u00bb{}\u00bb]<\/p>\n<p>APmedical es una marca de <a href=\"https:\/\/global.keter.com\/it_it\/\" target=\"_blank\" rel=\"noopener\">Keter Italia S.p.A<\/a>., una empresa que dise\u00f1a, produce y comercializa contenedores de uso m\u00e9dico para eliminar los desechos especiales en los hospitales y tambi\u00e9n soluciones para la organizaci\u00f3n del espacio dom\u00e9stico y laboral.<\/p>\n<p>APmedical ofrece una amplia gama de contenedores para uso m\u00e9dico, para la eliminaci\u00f3n de residuos hospitalarios especiales: M\u00b4s de 30 a\u00f1os de experiencia en el sector del moldeo por inyecci\u00f3n de material pl\u00b4stico posicionan la empresa entre los primeros productores del sector. Gran competitividad, variedad de la gama, servicio personalizado, materiales de primera selecci\u00f3n y numerosas certificaciones de producto son solamente algunos de los puntos fuertes de la marca APmedical.<\/p>\n<p>[\/et_pb_text][et_pb_image src=\u00bbhttp:\/\/apmedical.it\/wp-content\/uploads\/2023\/06\/Esterno-sede.jpg\u00bb title_text=\u00bbExterior de la oficina AP\u00bb _builder_version=\u00bb4.21.0&#8243; _module_preset=\u00bbdefault\u00bb border_radii=\u00bbon|30px|30px|30px|30px\u00bb global_colors_info=\u00bb{}\u00bb][\/et_pb_image][\/et_pb_column_inner][\/et_pb_row_inner][\/et_pb_column][et_pb_column type=\u00bb1_3&#8243; _builder_version=\u00bb4.16&#8243; custom_padding=\u00bb|||\u00bb global_colors_info=\u00bb{}\u00bb custom_padding__hover=\u00bb|||\u00bb][et_pb_image src=\u00bbhttp:\/\/apmedical.it\/wp-content\/uploads\/2023\/06\/FOTO-ISTITUZIONALE-VERTICALE.jpg\u00bb title_text=\u00bbFOTO INSTITUCIONAL VERTICAL\u00bb _builder_version=\u00bb4.21.0&#8243; _module_preset=\u00bbdefault\u00bb border_radii=\u00bbon|20px|20px|20px|20px\u00bb global_colors_info=\u00bb{}\u00bb][\/et_pb_image][et_pb_text _builder_version=\u00bb4.21.0&#8243; _module_preset=\u00bbdefault\u00bb text_font=\u00bbABeeZee||||||||\u00bb text_font_size=\u00bb16px\u00bb text_line_height=\u00bb1.8em\u00bb custom_margin=\u00bb||20px||false|false\u00bb custom_padding=\u00bb0px||||false|false\u00bb locked=\u00bboff\u00bb global_colors_info=\u00bb{}\u00bb]<\/p>\n<h2>Keter Italia S.p.A.<\/h2>\n<p>Keter Italia S.p.A. es una realidad productiva y comercial que naci\u00f3 en Italia en el 1972. Trabaja en el mercado internacional a trav\u00e9s de empresas que tienen como objetivo convertirse en un punto de referencia en el propio sector.<\/p>\n<p>[\/et_pb_text][et_pb_code _builder_version=\u00bb4.21.0&#8243; _module_preset=\u00bbdefault\u00bb border_radii=\u00bbon|20px|20px|20px|20px\u00bb global_colors_info=\u00bb{}\u00bb]<iframe src=\"https:\/\/www.google.com\/maps\/embed?pb=!1m18!1m12!1m3!1d2783.213841822886!2d12.411954176671205!3d45.76690451319015!2m3!1f0!2f0!3f0!3m2!1i1024!2i768!4f13.1!3m3!1m2!1s0x4779438ca786d153%3A0x361a61186e59acdf!2sVia%20Ingeniere%20Giuseppe%20Taliercio%2C%202%2C%2031024%20Zona%20Industriale%20TV!5e0!3m2!1sit!2sit!4v1686091096550!5m2!1sit!2sit\" width=\"600\" height=\"300\" style=\"border:0;\" allowfullscreen=\"\" loading=\"lazy\" referrerpolicy=\"no-referrer-when-downgrade\"><\/iframe>[\/et_pb_code][\/et_pb_column][\/et_pb_section]<\/p>\n","protected":false},"excerpt":{"rendered":"<p>Empresa<nav aria-label=\"breadcrumbs\" class=\"rank-math-breadcrumb\"><p><span class=\"last\">Home<\/span><\/p><\/nav> APmedical es una marca de Keter Italia S.p.A., una empresa que dise\u00f1a, produce y comercializa contenedores de uso m\u00e9dico para eliminar los desechos especiales en los hospitales y tambi\u00e9n soluciones para la organizaci\u00f3n del espacio dom\u00e9stico y laboral. APmedical ofrece una amplia gama de contenedores para uso m\u00e9dico, para la eliminaci\u00f3n de residuos hospitalarios [&hellip;]<\/p>\n","protected":false},"author":1,"featured_media":0,"parent":0,"menu_order":0,"comment_status":"closed","ping_status":"closed","template":"","meta":{"_et_pb_use_builder":"on","_et_pb_old_content":"","_et_gb_content_width":"","footnotes":""},"class_list":["post-16667","page","type-page","status-publish","hentry"],"_links":{"self":[{"href":"https:\/\/apmedical.it\/es\/wp-json\/wp\/v2\/pages\/16667","targetHints":{"allow":["GET"]}}],"collection":[{"href":"https:\/\/apmedical.it\/es\/wp-json\/wp\/v2\/pages"}],"about":[{"href":"https:\/\/apmedical.it\/es\/wp-json\/wp\/v2\/types\/page"}],"author":[{"embeddable":true,"href":"https:\/\/apmedical.it\/es\/wp-json\/wp\/v2\/users\/1"}],"replies":[{"embeddable":true,"href":"https:\/\/apmedical.it\/es\/wp-json\/wp\/v2\/comments?post=16667"}],"version-history":[{"count":17,"href":"https:\/\/apmedical.it\/es\/wp-json\/wp\/v2\/pages\/16667\/revisions"}],"predecessor-version":[{"id":19271,"href":"https:\/\/apmedical.it\/es\/wp-json\/wp\/v2\/pages\/16667\/revisions\/19271"}],"wp:attachment":[{"href":"https:\/\/apmedical.it\/es\/wp-json\/wp\/v2\/media?parent=16667"}],"curies":[{"name":"wp","href":"https:\/\/api.w.org\/{rel}","templated":true}]}}