{"id":15849,"date":"2023-06-05T20:01:31","date_gmt":"2023-06-05T18:01:31","guid":{"rendered":"http:\/\/apmedical.it\/sostenibilidad\/"},"modified":"2023-06-13T22:32:14","modified_gmt":"2023-06-13T20:32:14","slug":"sostenibilidad","status":"publish","type":"page","link":"https:\/\/apmedical.it\/es\/sostenibilidad\/","title":{"rendered":"Sustentabilidad"},"content":{"rendered":"<p>[et_pb_section fb_built=\u00bb1&#8243; _builder_version=\u00bb4.21.0&#8243; _module_preset=\u00bbdefault\u00bb background_image=\u00bbhttp:\/\/apmedical.it\/wp-content\/uploads\/2023\/06\/sfondo-sostenibilita.jpg\u00bb global_colors_info=\u00bb{}\u00bb][et_pb_row column_structure=\u00bb3_5,2_5&#8243; use_custom_gutter=\u00bbon\u00bb make_equal=\u00bbon\u00bb _builder_version=\u00bb4.21.0&#8243; _module_preset=\u00bbdefault\u00bb max_width=\u00bb100%\u00bb global_colors_info=\u00bb{}\u00bb][et_pb_column type=\u00bb3_5&#8243; _builder_version=\u00bb4.21.0&#8243; _module_preset=\u00bbdefault\u00bb global_colors_info=\u00bb{}\u00bb][et_pb_text _builder_version=\u00bb4.21.0&#8243; _module_preset=\u00bbdefault\u00bb text_text_color=\u00bb#FFFFFF\u00bb header_font=\u00bbABeeZee||||||||\u00bb header_font_size=\u00bb54px\u00bb custom_margin=\u00bb||-10px||false|false\u00bb custom_padding=\u00bb||0px||false|false\u00bb header_font_size_tablet=\u00bb54px\u00bb header_font_size_phone=\u00bb40px\u00bb header_font_size_last_edited=\u00bbon|phone\u00bb global_colors_info=\u00bb{}\u00bb]<\/p>\n<h1>Sustentabilidad<\/h1>\n<p>[\/et_pb_text][et_pb_text _builder_version=\u00bb4.21.0&#8243; _module_preset=\u00bbdefault\u00bb text_font=\u00bbABeeZee||||||||\u00bb text_text_color=\u00bb#494544&#8243; link_font=\u00bbABeeZee||||||||\u00bb link_text_color=\u00bb#175830&#8243; saved_tabs=\u00bball\u00bb global_colors_info=\u00bb{}\u00bb]<\/p>\n<p><span><nav aria-label=\"breadcrumbs\" class=\"rank-math-breadcrumb\"><p><span class=\"last\">Home<\/span><\/p><\/nav><\/span><\/p>\n<p>[\/et_pb_text][et_pb_image src=\u00bbhttp:\/\/apmedical.it\/wp-content\/uploads\/2023\/06\/separatore-verde-corto-giusto.png\u00bb title_text=\u00bbseparador-verde-corto-derecho\u00bb _builder_version=\u00bb4.21.0&#8243; _module_preset=\u00bbdefault\u00bb custom_padding=\u00bb0px||||false|false\u00bb custom_padding_tablet=\u00bb0px||||false|false\u00bb custom_padding_phone=\u00bb0px||||false|false\u00bb custom_padding_last_edited=\u00bbon|phone\u00bb locked=\u00bboff\u00bb global_colors_info=\u00bb{}\u00bb][\/et_pb_image][et_pb_text _builder_version=\u00bb4.21.0&#8243; _module_preset=\u00bbdefault\u00bb text_font=\u00bbABeeZee||||||||\u00bb text_font_size=\u00bb16px\u00bb text_line_height=\u00bb1.8em\u00bb custom_margin=\u00bb||20px||false|false\u00bb custom_padding=\u00bb0px||||false|false\u00bb locked=\u00bboff\u00bb global_colors_info=\u00bb{}\u00bb]<\/p>\n<p>APmedical cree que las empresas son muy importantes por la creaci\u00f3n de un mundo mejor y m\u00e1s sostenible.<\/p>\n<p>Los contenedores de residuos m\u00e9dicos deben cumplir con los m\u00e1s severos requisitos establecidos por las normas internacionales y las autoridades nacionales, que garanticen un uso y transporte seguro, debido a su contenido potencialmente infeccioso.<\/p>\n<p>Adem\u00e1s, al participar en las discusiones del Comit\u00e9 ISO, APmedical apoya e impulsa el desarrollo de normas de calidad en toda la industria para extender la pr\u00e1ctica de la circularidad a estos contenedores de residuos m\u00e9dicos. Al utilizar materiales reciclados, el impacto generado por su eliminaci\u00f3n tiene un efecto negativo menor sobre el medio ambiente.<\/p>\n<p>Contribuir a la creaci\u00f3n de una econom\u00eda circular es una gran oportunidad de crecimiento: APmedical inici\u00f3 muchos proyectos destinados a aumentar el uso de resinas recicladas en sus productos. Sin embargo, no solo las caracter\u00edsticas de las materias primas, sino tambi\u00e9n la confiabilidad del proveedor es un punto importante para APmedical. Se han realizado investigaciones, an\u00e1lisis y pruebas para encontrar la mezcla de material reciclado m\u00e1s adecuada.<\/p>\n<p>APmedical desarroll\u00f3 nuevas \u201cECO Lines\u201d consistentes en contenedores certificados para la eliminaci\u00f3n de los residuos hospitalarios especiales y objetos punzantes y cortantes, que son producidos con materiales reciclados y al mismo tiempo cumplen con los est\u00e1ndares de calidad exigidos por la ADR-UN (marca REC) para un transporte seguro y ISO 23907-1:2019 para un uso seguro.<\/p>\n<p>Las nuevas \u201cECO Lines\u201d obtuvieron las dos principales marcas de seguridad reconocidas para los contenedores de residuos m\u00e9dicos: Marque NF del Laboratoire national de m\u00e9trologie et d&#8217;essais (Francia) y Kitemark de la British Standards Institution (Reino Unido).<\/p>\n<p>Keter present\u00f3 su primer estado anual de sostenibilidad en 2020. Los estados de sostenibilidad se redactan de acuerdo con los est\u00e1ndares GRI (Global Reporting Initiative), se relacionan con los SDGs (Sustainable Development Goals) y cubren toda la informaci\u00f3n necesaria en t\u00e9rminos de ESG (Environment, Social &amp; Corporate Governance).<\/p>\n<p>Adem\u00e1s, Keter formul\u00f3 una estrategia general que comprende objetivos plurianuales que demuestran su compromiso espec\u00edfico con la sostenibilidad. Se complet\u00f3 una evaluaci\u00f3n integral de materialidad, extrayendo aportes de una amplia gama de fuentes y partes interesadas. Con base en los impactos materiales de Keter, se asignan recursos para acelerar la reducci\u00f3n de los efectos negativos sobre el medio ambiente y las comunidades locales.<\/p>\n<p>[\/et_pb_text][\/et_pb_column][et_pb_column type=\u00bb2_5&#8243; _builder_version=\u00bb4.21.0&#8243; _module_preset=\u00bbdefault\u00bb global_colors_info=\u00bb{}\u00bb][et_pb_image src=\u00bbhttp:\/\/apmedical.it\/wp-content\/uploads\/2023\/06\/logo-sostenibilita-apmedical.png\u00bb title_text=\u00bblogo-sustentabilidad-apmedical\u00bb align=\u00bbright\u00bb _builder_version=\u00bb4.21.0&#8243; _module_preset=\u00bbdefault\u00bb hover_enabled=\u00bb0&#8243; global_colors_info=\u00bb{}\u00bb sticky_enabled=\u00bb0&#8243; align_last_edited=\u00bbon|desktop\u00bb align_tablet=\u00bbcenter\u00bb align_phone=\u00bbcenter\u00bb][\/et_pb_image][\/et_pb_column][\/et_pb_row][\/et_pb_section]<\/p>\n","protected":false},"excerpt":{"rendered":"<p>Sustentabilidad<nav aria-label=\"breadcrumbs\" class=\"rank-math-breadcrumb\"><p><span class=\"last\">Home<\/span><\/p><\/nav>APmedical cree que las empresas son muy importantes por la creaci\u00f3n de un mundo mejor y m\u00e1s sostenible. Los contenedores de residuos m\u00e9dicos deben cumplir con los m\u00e1s severos requisitos establecidos por las normas internacionales y las autoridades nacionales, que garanticen un uso y transporte seguro, debido a su contenido potencialmente infeccioso. Adem\u00e1s, al participar [&hellip;]<\/p>\n","protected":false},"author":1,"featured_media":0,"parent":0,"menu_order":0,"comment_status":"closed","ping_status":"closed","template":"","meta":{"_et_pb_use_builder":"on","_et_pb_old_content":"","_et_gb_content_width":"","footnotes":""},"class_list":["post-15849","page","type-page","status-publish","hentry"],"_links":{"self":[{"href":"https:\/\/apmedical.it\/es\/wp-json\/wp\/v2\/pages\/15849","targetHints":{"allow":["GET"]}}],"collection":[{"href":"https:\/\/apmedical.it\/es\/wp-json\/wp\/v2\/pages"}],"about":[{"href":"https:\/\/apmedical.it\/es\/wp-json\/wp\/v2\/types\/page"}],"author":[{"embeddable":true,"href":"https:\/\/apmedical.it\/es\/wp-json\/wp\/v2\/users\/1"}],"replies":[{"embeddable":true,"href":"https:\/\/apmedical.it\/es\/wp-json\/wp\/v2\/comments?post=15849"}],"version-history":[{"count":14,"href":"https:\/\/apmedical.it\/es\/wp-json\/wp\/v2\/pages\/15849\/revisions"}],"predecessor-version":[{"id":16943,"href":"https:\/\/apmedical.it\/es\/wp-json\/wp\/v2\/pages\/15849\/revisions\/16943"}],"wp:attachment":[{"href":"https:\/\/apmedical.it\/es\/wp-json\/wp\/v2\/media?parent=15849"}],"curies":[{"name":"wp","href":"https:\/\/api.w.org\/{rel}","templated":true}]}}