{"id":15837,"date":"2023-06-05T19:25:48","date_gmt":"2023-06-05T17:25:48","guid":{"rendered":"http:\/\/apmedical.it\/politica-de-privacidad\/"},"modified":"2023-07-21T18:00:47","modified_gmt":"2023-07-21T16:00:47","slug":"politica-de-privacidad","status":"publish","type":"page","link":"https:\/\/apmedical.it\/es\/politica-de-privacidad\/","title":{"rendered":"Pol\u00edtica de Privacidad"},"content":{"rendered":"<p>[et_pb_section fb_built=\u00bb1&#8243; _builder_version=\u00bb4.21.0&#8243; _module_preset=\u00bbdefault\u00bb background_image=\u00bbhttp:\/\/apmedical.it\/wp-content\/uploads\/2023\/05\/sfondo-contatti.jpg\u00bb global_colors_info=\u00bb{}\u00bb][et_pb_row column_structure=\u00bb3_5,2_5&#8243; use_custom_gutter=\u00bbon\u00bb make_equal=\u00bbon\u00bb _builder_version=\u00bb4.21.0&#8243; _module_preset=\u00bbdefault\u00bb max_width=\u00bb100%\u00bb global_colors_info=\u00bb{}\u00bb][et_pb_column type=\u00bb3_5&#8243; _builder_version=\u00bb4.21.0&#8243; _module_preset=\u00bbdefault\u00bb global_colors_info=\u00bb{}\u00bb][et_pb_text _builder_version=\u00bb4.21.0&#8243; _module_preset=\u00bbdefault\u00bb text_text_color=\u00bb#FFFFFF\u00bb header_font=\u00bbABeeZee||||||||\u00bb header_font_size=\u00bb54px\u00bb custom_margin=\u00bb||-10px||false|false\u00bb custom_padding=\u00bb||0px||false|false\u00bb hover_enabled=\u00bb0&#8243; global_colors_info=\u00bb{}\u00bb header_font_size_last_edited=\u00bbon|phone\u00bb sticky_enabled=\u00bb0&#8243; header_font_size_phone=\u00bb40px\u00bb header_font_size_tablet=\u00bb54px\u00bb]<\/p>\n<h1>Pol\u00edtica de Privacidad<\/h1>\n<p>[\/et_pb_text][et_pb_text _builder_version=\u00bb4.21.0&#8243; _module_preset=\u00bbdefault\u00bb text_font=\u00bbABeeZee||||||||\u00bb text_text_color=\u00bb#494544&#8243; link_font=\u00bbABeeZee||||||||\u00bb link_text_color=\u00bb#d71921&#8243; global_module=\u00bb15214&#8243; saved_tabs=\u00bball\u00bb global_colors_info=\u00bb{}\u00bb]<\/p>\n<p><span><nav aria-label=\"breadcrumbs\" class=\"rank-math-breadcrumb\"><p><span class=\"last\">Home<\/span><\/p><\/nav><\/span><\/p>\n<p>[\/et_pb_text][et_pb_image src=\u00bbhttp:\/\/apmedical.it\/wp-content\/uploads\/2023\/05\/separatore-rosso-corto.png\u00bb title_text=\u00bbseparador-rojo-corto\u00bb _builder_version=\u00bb4.21.0&#8243; _module_preset=\u00bbdefault\u00bb custom_padding=\u00bb0px||||false|false\u00bb custom_padding_tablet=\u00bb0px||||false|false\u00bb custom_padding_phone=\u00bb0px||||false|false\u00bb custom_padding_last_edited=\u00bbon|phone\u00bb locked=\u00bboff\u00bb global_colors_info=\u00bb{}\u00bb][\/et_pb_image][et_pb_text _builder_version=\u00bb4.21.0&#8243; _module_preset=\u00bbdefault\u00bb text_font=\u00bbABeeZee||||||||\u00bb text_font_size=\u00bb16px\u00bb text_line_height=\u00bb1.8em\u00bb custom_margin=\u00bb||20px||false|false\u00bb custom_padding=\u00bb0px||||false|false\u00bb locked=\u00bboff\u00bb global_colors_info=\u00bb{}\u00bb]<\/p>\n<p><strong>\u00bfPor qu\u00e9 este aviso?<\/strong><br \/>Esta p\u00e1gina describe c\u00f3mo administrar el sitio con referencia al procesamiento de datos personales de los usuarios que lo consultan.<br \/>Esta es informaci\u00f3n que tambi\u00e9n se proporciona de conformidad con el art\u00edculo 13 Reglamento UE 2016\/679 C\u00f3digo de protecci\u00f3n de datos personales para quienes interact\u00faan con los servicios web de AP Medical SPA, accesible electr\u00f3nicamente desde la direcci\u00f3n: https:\/\/www.apmedical.it.<\/p>\n<p><strong>El controlador de datos<\/strong><br \/>Tras la consulta de este sitio, se pueden tratar datos relativos a personas identificadas o identificables.<br \/>El titular de su tratamiento es: AP Medical SPA<br \/>AP Medical SPA<br \/>E-mail: info@apmedical.it<\/p>\n<p><strong>Lugar de procesamiento de datos<\/strong><br \/>Los tratamientos conectados a los servicios web de este sitio tienen lugar en AP Medical SPA, y solo son manejados por personal encargado del tratamiento, o por personas encargadas de operaciones de mantenimiento ocasionales.<br \/>No se comunican ni difunden datos derivados del servicio web.<br \/>Los datos personales proporcionados por los usuarios que solicitan el env\u00edo de material informativo se utilizan con el \u00fanico fin de realizar el servicio o la prestaci\u00f3n solicitada y solo se comunican a terceros si es necesario para tal fin (por ejemplo, servicio de env\u00edo).<\/p>\n<p><strong>Datos facilitados voluntariamente por el usuario<\/strong><br \/>El env\u00edo opcional, expl\u00edcito y voluntario de correos electr\u00f3nicos a las direcciones indicadas en este sitio implica la adquisici\u00f3n posterior de la direcci\u00f3n del remitente, necesaria para responder a las solicitudes, as\u00ed como cualquier otro dato personal incluido en el mensaje.<br \/>La informaci\u00f3n resumida espec\u00edfica se proporciona en la p\u00e1gina del sitio preparada para la solicitud de informaci\u00f3n.<\/p>\n<p><strong>M\u00e9todos de tratamiento<\/strong><br \/>Los datos personales se procesan con herramientas automatizadas durante el tiempo estrictamente necesario para lograr los fines para los que fueron recopilados.<br \/>Se observan medidas de seguridad espec\u00edficas para evitar la p\u00e9rdida de datos, usos il\u00edcitos o incorrectos y accesos no autorizados.<\/p>\n<p><strong>Derechos del interesado<\/strong><br \/>De conformidad con el art\u00edculo 13 Reglamento UE 2016\/679 C\u00f3digo relativo a la protecci\u00f3n de datos personales<br \/>Los sujetos a los que se refieren los datos personales tienen derecho en cualquier momento a obtener confirmaci\u00f3n de la existencia o no de los mismos, conocer su contenido y origen, verificar su exactitud o solicitar su integraci\u00f3n, actualizaci\u00f3n o rectificaci\u00f3n, solicitar su cancelaci\u00f3n, transformaci\u00f3n al anonimato o al bloqueo de los datos tratados con infracci\u00f3n de la ley, as\u00ed como a oponerse en todo caso, por motivos leg\u00edtimos, a su tratamiento. Las solicitudes en cuesti\u00f3n deben dirigirse al responsable del tratamiento.<\/p>\n<p>[\/et_pb_text][\/et_pb_column][et_pb_column type=\u00bb2_5&#8243; _builder_version=\u00bb4.21.0&#8243; _module_preset=\u00bbdefault\u00bb global_colors_info=\u00bb{}\u00bb][\/et_pb_column][\/et_pb_row][\/et_pb_section]<\/p>\n","protected":false},"excerpt":{"rendered":"<p>Pol\u00edtica de Privacidad<nav aria-label=\"breadcrumbs\" class=\"rank-math-breadcrumb\"><p><span class=\"last\">Home<\/span><\/p><\/nav> \u00bfPor qu\u00e9 este aviso?Esta p\u00e1gina describe c\u00f3mo administrar el sitio con referencia al procesamiento de datos personales de los usuarios que lo consultan.Esta es informaci\u00f3n que tambi\u00e9n se proporciona de conformidad con el art\u00edculo 13 Reglamento UE 2016\/679 C\u00f3digo de protecci\u00f3n de datos personales para quienes interact\u00faan con los servicios web de [&hellip;]<\/p>\n","protected":false},"author":1,"featured_media":0,"parent":0,"menu_order":0,"comment_status":"closed","ping_status":"closed","template":"","meta":{"_et_pb_use_builder":"on","_et_pb_old_content":"","_et_gb_content_width":"","footnotes":""},"class_list":["post-15837","page","type-page","status-publish","hentry"],"_links":{"self":[{"href":"https:\/\/apmedical.it\/es\/wp-json\/wp\/v2\/pages\/15837","targetHints":{"allow":["GET"]}}],"collection":[{"href":"https:\/\/apmedical.it\/es\/wp-json\/wp\/v2\/pages"}],"about":[{"href":"https:\/\/apmedical.it\/es\/wp-json\/wp\/v2\/types\/page"}],"author":[{"embeddable":true,"href":"https:\/\/apmedical.it\/es\/wp-json\/wp\/v2\/users\/1"}],"replies":[{"embeddable":true,"href":"https:\/\/apmedical.it\/es\/wp-json\/wp\/v2\/comments?post=15837"}],"version-history":[{"count":4,"href":"https:\/\/apmedical.it\/es\/wp-json\/wp\/v2\/pages\/15837\/revisions"}],"predecessor-version":[{"id":19204,"href":"https:\/\/apmedical.it\/es\/wp-json\/wp\/v2\/pages\/15837\/revisions\/19204"}],"wp:attachment":[{"href":"https:\/\/apmedical.it\/es\/wp-json\/wp\/v2\/media?parent=15837"}],"curies":[{"name":"wp","href":"https:\/\/api.w.org\/{rel}","templated":true}]}}