{"id":17991,"date":"2023-06-05T20:01:31","date_gmt":"2023-06-05T18:01:31","guid":{"rendered":"http:\/\/apmedical.it\/nachhaltigkeit\/"},"modified":"2023-06-21T20:05:37","modified_gmt":"2023-06-21T18:05:37","slug":"nachhaltigkeit","status":"publish","type":"page","link":"https:\/\/apmedical.it\/de\/nachhaltigkeit\/","title":{"rendered":"Nachhaltigkeit"},"content":{"rendered":"<p>[et_pb_section fb_built=&#8220;1&#8243; _builder_version=&#8220;4.21.0&#8243; _module_preset=&#8220;default&#8220; background_image=&#8220;http:\/\/apmedical.it\/wp-content\/uploads\/2023\/06\/sfondo-sostenibilita.jpg&#8220; global_colors_info=&#8220;{}&#8220;][et_pb_row column_structure=&#8220;3_5,2_5&#8243; use_custom_gutter=&#8220;on&#8220; make_equal=&#8220;on&#8220; _builder_version=&#8220;4.21.0&#8243; _module_preset=&#8220;default&#8220; max_width=&#8220;100%&#8220; global_colors_info=&#8220;{}&#8220;][et_pb_column type=&#8220;3_5&#8243; _builder_version=&#8220;4.21.0&#8243; _module_preset=&#8220;default&#8220; global_colors_info=&#8220;{}&#8220;][et_pb_text _builder_version=&#8220;4.21.0&#8243; _module_preset=&#8220;default&#8220; text_text_color=&#8220;#FFFFFF&#8220; header_font=&#8220;ABeeZee||||||||&#8220; header_font_size=&#8220;54px&#8220; custom_margin=&#8220;||-10px||false|false&#8220; custom_padding=&#8220;||0px||false|false&#8220; header_font_size_tablet=&#8220;54px&#8220; header_font_size_phone=&#8220;40px&#8220; header_font_size_last_edited=&#8220;on|phone&#8220; global_colors_info=&#8220;{}&#8220;]<\/p>\n<h1>Nachhaltigkeit<\/h1>\n<p>[\/et_pb_text][et_pb_text _builder_version=&#8220;4.21.0&#8243; _module_preset=&#8220;default&#8220; text_font=&#8220;ABeeZee||||||||&#8220; text_text_color=&#8220;#494544&#8243; link_font=&#8220;ABeeZee||||||||&#8220; link_text_color=&#8220;#175830&#8243; saved_tabs=&#8220;all&#8220; global_colors_info=&#8220;{}&#8220;]<\/p>\n<p><span><nav aria-label=\"breadcrumbs\" class=\"rank-math-breadcrumb\"><p><span class=\"last\">Home<\/span><\/p><\/nav><\/span><\/p>\n<p>[\/et_pb_text][et_pb_image src=&#8220;http:\/\/apmedical.it\/wp-content\/uploads\/2023\/06\/separatore-verde-corto-giusto.png&#8220; title_text=&#8220;trennzeichen-gr\u00fcn-kurz-rechts&#8220; _builder_version=&#8220;4.21.0&#8243; _module_preset=&#8220;default&#8220; custom_padding=&#8220;0px||||false|false&#8220; custom_padding_tablet=&#8220;0px||||false|false&#8220; custom_padding_phone=&#8220;0px||||false|false&#8220; custom_padding_last_edited=&#8220;on|phone&#8220; locked=&#8220;off&#8220; global_colors_info=&#8220;{}&#8220;][\/et_pb_image][et_pb_text _builder_version=&#8220;4.21.0&#8243; _module_preset=&#8220;default&#8220; text_font=&#8220;ABeeZee||||||||&#8220; text_font_size=&#8220;16px&#8220; text_line_height=&#8220;1.8em&#8220; custom_margin=&#8220;||20px||false|false&#8220; custom_padding=&#8220;0px||||false|false&#8220; locked=&#8220;off&#8220; global_colors_info=&#8220;{}&#8220;]<\/p>\n<p>APmedical ist \u00fcberzeugt, dass Unternehmen sehr wichtig sind, um eine bessere und nachhaltigere Welt zu verwirklichen.<\/p>\n<p>Aufgrund ihres potenziellen hochinfekti\u00f6sen Inhalts m\u00fcssen Beh\u00e4lter f\u00fcr medizinische Abf\u00e4lle die strengsten Anforderungen erf\u00fcllen, die von internationalen Normen und nationalen Beh\u00f6rden festgelegt wurden, um eine sichere Verwendung und einen sicheren Transport zu gew\u00e4hrleisten.<\/p>\n<p>Noch dazu, durch die Teilnahme an Diskussionen des ISO-Ausschusses, unterst\u00fctzt und f\u00f6rdert APmedical die Entwicklung von branchenspezifischen Qualit\u00e4tsstandards, um die Praxis der \u00f6kologischen Zirkularit\u00e4t auf diese Einwegbeh\u00e4lter auszudehnen. Durch die Verwendung von recycelten Materialien haben die Folgen der Entsorgung von Kunststoffbeh\u00e4lter eine geringere negative Umweltauswirkung.<\/p>\n<p>Der Beitrag zur nachhaltigen Kreislaufwirtschaft ist eine gro\u00dfe Wachstumschance: APmedical hat viele Projekte gestartet, um die Verwendung von recyceltem Kunststoff in seinen Produkten zu erh\u00f6hen. Aber nicht nur die Eigenschaften der Rohstoffe, sondern auch die Zuverl\u00e4ssigkeit der Lieferanten ist ein kritischer Punkt f\u00fcr APmedical. Es wurden Recherchen, Analysen und Tests durchgef\u00fchrt, um die geeignetere Mischung von recycelten Materialien zu finden.<\/p>\n<p>APmedical hat neue zertifizierten \u201eECO Lines\u201c von Beh\u00e4ltern f\u00fcr die Entsorgung von medizinischen Sonderabf\u00e4lle und scharfen Gegenst\u00e4nden entwickelt, die unter Verwendung von recycelten Materialien hergestellt werden und gleichzeitig die geforderten Qualit\u00e4tsstandards von ADR-UN (REC-Kennzeichnung) f\u00fcr sicheren Transport und ISO 23907-1:2019 f\u00fcr sichere Nutzung erf\u00fcllen.<\/p>\n<p>Die neuen \u201eECO Lines\u201c haben beiden wichtigsten anerkannten Sicherheitszeichen f\u00fcr Beh\u00e4lter f\u00fcr medizinische Abf\u00e4lle erhalten: Marque NF vom Laboratoire national de m\u00e9trologie et d&#8217;essais (Frankreich) und Kitemark von der British Standards Institution (Vereinigtes K\u00f6nigreich).<\/p>\n<p>Keter publizierte im Jahr 2020 seinen ersten j\u00e4hrlichen Nachhaltigkeitsbilanz. Nachhaltigkeitsbilanzen werden nach GRI-Standards (Global Reporting Initiative) verfasst, sie beziehen sich auf SDGs (Sustainable Development Goals) und decken alle notwendigen Informationen in Bezug auf ESG (Environment, Social &amp; Corporate Governance) ab.<\/p>\n<p>Zudem formulierte Keter eine Strategie mit mehrj\u00e4hrigen Zielen, die seine besondere Verpflichtung f\u00fcr Nachhaltigkeit demonstriert. Eine umfassende Materialit\u00e4tsbewertung wurde anhand von den Beitr\u00e4gen aus einer Vielzahl von Quellen und Interessengruppen durchgef\u00fchrt. Basierend auf den materiellen Auswirkungen hat Keter die notwendigen Ressourcen zugewiesen, um die Verringerung der negativen Effekten auf die Umwelt und die lokalen Gemeinschaften zu beschleunigen.<\/p>\n<p>[\/et_pb_text][\/et_pb_column][et_pb_column type=&#8220;2_5&#8243; _builder_version=&#8220;4.21.0&#8243; _module_preset=&#8220;default&#8220; global_colors_info=&#8220;{}&#8220;][et_pb_image src=&#8220;http:\/\/apmedical.it\/wp-content\/uploads\/2023\/06\/logo-sostenibilita-apmedical.png&#8220; title_text=&#8220;logo-nachhaltigkeit-apmedical&#8220; align=&#8220;right&#8220; _builder_version=&#8220;4.21.0&#8243; _module_preset=&#8220;default&#8220; hover_enabled=&#8220;0&#8243; global_colors_info=&#8220;{}&#8220; sticky_enabled=&#8220;0&#8243; align_last_edited=&#8220;on|desktop&#8220; align_tablet=&#8220;center&#8220; align_phone=&#8220;center&#8220;][\/et_pb_image][\/et_pb_column][\/et_pb_row][\/et_pb_section]<\/p>\n","protected":false},"excerpt":{"rendered":"<p>Nachhaltigkeit<nav aria-label=\"breadcrumbs\" class=\"rank-math-breadcrumb\"><p><span class=\"last\">Home<\/span><\/p><\/nav>APmedical ist \u00fcberzeugt, dass Unternehmen sehr wichtig sind, um eine bessere und nachhaltigere Welt zu verwirklichen. Aufgrund ihres potenziellen hochinfekti\u00f6sen Inhalts m\u00fcssen Beh\u00e4lter f\u00fcr medizinische Abf\u00e4lle die strengsten Anforderungen erf\u00fcllen, die von internationalen Normen und nationalen Beh\u00f6rden festgelegt wurden, um eine sichere Verwendung und einen sicheren Transport zu gew\u00e4hrleisten. Noch dazu, durch die Teilnahme an [&hellip;]<\/p>\n","protected":false},"author":1,"featured_media":0,"parent":0,"menu_order":0,"comment_status":"closed","ping_status":"closed","template":"","meta":{"_et_pb_use_builder":"on","_et_pb_old_content":"","_et_gb_content_width":"","footnotes":""},"class_list":["post-17991","page","type-page","status-publish","hentry"],"_links":{"self":[{"href":"https:\/\/apmedical.it\/de\/wp-json\/wp\/v2\/pages\/17991","targetHints":{"allow":["GET"]}}],"collection":[{"href":"https:\/\/apmedical.it\/de\/wp-json\/wp\/v2\/pages"}],"about":[{"href":"https:\/\/apmedical.it\/de\/wp-json\/wp\/v2\/types\/page"}],"author":[{"embeddable":true,"href":"https:\/\/apmedical.it\/de\/wp-json\/wp\/v2\/users\/1"}],"replies":[{"embeddable":true,"href":"https:\/\/apmedical.it\/de\/wp-json\/wp\/v2\/comments?post=17991"}],"version-history":[{"count":2,"href":"https:\/\/apmedical.it\/de\/wp-json\/wp\/v2\/pages\/17991\/revisions"}],"predecessor-version":[{"id":17993,"href":"https:\/\/apmedical.it\/de\/wp-json\/wp\/v2\/pages\/17991\/revisions\/17993"}],"wp:attachment":[{"href":"https:\/\/apmedical.it\/de\/wp-json\/wp\/v2\/media?parent=17991"}],"curies":[{"name":"wp","href":"https:\/\/api.w.org\/{rel}","templated":true}]}}