{"id":17979,"date":"2023-06-15T21:11:49","date_gmt":"2023-06-15T19:11:49","guid":{"rendered":"http:\/\/apmedical.it\/home\/"},"modified":"2024-07-24T18:53:17","modified_gmt":"2024-07-24T16:53:17","slug":"home","status":"publish","type":"page","link":"https:\/\/apmedical.it\/de\/","title":{"rendered":"Home"},"content":{"rendered":"<p>[et_pb_section fb_built=&#8220;1&#8243; make_equal=&#8220;on&#8220; use_custom_gutter=&#8220;on&#8220; gutter_width=&#8220;1&#8243; specialty=&#8220;on&#8220; custom_padding_last_edited=&#8220;off|desktop&#8220; next_background_color=&#8220;#f9f9f9&#8243; parallax_2=&#8220;on&#8220; _builder_version=&#8220;4.27.0&#8243; _module_preset=&#8220;default&#8220; inner_width=&#8220;100%&#8220; inner_max_width=&#8220;100%&#8220; custom_margin=&#8220;0px||||false|false&#8220; custom_padding=&#8220;0px||90px||false|false&#8220; custom_padding_tablet=&#8220;||180px||false|false&#8220; custom_padding_phone=&#8220;||180px||false|false&#8220; bottom_divider_style=&#8220;waves2&#8243; hover_enabled=&#8220;0&#8243; global_colors_info=&#8220;{}&#8220; sticky_enabled=&#8220;0&#8243;][et_pb_column type=&#8220;1_2&#8243; specialty_columns=&#8220;2&#8243; _builder_version=&#8220;4.16&#8243; custom_padding=&#8220;|||&#8220; global_colors_info=&#8220;{}&#8220; custom_padding__hover=&#8220;|||&#8220;][et_pb_row_inner _builder_version=&#8220;4.21.0&#8243; _module_preset=&#8220;default&#8220; background_image=&#8220;https:\/\/apmedical.it\/wp-content\/uploads\/2023\/06\/sfondo-dark400x400.jpg&#8220; background_size=&#8220;initial&#8220; background_repeat=&#8220;repeat&#8220; width=&#8220;76%&#8220; module_alignment=&#8220;left&#8220; custom_padding=&#8220;0px||0px||false|false&#8220; border_radii=&#8220;off||400px|400px|&#8220; global_colors_info=&#8220;{}&#8220;][et_pb_column_inner saved_specialty_column_type=&#8220;1_2&#8243; _builder_version=&#8220;4.21.0&#8243; _module_preset=&#8220;default&#8220; global_colors_info=&#8220;{}&#8220;][et_pb_text _builder_version=&#8220;4.27.0&#8243; _module_preset=&#8220;default&#8220; text_text_color=&#8220;#FFFFFF&#8220; header_font=&#8220;ABeeZee||||||||&#8220; header_text_color=&#8220;#494544&#8243; header_font_size=&#8220;59px&#8220; background_enable_image=&#8220;off&#8220; background_size=&#8220;initial&#8220; background_repeat=&#8220;repeat&#8220; positioning=&#8220;relative&#8220; width=&#8220;22vw&#8220; width_tablet=&#8220;48vw&#8220; width_phone=&#8220;60vw&#8220; width_last_edited=&#8220;on|phone&#8220; max_width_last_edited=&#8220;off|desktop&#8220; module_alignment=&#8220;center&#8220; custom_margin=&#8220;||||false|false&#8220; custom_margin_tablet=&#8220;||||false|false&#8220; custom_margin_phone=&#8220;||||false|false&#8220; custom_margin_last_edited=&#8220;on|desktop&#8220; custom_padding=&#8220;5vw||5vw|3vw|true|false&#8220; custom_padding_tablet=&#8220;|||3vw|true|false&#8220; custom_padding_phone=&#8220;5vw||5vw|3vw|true|false&#8220; custom_padding_last_edited=&#8220;on|desktop&#8220; header_font_size_tablet=&#8220;60px&#8220; header_font_size_phone=&#8220;42px&#8220; header_font_size_last_edited=&#8220;on|phone&#8220; border_radii=&#8220;off||400px|400px|&#8220; locked=&#8220;off&#8220; global_colors_info=&#8220;{}&#8220;]<\/p>\n<h1>Ihre<br \/>Wahl<br \/>der Sicherheit<\/h1>\n<p>[\/et_pb_text][\/et_pb_column_inner][\/et_pb_row_inner][et_pb_row_inner _builder_version=&#8220;4.21.0&#8243; _module_preset=&#8220;default&#8220; global_colors_info=&#8220;{}&#8220;][et_pb_column_inner saved_specialty_column_type=&#8220;1_2&#8243; _builder_version=&#8220;4.21.0&#8243; _module_preset=&#8220;default&#8220; global_colors_info=&#8220;{}&#8220;][et_pb_text _builder_version=&#8220;4.21.0&#8243; _module_preset=&#8220;default&#8220; text_font=&#8220;ABeeZee||||||||&#8220; text_font_size=&#8220;18px&#8220; text_line_height=&#8220;1.8em&#8220; width_phone=&#8220;50vw&#8220; width_last_edited=&#8220;off|tablet&#8220; custom_margin=&#8220;||||false|false&#8220; custom_padding=&#8220;|5vw||5vw|false|true&#8220; custom_padding_tablet=&#8220;|20vw||5vw|false|false&#8220; custom_padding_phone=&#8220;|5vw||5vw|false|true&#8220; custom_padding_last_edited=&#8220;on|desktop&#8220; text_font_size_tablet=&#8220;16px&#8220; text_font_size_phone=&#8220;16px&#8220; text_font_size_last_edited=&#8220;on|tablet&#8220; locked=&#8220;off&#8220; global_colors_info=&#8220;{}&#8220;]<\/p>\n<p><span>APmedical bietet eine umfangreiche Auswahl an Beh\u00e4ltern f\u00fcr den medizinischen Gebrauch bei der Entsorgung von Sonderabf\u00e4llen in Krankenh\u00e4usern: mit \u00fcber 40 Jahren Erfahrung im Bereich Kunststoffspritzguss z\u00e4hlt das Unternehmen zu den f\u00fchrenden Herstellern dieser Branche in Europa. Eine besonders konkurrenzf\u00e4hige Produktion, ein reichhaltiges Sortiment, individueller Service, erstklassige Materialien und zahlreiche Produktzertifizierungen sind nur einige der St\u00e4rken der Marke APmedical.<\/span><\/p>\n<p>[\/et_pb_text][\/et_pb_column_inner][\/et_pb_row_inner][\/et_pb_column][et_pb_column type=&#8220;1_2&#8243; _builder_version=&#8220;4.16&#8243; custom_padding=&#8220;|||&#8220; global_colors_info=&#8220;{}&#8220; custom_padding__hover=&#8220;|||&#8220;][et_pb_image src=&#8220;https:\/\/apmedical.it\/wp-content\/uploads\/2023\/06\/EXPO.jpg&#8220; title_text=&#8220;EXPO&#8220; _builder_version=&#8220;4.21.0&#8243; _module_preset=&#8220;default&#8220; max_height_tablet=&#8220;480px&#8220; max_height_phone=&#8220;480px&#8220; max_height_last_edited=&#8220;on|desktop&#8220; custom_margin=&#8220;-3vw||0px||false|false&#8220; custom_margin_tablet=&#8220;0vw||||false|false&#8220; custom_margin_phone=&#8220;0vw||||false|false&#8220; custom_margin_last_edited=&#8220;on|tablet&#8220; custom_padding=&#8220;||||false|false&#8220; border_radii=&#8220;off||||200px&#8220; global_colors_info=&#8220;{}&#8220;][\/et_pb_image][\/et_pb_column][\/et_pb_section][et_pb_section fb_built=&#8220;1&#8243; _builder_version=&#8220;4.21.0&#8243; _module_preset=&#8220;default&#8220; background_color=&#8220;#f9f9f9&#8243; global_colors_info=&#8220;{}&#8220;][et_pb_row _builder_version=&#8220;4.21.0&#8243; _module_preset=&#8220;default&#8220; width=&#8220;50%&#8220; width_tablet=&#8220;80%&#8220; width_phone=&#8220;80%&#8220; width_last_edited=&#8220;on|desktop&#8220; global_colors_info=&#8220;{}&#8220;][et_pb_column type=&#8220;4_4&#8243; _builder_version=&#8220;4.21.0&#8243; _module_preset=&#8220;default&#8220; global_colors_info=&#8220;{}&#8220;][et_pb_text _builder_version=&#8220;4.21.0&#8243; _module_preset=&#8220;default&#8220; text_text_color=&#8220;#FFFFFF&#8220; header_font=&#8220;ABeeZee||||||||&#8220; header_font_size=&#8220;54px&#8220; header_2_text_align=&#8220;center&#8220; header_2_font_size=&#8220;44px&#8220; custom_margin=&#8220;||20px||false|false&#8220; custom_padding=&#8220;||||false|false&#8220; header_font_size_tablet=&#8220;54px&#8220; header_font_size_phone=&#8220;36px&#8220; header_font_size_last_edited=&#8220;on|phone&#8220; header_2_font_size_tablet=&#8220;44px&#8220; header_2_font_size_phone=&#8220;44px&#8220; header_2_font_size_last_edited=&#8220;on|desktop&#8220; global_colors_info=&#8220;{}&#8220;]<\/p>\n<h2>Produkte<\/h2>\n<p>[\/et_pb_text][et_pb_image src=&#8220;https:\/\/apmedical.it\/wp-content\/uploads\/2023\/05\/separatore-rosso-corto.png&#8220; title_text=&#8220;trennzeichen-rot-kurz&#8220; align=&#8220;center&#8220; _builder_version=&#8220;4.21.0&#8243; _module_preset=&#8220;default&#8220; custom_padding=&#8220;0px||||false|false&#8220; custom_padding_tablet=&#8220;0px||||false|false&#8220; custom_padding_phone=&#8220;0px||||false|false&#8220; custom_padding_last_edited=&#8220;on|phone&#8220; locked=&#8220;off&#8220; global_colors_info=&#8220;{}&#8220;][\/et_pb_image][et_pb_text _builder_version=&#8220;4.21.0&#8243; _module_preset=&#8220;default&#8220; text_font=&#8220;ABeeZee||||||||&#8220; text_font_size=&#8220;16px&#8220; text_line_height=&#8220;1.8em&#8220; text_orientation=&#8220;center&#8220; width_tablet=&#8220;50vw&#8220; width_phone=&#8220;50vw&#8220; width_last_edited=&#8220;off|desktop&#8220; custom_margin=&#8220;||||false|false&#8220; custom_padding=&#8220;||||false|false&#8220; custom_padding_tablet=&#8220;|5vw||5vw|false|true&#8220; custom_padding_phone=&#8220;|5vw||5vw|false|true&#8220; custom_padding_last_edited=&#8220;off|desktop&#8220; locked=&#8220;off&#8220; global_colors_info=&#8220;{}&#8220; custom_padding__hover_enabled=&#8220;off|desktop&#8220;]<\/p>\n<p>Die beiden Hauptproduktlinien von APmedical sind Abfallbeh\u00e4lter und Beh\u00e4lter f\u00fcr scharfe Gegenst\u00e4nde. Diese Linien wurden speziell f\u00fcr die sichere und effiziente Entsorgung von Krankenhausabf\u00e4llen entwickelt und bieten zuverl\u00e4ssige L\u00f6sungen f\u00fcr medizinisches Fachpersonal.<\/p>\n<p>[\/et_pb_text][\/et_pb_column][\/et_pb_row][et_pb_row column_structure=&#8220;1_2,1_2&#8243; make_equal=&#8220;on&#8220; _builder_version=&#8220;4.21.0&#8243; _module_preset=&#8220;default&#8220; width=&#8220;50%&#8220; width_tablet=&#8220;50%&#8220; width_phone=&#8220;50%&#8220; width_last_edited=&#8220;on|tablet&#8220; max_width=&#8220;100%&#8220; global_colors_info=&#8220;{}&#8220;][et_pb_column type=&#8220;1_2&#8243; _builder_version=&#8220;4.21.0&#8243; _module_preset=&#8220;default&#8220; global_colors_info=&#8220;{}&#8220;][et_pb_image src=&#8220;https:\/\/apmedical.it\/wp-content\/uploads\/2023\/05\/CS-6B-167-x-167-x-H-376-mm.jpg&#8220; title_text=&#8220;CS 6B 167 x 167 x H 376 mm&#8220; url=&#8220;https:\/\/apmedical.it\/de\/produkte\/behaelter-fuer-scharfe-gegenstaende\/&#8220; _builder_version=&#8220;4.21.0&#8243; _module_preset=&#8220;default&#8220; width=&#8220;90%&#8220; module_alignment=&#8220;center&#8220; border_radii=&#8220;on|24px|24px|24px|24px&#8220; global_colors_info=&#8220;{}&#8220; width__hover_enabled=&#8220;on|hover&#8220; width__hover=&#8220;100%&#8220;][\/et_pb_image][et_pb_text _builder_version=&#8220;4.21.0&#8243; _module_preset=&#8220;default&#8220; text_text_color=&#8220;#FFFFFF&#8220; header_font=&#8220;ABeeZee||||||||&#8220; header_font_size=&#8220;54px&#8220; header_2_text_align=&#8220;center&#8220; header_2_font_size=&#8220;44px&#8220; header_3_text_align=&#8220;center&#8220; header_3_font_size=&#8220;30px&#8220; custom_margin=&#8220;||||false|false&#8220; custom_padding=&#8220;||10px||false|false&#8220; link_option_url=&#8220;https:\/\/apmedical.it\/de\/produkte\/behaelter-fuer-scharfe-gegenstaende\/&#8220; header_font_size_tablet=&#8220;54px&#8220; header_font_size_phone=&#8220;36px&#8220; header_font_size_last_edited=&#8220;on|phone&#8220; header_2_font_size_tablet=&#8220;44px&#8220; header_2_font_size_phone=&#8220;44px&#8220; header_2_font_size_last_edited=&#8220;on|desktop&#8220; global_colors_info=&#8220;{}&#8220; background__hover_enabled=&#8220;off|hover&#8220; background_enable_image__hover=&#8220;off&#8220; background_size__hover=&#8220;initial&#8220; background_position__hover=&#8220;bottom_center&#8220;]<\/p>\n<h3>Sharps Containers<\/h3>\n<p>[\/et_pb_text][\/et_pb_column][et_pb_column type=&#8220;1_2&#8243; _builder_version=&#8220;4.21.0&#8243; _module_preset=&#8220;default&#8220; global_colors_info=&#8220;{}&#8220;][et_pb_image src=&#8220;https:\/\/apmedical.it\/wp-content\/uploads\/2023\/06\/SC-60-MONO-40-x-30-x-H-65-cm.jpg&#8220; title_text=&#8220;SC 60 MONO 40 x 30 x H 65 cm&#8220; url=&#8220;https:\/\/apmedical.it\/de\/produkte\/abfallbehaelter\/&#8220; _builder_version=&#8220;4.21.0&#8243; _module_preset=&#8220;default&#8220; width=&#8220;90%&#8220; module_alignment=&#8220;center&#8220; border_radii=&#8220;on|24px|24px|24px|24px&#8220; global_colors_info=&#8220;{}&#8220; width__hover_enabled=&#8220;on|hover&#8220; width__hover=&#8220;100%&#8220;][\/et_pb_image][et_pb_text _builder_version=&#8220;4.21.0&#8243; _module_preset=&#8220;default&#8220; text_text_color=&#8220;#FFFFFF&#8220; header_font=&#8220;ABeeZee||||||||&#8220; header_font_size=&#8220;54px&#8220; header_2_text_align=&#8220;center&#8220; header_2_font_size=&#8220;44px&#8220; header_3_text_align=&#8220;center&#8220; header_3_font_size=&#8220;30px&#8220; custom_margin=&#8220;||||false|false&#8220; custom_padding=&#8220;||10px||false|false&#8220; link_option_url=&#8220;https:\/\/apmedical.it\/de\/produkte\/behaelter-fuer-scharfe-gegenstaende\/&#8220; header_font_size_tablet=&#8220;54px&#8220; header_font_size_phone=&#8220;36px&#8220; header_font_size_last_edited=&#8220;on|phone&#8220; header_2_font_size_tablet=&#8220;44px&#8220; header_2_font_size_phone=&#8220;44px&#8220; header_2_font_size_last_edited=&#8220;on|desktop&#8220; global_colors_info=&#8220;{}&#8220; background__hover_enabled=&#8220;off|hover&#8220; background_enable_image__hover=&#8220;off&#8220;]<\/p>\n<h3>Waste Containers<\/h3>\n<p>[\/et_pb_text][\/et_pb_column][\/et_pb_row][\/et_pb_section][et_pb_section fb_built=&#8220;1&#8243; custom_padding_last_edited=&#8220;off|desktop&#8220; _builder_version=&#8220;4.27.0&#8243; _module_preset=&#8220;default&#8220; background_image=&#8220;https:\/\/apmedical.it\/wp-content\/uploads\/2023\/06\/sfondo-dark400x400.jpg&#8220; background_size=&#8220;initial&#8220; background_repeat=&#8220;repeat&#8220; custom_padding=&#8220;120px||120px||true|false&#8220; custom_padding_tablet=&#8220;7vw||7vw||true|false&#8220; custom_padding_phone=&#8220;7vw||7vw||true|false&#8220; locked=&#8220;off&#8220; global_colors_info=&#8220;{}&#8220;][et_pb_row column_structure=&#8220;3_5,2_5&#8243; use_custom_gutter=&#8220;on&#8220; make_equal=&#8220;on&#8220; _builder_version=&#8220;4.21.0&#8243; _module_preset=&#8220;default&#8220; background_color=&#8220;#FFFFFF&#8220; max_width=&#8220;100%&#8220; custom_margin=&#8220;||||false|false&#8220; custom_padding=&#8220;40px|40px|40px|40px|true|true&#8220; border_radii=&#8220;off|20px|20px||&#8220; global_colors_info=&#8220;{}&#8220;][et_pb_column type=&#8220;3_5&#8243; _builder_version=&#8220;4.21.0&#8243; _module_preset=&#8220;default&#8220; global_colors_info=&#8220;{}&#8220;][et_pb_text _builder_version=&#8220;4.21.0&#8243; _module_preset=&#8220;default&#8220; text_text_color=&#8220;#FFFFFF&#8220; header_font=&#8220;ABeeZee||||||||&#8220; header_font_size=&#8220;54px&#8220; header_2_font_size=&#8220;44px&#8220; custom_margin=&#8220;||20px||false|false&#8220; custom_padding=&#8220;||||false|false&#8220; header_font_size_tablet=&#8220;54px&#8220; header_font_size_phone=&#8220;36px&#8220; header_font_size_last_edited=&#8220;on|phone&#8220; header_2_font_size_tablet=&#8220;44px&#8220; header_2_font_size_phone=&#8220;44px&#8220; header_2_font_size_last_edited=&#8220;on|desktop&#8220; global_colors_info=&#8220;{}&#8220;]<\/p>\n<h2>Zertifiziertes und umweltfreundliches Unternehmen<\/h2>\n<p>[\/et_pb_text][et_pb_image src=&#8220;https:\/\/apmedical.it\/wp-content\/uploads\/2023\/05\/separatore-rosso-corto.png&#8220; title_text=&#8220;trennzeichen-rot-kurz&#8220; _builder_version=&#8220;4.21.0&#8243; _module_preset=&#8220;default&#8220; custom_padding=&#8220;0px||||false|false&#8220; custom_padding_tablet=&#8220;0px||||false|false&#8220; custom_padding_phone=&#8220;0px||||false|false&#8220; custom_padding_last_edited=&#8220;on|phone&#8220; locked=&#8220;off&#8220; global_colors_info=&#8220;{}&#8220;][\/et_pb_image][et_pb_text _builder_version=&#8220;4.21.0&#8243; _module_preset=&#8220;default&#8220; text_font=&#8220;ABeeZee||||||||&#8220; text_font_size=&#8220;16px&#8220; text_line_height=&#8220;1.8em&#8220; custom_margin=&#8220;||20px||false|false&#8220; custom_padding=&#8220;0px||||false|false&#8220; locked=&#8220;off&#8220; global_colors_info=&#8220;{}&#8220;]<\/p>\n<p>Die Produkte von APmedical unterliegen strengen Qualit\u00e4tszertifizierungen und garantieren so die Einhaltung strengster internationaler Sicherheitsvorschriften. APmedical-Beh\u00e4lter bestehen aus hochwertigen Kunststoffmaterialien wie Copolymer-Polypropylen, das mit kadmiumfreien Pigmenten oder anderen schweren Materialien eingef\u00e4rbt ist, und sind best\u00e4ndig gegen Fl\u00fcssigkeiten und L\u00f6sungsmittel. IDar\u00fcber hinaus erm\u00f6glichen sie die Entsorgung durch Verbrennung ohne den Aussto\u00df sch\u00e4dlicher Gase und respektieren damit internationale Umweltvorschriften.<\/p>\n<p>Die APmedical Sharps Containers-Linie, die f\u00fcr die Sammlung von Nadeln und scharfen Abf\u00e4llen bestimmt ist, ist so konzipiert, dass sie dem Durchstechen durch Nadeln und Kan\u00fclen, die die Hauptunfallursache f\u00fcr Krankenhauspersonal darstellen, standh\u00e4lt. Die Abfallbeh\u00e4lter-Linie hingegen bietet Beh\u00e4lter f\u00fcr gef\u00e4hrliche Krankenhausabf\u00e4lle. Diese Beh\u00e4lter sind mit einem speziellen Randkleber ausgestattet, der einen luftdichten Verschluss gew\u00e4hrleistet und jegliches Infektionsrisiko verhindert.<\/p>\n<p>APmedical-Beh\u00e4lter sind \u00e4u\u00dferst robust und solide und halten St\u00f6\u00dfen und den widrigsten Bedingungen beim Transport zu Deponien oder Verbrennungsanlagen stand. Sie werden au\u00dferdem darauf getestet, unterschiedlichen Einsatztemperaturen standzuhalten, um ihre Zuverl\u00e4ssigkeit in jeder Situation sicherzustellen.<\/p>\n<p>[\/et_pb_text][et_pb_button button_url=&#8220;https:\/\/apmedical.it\/de\/zertifizierungen\/&#8220; button_text=&#8220;Entdecken Sie unsere Zertifizierungen&#8220; _builder_version=&#8220;4.21.0&#8243; _module_preset=&#8220;default&#8220; custom_button=&#8220;on&#8220; button_text_size=&#8220;18px&#8220; button_text_color=&#8220;#FFFFFF&#8220; button_bg_color=&#8220;#d71921&#8243; button_border_width=&#8220;0px&#8220; button_font=&#8220;ABeeZee|||on|||||&#8220; button_use_icon=&#8220;off&#8220; custom_margin=&#8220;40px||||false|false&#8220; custom_padding=&#8220;10px|20px|10px|20px|true|true&#8220; locked=&#8220;off&#8220; global_colors_info=&#8220;{}&#8220; button_bg_color__hover_enabled=&#8220;on|hover&#8220; button_bg_color__hover=&#8220;#494544&#8243; button_bg_enable_color__hover=&#8220;on&#8220;][\/et_pb_button][\/et_pb_column][et_pb_column type=&#8220;2_5&#8243; _builder_version=&#8220;4.21.0&#8243; _module_preset=&#8220;default&#8220; global_colors_info=&#8220;{}&#8220;][et_pb_image src=&#8220;https:\/\/apmedical.it\/wp-content\/uploads\/2023\/06\/FOTO-ISTITUZIONALE-VERTICALE.jpg&#8220; title_text=&#8220;VERTIKALES INSTITUTIONELLES FOTO&#8220; _builder_version=&#8220;4.21.0&#8243; _module_preset=&#8220;default&#8220; custom_margin_tablet=&#8220;20px||||false|false&#8220; custom_margin_phone=&#8220;20px||||false|false&#8220; custom_margin_last_edited=&#8220;on|tablet&#8220; border_radii=&#8220;on|20px|20px|20px|20px&#8220; locked=&#8220;off&#8220; global_colors_info=&#8220;{}&#8220;][\/et_pb_image][\/et_pb_column][\/et_pb_row][et_pb_row _builder_version=&#8220;4.21.0&#8243; _module_preset=&#8220;default&#8220; width=&#8220;100%&#8220; max_width=&#8220;100%&#8220; custom_margin=&#8220;100px||||false|false&#8220; custom_margin_tablet=&#8220;100px||||false|false&#8220; custom_margin_phone=&#8220;100px||||false|false&#8220; custom_margin_last_edited=&#8220;on|desktop&#8220; global_colors_info=&#8220;{}&#8220;][et_pb_column type=&#8220;4_4&#8243; _builder_version=&#8220;4.21.0&#8243; _module_preset=&#8220;default&#8220; global_colors_info=&#8220;{}&#8220;][dica_divi_carousel show_items_desktop=&#8220;3&#8243; show_items_tablet=&#8220;2&#8243; centermode=&#8220;on&#8220; loop=&#8220;on&#8220; autoplay=&#8220;on&#8220; equal_height=&#8220;on&#8220; advanced_effect=&#8220;coverflow&#8220; coverflow_shadow=&#8220;off&#8220; _builder_version=&#8220;4.22.2&#8243; _module_preset=&#8220;default&#8220; border_radii_image=&#8220;on|20px|20px|20px|20px&#8220; global_colors_info=&#8220;{}&#8220;][dica_divi_carouselitem button_url_new_window=&#8220;1&#8243; image=&#8220;https:\/\/apmedical.it\/wp-content\/uploads\/2023\/06\/FIERA.jpg&#8220; _builder_version=&#8220;4.21.0&#8243; _module_preset=&#8220;default&#8220; global_colors_info=&#8220;{}&#8220;][\/dica_divi_carouselitem][dica_divi_carouselitem button_url_new_window=&#8220;1&#8243; image=&#8220;https:\/\/apmedical.it\/wp-content\/uploads\/2023\/06\/EXPO2.jpg&#8220; _builder_version=&#8220;4.21.0&#8243; _module_preset=&#8220;default&#8220; global_colors_info=&#8220;{}&#8220;][\/dica_divi_carouselitem][dica_divi_carouselitem button_url_new_window=&#8220;1&#8243; image=&#8220;https:\/\/apmedical.it\/wp-content\/uploads\/2023\/11\/prototipazione-4.jpg&#8220; _builder_version=&#8220;4.22.2&#8243; _module_preset=&#8220;default&#8220; global_colors_info=&#8220;{}&#8220;][\/dica_divi_carouselitem][dica_divi_carouselitem button_url_new_window=&#8220;1&#8243; image=&#8220;https:\/\/apmedical.it\/wp-content\/uploads\/2023\/06\/Esterno-sede.jpg&#8220; _builder_version=&#8220;4.21.0&#8243; _module_preset=&#8220;default&#8220; global_colors_info=&#8220;{}&#8220;][\/dica_divi_carouselitem][dica_divi_carouselitem button_url_new_window=&#8220;1&#8243; image=&#8220;https:\/\/apmedical.it\/wp-content\/uploads\/2023\/06\/EXPO.jpg&#8220; _builder_version=&#8220;4.21.0&#8243; _module_preset=&#8220;default&#8220; global_colors_info=&#8220;{}&#8220;][\/dica_divi_carouselitem][\/dica_divi_carousel][\/et_pb_column][\/et_pb_row][\/et_pb_section]<\/p>\n","protected":false},"excerpt":{"rendered":"<p>IhreWahlder SicherheitAPmedical bietet eine umfangreiche Auswahl an Beh\u00e4ltern f\u00fcr den medizinischen Gebrauch bei der Entsorgung von Sonderabf\u00e4llen in Krankenh\u00e4usern: mit \u00fcber 40 Jahren Erfahrung im Bereich Kunststoffspritzguss z\u00e4hlt das Unternehmen zu den f\u00fchrenden Herstellern dieser Branche in Europa. Eine besonders konkurrenzf\u00e4hige Produktion, ein reichhaltiges Sortiment, individueller Service, erstklassige Materialien und zahlreiche Produktzertifizierungen sind nur einige [&hellip;]<\/p>\n","protected":false},"author":1,"featured_media":0,"parent":0,"menu_order":0,"comment_status":"closed","ping_status":"closed","template":"","meta":{"_et_pb_use_builder":"on","_et_pb_old_content":"","_et_gb_content_width":"","footnotes":""},"class_list":["post-17979","page","type-page","status-publish","hentry"],"_links":{"self":[{"href":"https:\/\/apmedical.it\/de\/wp-json\/wp\/v2\/pages\/17979","targetHints":{"allow":["GET"]}}],"collection":[{"href":"https:\/\/apmedical.it\/de\/wp-json\/wp\/v2\/pages"}],"about":[{"href":"https:\/\/apmedical.it\/de\/wp-json\/wp\/v2\/types\/page"}],"author":[{"embeddable":true,"href":"https:\/\/apmedical.it\/de\/wp-json\/wp\/v2\/users\/1"}],"replies":[{"embeddable":true,"href":"https:\/\/apmedical.it\/de\/wp-json\/wp\/v2\/comments?post=17979"}],"version-history":[{"count":24,"href":"https:\/\/apmedical.it\/de\/wp-json\/wp\/v2\/pages\/17979\/revisions"}],"predecessor-version":[{"id":19727,"href":"https:\/\/apmedical.it\/de\/wp-json\/wp\/v2\/pages\/17979\/revisions\/19727"}],"wp:attachment":[{"href":"https:\/\/apmedical.it\/de\/wp-json\/wp\/v2\/media?parent=17979"}],"curies":[{"name":"wp","href":"https:\/\/api.w.org\/{rel}","templated":true}]}}