{"id":17956,"date":"2023-06-08T20:36:38","date_gmt":"2023-06-08T18:36:38","guid":{"rendered":"http:\/\/apmedical.it\/unternehmen\/"},"modified":"2023-09-12T16:49:54","modified_gmt":"2023-09-12T14:49:54","slug":"unternehmen","status":"publish","type":"page","link":"https:\/\/apmedical.it\/de\/unternehmen\/","title":{"rendered":"Unternehmen"},"content":{"rendered":"<p>[et_pb_section fb_built=&#8220;1&#8243; specialty=&#8220;on&#8220; _builder_version=&#8220;4.21.0&#8243; _module_preset=&#8220;default&#8220; background_enable_image=&#8220;off&#8220; width=&#8220;100%&#8220; max_width=&#8220;100%&#8220; inner_width=&#8220;80%&#8220; inner_max_width=&#8220;100%&#8220; hover_enabled=&#8220;0&#8243; global_colors_info=&#8220;{}&#8220; custom_padding=&#8220;80px||||false|false&#8220; sticky_enabled=&#8220;0&#8243;][et_pb_column type=&#8220;2_3&#8243; specialty_columns=&#8220;2&#8243; _builder_version=&#8220;4.16&#8243; custom_padding=&#8220;|||&#8220; global_colors_info=&#8220;{}&#8220; custom_padding__hover=&#8220;|||&#8220;][et_pb_row_inner _builder_version=&#8220;4.21.0&#8243; _module_preset=&#8220;default&#8220; width=&#8220;290px&#8220; custom_padding=&#8220;0px||0px||false|false&#8220; global_colors_info=&#8220;{}&#8220;][et_pb_column_inner saved_specialty_column_type=&#8220;2_3&#8243; _builder_version=&#8220;4.21.0&#8243; _module_preset=&#8220;default&#8220; background_enable_color=&#8220;off&#8220; custom_padding=&#8220;||||false|false&#8220; global_colors_info=&#8220;{}&#8220;][et_pb_text _builder_version=&#8220;4.21.0&#8243; _module_preset=&#8220;default&#8220; text_text_color=&#8220;#FFFFFF&#8220; header_font=&#8220;ABeeZee||||||||&#8220; header_text_color=&#8220;#494544&#8243; header_font_size=&#8220;54px&#8220; custom_margin=&#8220;||-10px||false|false&#8220; custom_padding=&#8220;||0px||false|false&#8220; header_font_size_tablet=&#8220;54px&#8220; header_font_size_phone=&#8220;40px&#8220; header_font_size_last_edited=&#8220;on|phone&#8220; global_colors_info=&#8220;{}&#8220;]<\/p>\n<h1>Unternehmen<\/h1>\n<p>[\/et_pb_text][et_pb_text _builder_version=&#8220;4.21.0&#8243; _module_preset=&#8220;default&#8220; text_font=&#8220;ABeeZee||||||||&#8220; text_text_color=&#8220;#494544&#8243; link_font=&#8220;ABeeZee||||||||&#8220; link_text_color=&#8220;#d71921&#8243; global_module=&#8220;15214&#8243; saved_tabs=&#8220;all&#8220; global_colors_info=&#8220;{}&#8220;]<\/p>\n<p><span><nav aria-label=\"breadcrumbs\" class=\"rank-math-breadcrumb\"><p><span class=\"last\">Home<\/span><\/p><\/nav><\/span><\/p>\n<p>[\/et_pb_text][et_pb_image src=&#8220;http:\/\/apmedical.it\/wp-content\/uploads\/2023\/05\/separatore-rosso-corto.png&#8220; title_text=&#8220;trennzeichen-rot-kurz&#8220; _builder_version=&#8220;4.21.0&#8243; _module_preset=&#8220;default&#8220; custom_margin=&#8220;40px||||false|false&#8220; custom_padding=&#8220;||||false|false&#8220; custom_padding_tablet=&#8220;0px||||false|false&#8220; custom_padding_phone=&#8220;0px||||false|false&#8220; custom_padding_last_edited=&#8220;off|desktop&#8220; locked=&#8220;off&#8220; global_colors_info=&#8220;{}&#8220;][\/et_pb_image][\/et_pb_column_inner][\/et_pb_row_inner][et_pb_row_inner _builder_version=&#8220;4.21.0&#8243; _module_preset=&#8220;default&#8220; global_colors_info=&#8220;{}&#8220;][et_pb_column_inner saved_specialty_column_type=&#8220;2_3&#8243; _builder_version=&#8220;4.21.0&#8243; _module_preset=&#8220;default&#8220; global_colors_info=&#8220;{}&#8220;][et_pb_text _builder_version=&#8220;4.21.0&#8243; _module_preset=&#8220;default&#8220; text_font=&#8220;ABeeZee||||||||&#8220; text_font_size=&#8220;16px&#8220; text_line_height=&#8220;1.8em&#8220; custom_margin=&#8220;||20px||false|false&#8220; custom_padding=&#8220;0px||||false|false&#8220; locked=&#8220;off&#8220; global_colors_info=&#8220;{}&#8220;]<\/p>\n<p>APmedical ist eine Marke der <a href=\"https:\/\/global.keter.com\/it_it\/\" target=\"_blank\" rel=\"noopener\">Keter Italia S.p.A.<\/a>, einem Unternehmen das L\u00f6sungen zur Einrichtung und Organisation des Wohn-und Arbeitsraums, sowohl Beh\u00e4lter f\u00fcr den medizinischen Gebrauch zur Entsorgung von Sonderabf\u00e4llen entwickelt, produziert und verkauft.<\/p>\n<p>APmedical bietet eine umfangreiche Auswahl an Beh\u00e4ltern f\u00far den medizinischen Gebrauch bei der Entsorgung von Sonderabf\u00e4llen in Krankenh\u00e4usern: mit \u00faber 30 Jahren Erfahrung im Bereich Kunststoffspritzguss z\u00e4hlt das Unternehmen zu den f\u00fahrenden Herstellern dieser Branche in Europa. Eine besonders konkurrenzf\u00e4hige Produktion, ein reichhaltiges Sortiment, individueller Service, erstklassige Materialien und zahlreiche Produktzertifizierungen sind nur einige der St\u00e4rken der Marke APmedical.<\/p>\n<p>[\/et_pb_text][et_pb_image src=&#8220;http:\/\/apmedical.it\/wp-content\/uploads\/2023\/06\/Esterno-sede.jpg&#8220; title_text=&#8220;Au\u00dfenansicht des AP-B\u00fcros&#8220; _builder_version=&#8220;4.21.0&#8243; _module_preset=&#8220;default&#8220; border_radii=&#8220;on|30px|30px|30px|30px&#8220; global_colors_info=&#8220;{}&#8220;][\/et_pb_image][\/et_pb_column_inner][\/et_pb_row_inner][\/et_pb_column][et_pb_column type=&#8220;1_3&#8243; _builder_version=&#8220;4.16&#8243; custom_padding=&#8220;|||&#8220; global_colors_info=&#8220;{}&#8220; custom_padding__hover=&#8220;|||&#8220;][et_pb_image src=&#8220;http:\/\/apmedical.it\/wp-content\/uploads\/2023\/06\/FOTO-ISTITUZIONALE-VERTICALE.jpg&#8220; title_text=&#8220;VERTIKALES INSTITUTIONELLES FOTO&#8220; _builder_version=&#8220;4.21.0&#8243; _module_preset=&#8220;default&#8220; border_radii=&#8220;on|20px|20px|20px|20px&#8220; global_colors_info=&#8220;{}&#8220;][\/et_pb_image][et_pb_text _builder_version=&#8220;4.21.0&#8243; _module_preset=&#8220;default&#8220; text_font=&#8220;ABeeZee||||||||&#8220; text_font_size=&#8220;16px&#8220; text_line_height=&#8220;1.8em&#8220; custom_margin=&#8220;||20px||false|false&#8220; custom_padding=&#8220;0px||||false|false&#8220; locked=&#8220;off&#8220; global_colors_info=&#8220;{}&#8220;]<\/p>\n<h2>Keter Italia S.p.A.<\/h2>\n<p>Das Produktions- und Vertriebsunternehmen Keter Italia S.p.A. wurde 1972 in Italien gegr\u00fcndet. Heute ist die Gesellschaft mit f\u00fchrenden Unternehmen aus unterschiedlichen Branchen international vertreten.<\/p>\n<p>[\/et_pb_text][et_pb_code _builder_version=&#8220;4.21.0&#8243; _module_preset=&#8220;default&#8220; border_radii=&#8220;on|20px|20px|20px|20px&#8220; global_colors_info=&#8220;{}&#8220;]<iframe src=\"https:\/\/www.google.com\/maps\/embed?pb=!1m18!1m12!1m3!1d2783.213841822886!2d12.411954176671205!3d45.76690451319015!2m3!1f0!2f0!3f0!3m2!1i1024!2i768!4f13.1!3m3!1m2!1s0x4779438ca786d153%3A0x361a61186e59acdf!2sVia%20Ingeniere%20Giuseppe%20Taliercio%2C%202%2C%2031024%20Zona%20Industriale%20TV!5e0!3m2!1sit!2sit!4v1686091096550!5m2!1sit!2sit\" width=\"600\" height=\"300\" style=\"border:0;\" allowfullscreen=\"\" loading=\"lazy\" referrerpolicy=\"no-referrer-when-downgrade\"><\/iframe>[\/et_pb_code][\/et_pb_column][\/et_pb_section]<\/p>\n","protected":false},"excerpt":{"rendered":"<p>Unternehmen<nav aria-label=\"breadcrumbs\" class=\"rank-math-breadcrumb\"><p><span class=\"last\">Home<\/span><\/p><\/nav> APmedical ist eine Marke der Keter Italia S.p.A., einem Unternehmen das L\u00f6sungen zur Einrichtung und Organisation des Wohn-und Arbeitsraums, sowohl Beh\u00e4lter f\u00fcr den medizinischen Gebrauch zur Entsorgung von Sonderabf\u00e4llen entwickelt, produziert und verkauft. APmedical bietet eine umfangreiche Auswahl an Beh\u00e4ltern f\u00far den medizinischen Gebrauch bei der Entsorgung von Sonderabf\u00e4llen in Krankenh\u00e4usern: mit \u00faber 30 [&hellip;]<\/p>\n","protected":false},"author":1,"featured_media":0,"parent":0,"menu_order":0,"comment_status":"closed","ping_status":"closed","template":"","meta":{"_et_pb_use_builder":"on","_et_pb_old_content":"","_et_gb_content_width":"","footnotes":""},"class_list":["post-17956","page","type-page","status-publish","hentry"],"_links":{"self":[{"href":"https:\/\/apmedical.it\/de\/wp-json\/wp\/v2\/pages\/17956","targetHints":{"allow":["GET"]}}],"collection":[{"href":"https:\/\/apmedical.it\/de\/wp-json\/wp\/v2\/pages"}],"about":[{"href":"https:\/\/apmedical.it\/de\/wp-json\/wp\/v2\/types\/page"}],"author":[{"embeddable":true,"href":"https:\/\/apmedical.it\/de\/wp-json\/wp\/v2\/users\/1"}],"replies":[{"embeddable":true,"href":"https:\/\/apmedical.it\/de\/wp-json\/wp\/v2\/comments?post=17956"}],"version-history":[{"count":6,"href":"https:\/\/apmedical.it\/de\/wp-json\/wp\/v2\/pages\/17956\/revisions"}],"predecessor-version":[{"id":19269,"href":"https:\/\/apmedical.it\/de\/wp-json\/wp\/v2\/pages\/17956\/revisions\/19269"}],"wp:attachment":[{"href":"https:\/\/apmedical.it\/de\/wp-json\/wp\/v2\/media?parent=17956"}],"curies":[{"name":"wp","href":"https:\/\/api.w.org\/{rel}","templated":true}]}}