{"id":17939,"date":"2023-06-14T16:28:53","date_gmt":"2023-06-14T14:28:53","guid":{"rendered":"http:\/\/apmedical.it\/produkte\/abfallbehaelter\/"},"modified":"2025-08-07T19:00:39","modified_gmt":"2025-08-07T17:00:39","slug":"abfallbehaelter","status":"publish","type":"page","link":"https:\/\/apmedical.it\/de\/produkte\/abfallbehaelter\/","title":{"rendered":"Waste Containers"},"content":{"rendered":"<p>[et_pb_section fb_built=&#8220;1&#8243; specialty=&#8220;on&#8220; _builder_version=&#8220;4.21.0&#8243; _module_preset=&#8220;default&#8220; background_enable_image=&#8220;off&#8220; width=&#8220;100%&#8220; max_width=&#8220;100%&#8220; inner_width=&#8220;80%&#8220; inner_max_width=&#8220;100%&#8220; custom_margin=&#8220;||0px||false|false&#8220; custom_padding=&#8220;||0px||false|false&#8220; global_colors_info=&#8220;{}&#8220;][et_pb_column type=&#8220;2_3&#8243; specialty_columns=&#8220;2&#8243; _builder_version=&#8220;4.16&#8243; custom_padding=&#8220;|||&#8220; global_colors_info=&#8220;{}&#8220; custom_padding__hover=&#8220;|||&#8220;][et_pb_row_inner _builder_version=&#8220;4.21.0&#8243; _module_preset=&#8220;default&#8220; width=&#8220;19vw&#8220; width_tablet=&#8220;48vw&#8220; width_phone=&#8220;310px&#8220; width_last_edited=&#8220;on|phone&#8220; custom_padding=&#8220;0px||0px||false|false&#8220; global_colors_info=&#8220;{}&#8220;][et_pb_column_inner saved_specialty_column_type=&#8220;2_3&#8243; _builder_version=&#8220;4.21.0&#8243; _module_preset=&#8220;default&#8220; background_color=&#8220;#e5e4d5&#8243; custom_padding=&#8220;100px|40px|100px|40px|true|true&#8220; border_radii=&#8220;on|200px|200px|200px|200px&#8220; global_colors_info=&#8220;{}&#8220;][et_pb_text _builder_version=&#8220;4.21.0&#8243; _module_preset=&#8220;default&#8220; text_text_color=&#8220;#FFFFFF&#8220; header_font=&#8220;ABeeZee||||||||&#8220; header_text_color=&#8220;#494544&#8243; header_font_size=&#8220;54px&#8220; custom_margin=&#8220;||-10px||false|false&#8220; custom_padding=&#8220;||0px||false|false&#8220; header_font_size_tablet=&#8220;54px&#8220; header_font_size_phone=&#8220;40px&#8220; header_font_size_last_edited=&#8220;on|phone&#8220; global_colors_info=&#8220;{}&#8220;]<\/p>\n<h1>Waste Containers<\/h1>\n<p>[\/et_pb_text][et_pb_text _builder_version=&#8220;4.21.0&#8243; _module_preset=&#8220;default&#8220; text_font=&#8220;ABeeZee||||||||&#8220; text_text_color=&#8220;#494544&#8243; link_font=&#8220;ABeeZee||||||||&#8220; link_text_color=&#8220;#a2aa00&#8243; saved_tabs=&#8220;all&#8220; locked=&#8220;off&#8220; global_colors_info=&#8220;{}&#8220;]<\/p>\n<p><span><nav aria-label=\"breadcrumbs\" class=\"rank-math-breadcrumb\"><p><span class=\"last\">Home<\/span><\/p><\/nav><\/span><\/p>\n<p>[\/et_pb_text][et_pb_image src=&#8220;https:\/\/apmedical.it\/wp-content\/uploads\/2023\/05\/separatore-giallo-corto-giusto.png&#8220; title_text=&#8220;Separator- gelb- kurz-rechts&#8220; _builder_version=&#8220;4.21.0&#8243; _module_preset=&#8220;default&#8220; custom_padding=&#8220;0px||||false|false&#8220; custom_padding_tablet=&#8220;0px||||false|false&#8220; custom_padding_phone=&#8220;0px||||false|false&#8220; custom_padding_last_edited=&#8220;on|phone&#8220; locked=&#8220;off&#8220; global_colors_info=&#8220;{}&#8220;][\/et_pb_image][\/et_pb_column_inner][\/et_pb_row_inner][et_pb_row_inner _builder_version=&#8220;4.21.0&#8243; _module_preset=&#8220;default&#8220; custom_margin=&#8220;||0px||false|false&#8220; custom_padding=&#8220;||0px||false|false&#8220; global_colors_info=&#8220;{}&#8220;][et_pb_column_inner saved_specialty_column_type=&#8220;2_3&#8243; _builder_version=&#8220;4.21.0&#8243; _module_preset=&#8220;default&#8220; global_colors_info=&#8220;{}&#8220;][et_pb_text _builder_version=&#8220;4.21.0&#8243; _module_preset=&#8220;default&#8220; text_font=&#8220;ABeeZee||||||||&#8220; text_font_size=&#8220;16px&#8220; text_line_height=&#8220;1.8em&#8220; custom_margin=&#8220;||0px||false|false&#8220; custom_padding=&#8220;0px||0px||false|false&#8220; locked=&#8220;off&#8220; global_colors_info=&#8220;{}&#8220;]<\/p>\n<p>Die APmedical WASTE-Beh\u00e4lterlinie stellt eine breite Palette von Beh\u00e4ltern dar, die speziell f\u00fcr die sichere Entsorgung von Spezialabf\u00e4llen aus Krankenh\u00e4usern entwickelt wurden. Diese Beh\u00e4lter werden aus hochwertigen Materialien hergestellt und garantieren h\u00f6chste Qualit\u00e4t und Sicherheit gem\u00e4\u00df strengen Industriestandards.<\/p>\n<p>APmedical ist bestrebt, ma\u00dfgeschneiderte L\u00f6sungen f\u00fcr die unterschiedlichen Bed\u00fcrfnisse der Kunden im Krankenhausabfallmanagement anzubieten. Die Abfallbeh\u00e4lter-Linie umfasst eine Vielzahl von Beh\u00e4ltern unterschiedlicher Gr\u00f6\u00dfe und Kapazit\u00e4t, sodass Sie f\u00fcr jede Situation die am besten geeignete L\u00f6sung ausw\u00e4hlen k\u00f6nnen.<\/p>\n<p>[\/et_pb_text][\/et_pb_column_inner][\/et_pb_row_inner][\/et_pb_column][et_pb_column type=&#8220;1_3&#8243; _builder_version=&#8220;4.16&#8243; custom_padding=&#8220;|||&#8220; global_colors_info=&#8220;{}&#8220; custom_padding__hover=&#8220;|||&#8220;][et_pb_image src=&#8220;https:\/\/apmedical.it\/wp-content\/uploads\/2023\/05\/EVO-50B-MONO-40-x-30-x-H-50-cm.jpg&#8220; title_text=&#8220;EVO 50B MONO 40 x 30 x H 50 cm&#8220; disabled_on=&#8220;on|on|off&#8220; _builder_version=&#8220;4.21.0&#8243; _module_preset=&#8220;default&#8220; animation_style=&#8220;slide&#8220; border_radii=&#8220;on|20px|20px|20px|20px&#8220; global_colors_info=&#8220;{}&#8220;][\/et_pb_image][\/et_pb_column][\/et_pb_section][et_pb_section fb_built=&#8220;1&#8243; _builder_version=&#8220;4.27.4&#8243; _module_preset=&#8220;default&#8220; background_enable_image=&#8220;off&#8220; custom_padding=&#8220;20px||||false|false&#8220; locked=&#8220;off&#8220; global_colors_info=&#8220;{}&#8220;][et_pb_row column_structure=&#8220;1_4,1_4,1_4,1_4&#8243; use_custom_gutter=&#8220;on&#8220; gutter_width=&#8220;2&#8243; make_equal=&#8220;on&#8220; _builder_version=&#8220;4.27.4&#8243; _module_preset=&#8220;default&#8220; max_width=&#8220;100%&#8220; global_colors_info=&#8220;{}&#8220;][et_pb_column type=&#8220;1_4&#8243; _builder_version=&#8220;4.21.0&#8243; _module_preset=&#8220;default&#8220; global_colors_info=&#8220;{}&#8220;][et_pb_blurb url=&#8220;https:\/\/apmedical.it\/de\/produkte\/abfallbehaelter\/evo-line\/&#8220; image=&#8220;https:\/\/apmedical.it\/wp-content\/uploads\/2023\/06\/EVO-LINE.png&#8220; _builder_version=&#8220;4.27.4&#8243; _module_preset=&#8220;default&#8220; body_font=&#8220;|700|||||||&#8220; body_text_align=&#8220;center&#8220; body_font_size=&#8220;16px&#8220; background_color=&#8220;#f4f4f4&#8243; custom_margin=&#8220;||||false|false&#8220; custom_margin_phone=&#8220;||||false|false&#8220; custom_margin_last_edited=&#8220;off|phone&#8220; custom_padding=&#8220;10px||10px||true|false&#8220; link_option_url=&#8220;https:\/\/apmedical.it\/de\/produkte\/abfallbehaelter\/evo-line\/&#8220; hover_enabled=&#8220;0&#8243; border_radii=&#8220;on|10px|10px|10px|10px&#8220; global_colors_info=&#8220;{}&#8220; background__hover_enabled=&#8220;on|hover&#8220; background_color__hover=&#8220;#f4d0d0&#8243; background_enable_color__hover=&#8220;on&#8220; title_text=&#8220;EVO LINE&#8220; sticky_enabled=&#8220;0&#8243;]<\/p>\n<p>EVO LINE<\/p>\n<p>[\/et_pb_blurb][\/et_pb_column][et_pb_column type=&#8220;1_4&#8243; _builder_version=&#8220;4.21.0&#8243; _module_preset=&#8220;default&#8220; global_colors_info=&#8220;{}&#8220;][et_pb_blurb url=&#8220;https:\/\/apmedical.it\/de\/produkte\/abfallbehaelter\/sc-line\/&#8220; image=&#8220;https:\/\/apmedical.it\/wp-content\/uploads\/2023\/06\/SC-LINE.png&#8220; _builder_version=&#8220;4.27.4&#8243; _module_preset=&#8220;default&#8220; body_font=&#8220;|700|||||||&#8220; body_text_align=&#8220;center&#8220; body_font_size=&#8220;16px&#8220; background_color=&#8220;#f4f4f4&#8243; custom_padding=&#8220;10px||10px||true|false&#8220; link_option_url=&#8220;https:\/\/apmedical.it\/de\/produkte\/abfallbehaelter\/sc-line\/&#8220; hover_enabled=&#8220;0&#8243; border_radii=&#8220;on|10px|10px|10px|10px&#8220; global_colors_info=&#8220;{}&#8220; background__hover_enabled=&#8220;on|hover&#8220; background_color__hover=&#8220;#f4d0d0&#8243; background_enable_color__hover=&#8220;on&#8220; title_text=&#8220;SC LINE&#8220; sticky_enabled=&#8220;0&#8243;]<\/p>\n<p>SC LINE<\/p>\n<p>[\/et_pb_blurb][\/et_pb_column][et_pb_column type=&#8220;1_4&#8243; _builder_version=&#8220;4.21.0&#8243; _module_preset=&#8220;default&#8220; global_colors_info=&#8220;{}&#8220;][et_pb_blurb url=&#8220;https:\/\/apmedical.it\/de\/produkte\/abfallbehaelter\/sb-spk-line\/&#8220; image=&#8220;https:\/\/apmedical.it\/wp-content\/uploads\/2023\/06\/SB-SPK-LINE.png&#8220; _builder_version=&#8220;4.27.4&#8243; _module_preset=&#8220;default&#8220; body_font=&#8220;|700|||||||&#8220; body_text_align=&#8220;center&#8220; body_font_size=&#8220;16px&#8220; background_color=&#8220;#f4f4f4&#8243; custom_padding=&#8220;10px||10px||true|false&#8220; link_option_url=&#8220;https:\/\/apmedical.it\/de\/produkte\/abfallbehaelter\/sb-spk-line\/&#8220; hover_enabled=&#8220;0&#8243; border_radii=&#8220;on|10px|10px|10px|10px&#8220; global_colors_info=&#8220;{}&#8220; background__hover_enabled=&#8220;on|hover&#8220; background_color__hover=&#8220;#f4d0d0&#8243; background_enable_color__hover=&#8220;on&#8220; title_text=&#8220;SB SPK LINE&#8220; sticky_enabled=&#8220;0&#8243;]<\/p>\n<p>SB-SPK LINE<\/p>\n<p>[\/et_pb_blurb][\/et_pb_column][et_pb_column type=&#8220;1_4&#8243; _builder_version=&#8220;4.21.0&#8243; _module_preset=&#8220;default&#8220; global_colors_info=&#8220;{}&#8220;][et_pb_blurb url=&#8220;https:\/\/apmedical.it\/de\/produkte\/abfallbehaelter\/steri-lid\/&#8220; image=&#8220;https:\/\/apmedical.it\/wp-content\/uploads\/2023\/06\/STERI-LID.png&#8220; _builder_version=&#8220;4.27.4&#8243; _module_preset=&#8220;default&#8220; body_font=&#8220;|700|||||||&#8220; body_text_align=&#8220;center&#8220; body_font_size=&#8220;16px&#8220; background_color=&#8220;#f4f4f4&#8243; custom_padding=&#8220;10px||10px||true|false&#8220; link_option_url=&#8220;https:\/\/apmedical.it\/de\/produkte\/abfallbehaelter\/steri-lid\/&#8220; hover_enabled=&#8220;0&#8243; border_radii=&#8220;on|10px|10px|10px|10px&#8220; global_colors_info=&#8220;{}&#8220; background__hover_enabled=&#8220;on|hover&#8220; background_color__hover=&#8220;#f4d0d0&#8243; background_enable_color__hover=&#8220;on&#8220; title_text=&#8220;STERI LID&#8220; sticky_enabled=&#8220;0&#8243;]<\/p>\n<p>STERI LID<\/p>\n<p>[\/et_pb_blurb][\/et_pb_column][\/et_pb_row][et_pb_row column_structure=&#8220;1_4,1_4,1_4,1_4&#8243; use_custom_gutter=&#8220;on&#8220; gutter_width=&#8220;2&#8243; make_equal=&#8220;on&#8220; _builder_version=&#8220;4.27.4&#8243; _module_preset=&#8220;default&#8220; max_width=&#8220;100%&#8220; hover_enabled=&#8220;0&#8243; global_colors_info=&#8220;{}&#8220; custom_padding=&#8220;||||false|false&#8220; custom_padding_last_edited=&#8220;on|phone&#8220; custom_padding_tablet=&#8220;0px||||false|false&#8220; sticky_enabled=&#8220;0&#8243; custom_padding_phone=&#8220;0px||||false|false&#8220;][et_pb_column type=&#8220;1_4&#8243; _builder_version=&#8220;4.21.0&#8243; _module_preset=&#8220;default&#8220; global_colors_info=&#8220;{}&#8220;][et_pb_blurb url=&#8220;https:\/\/apmedical.it\/de\/produkte\/abfallbehaelter\/ap-line\/&#8220; image=&#8220;https:\/\/apmedical.it\/wp-content\/uploads\/2023\/06\/AP-LINE.png&#8220; _builder_version=&#8220;4.27.4&#8243; _module_preset=&#8220;default&#8220; body_font=&#8220;|700|||||||&#8220; body_text_align=&#8220;center&#8220; body_font_size=&#8220;16px&#8220; background_color=&#8220;#f4f4f4&#8243; custom_padding=&#8220;10px||10px||true|false&#8220; link_option_url=&#8220;https:\/\/apmedical.it\/de\/produkte\/abfallbehaelter\/ap-line\/&#8220; hover_enabled=&#8220;0&#8243; border_radii=&#8220;on|10px|10px|10px|10px&#8220; global_colors_info=&#8220;{}&#8220; background__hover_enabled=&#8220;on|hover&#8220; background_color__hover=&#8220;#f4d0d0&#8243; background_enable_color__hover=&#8220;on&#8220; title_text=&#8220;AP LINE&#8220; sticky_enabled=&#8220;0&#8243;]<\/p>\n<p>AP LINE<\/p>\n<p>[\/et_pb_blurb][\/et_pb_column][et_pb_column type=&#8220;1_4&#8243; _builder_version=&#8220;4.21.0&#8243; _module_preset=&#8220;default&#8220; global_colors_info=&#8220;{}&#8220;][\/et_pb_column][et_pb_column type=&#8220;1_4&#8243; _builder_version=&#8220;4.21.0&#8243; _module_preset=&#8220;default&#8220; global_colors_info=&#8220;{}&#8220;][\/et_pb_column][et_pb_column type=&#8220;1_4&#8243; _builder_version=&#8220;4.21.0&#8243; _module_preset=&#8220;default&#8220; global_colors_info=&#8220;{}&#8220;][\/et_pb_column][\/et_pb_row][et_pb_row column_structure=&#8220;3_5,2_5&#8243; use_custom_gutter=&#8220;on&#8220; make_equal=&#8220;on&#8220; _builder_version=&#8220;4.21.0&#8243; _module_preset=&#8220;default&#8220; max_width=&#8220;100%&#8220; custom_margin=&#8220;0px||||false|false&#8220; custom_padding=&#8220;0px||||false|false&#8220; global_colors_info=&#8220;{}&#8220;][et_pb_column type=&#8220;3_5&#8243; _builder_version=&#8220;4.21.0&#8243; _module_preset=&#8220;default&#8220; global_colors_info=&#8220;{}&#8220;][et_pb_text _builder_version=&#8220;4.21.0&#8243; _module_preset=&#8220;default&#8220; text_font=&#8220;ABeeZee||||||||&#8220; text_font_size=&#8220;16px&#8220; text_line_height=&#8220;1.8em&#8220; width=&#8220;50vw&#8220; width_tablet=&#8220;&#8220; width_phone=&#8220;&#8220; width_last_edited=&#8220;on|phone&#8220; custom_margin=&#8220;||||false|false&#8220; custom_padding=&#8220;0px||||false|false&#8220; locked=&#8220;off&#8220; global_colors_info=&#8220;{}&#8220;]<\/p>\n<p>&nbsp;<\/p>\n<p>Die WASTE-Beh\u00e4lter von APmedical bieten nicht nur ein effizientes Abfallmanagement, sondern auch eine hohe Wettbewerbsf\u00e4higkeit in der Produktion. Das Unternehmen ist bestrebt, h\u00f6chste Qualit\u00e4t und Sicherheit seiner Produkte zu gew\u00e4hrleisten und zuverl\u00e4ssig auf die Bed\u00fcrfnisse von medizinischem Fachpersonal einzugehen.<\/p>\n<p>Dar\u00fcber hinaus bietet APmedical einen personalisierten Service und arbeitet eng mit den Kunden zusammen, um ihre spezifischen Bed\u00fcrfnisse zu verstehen. Diese enge Zusammenarbeit erm\u00f6glicht es uns, ma\u00dfgeschneiderte L\u00f6sungen anzubieten, die individuelle Anforderungen erf\u00fcllen und so eine optimale Entsorgung von Krankenhausabf\u00e4llen gew\u00e4hrleisten.<\/p>\n<p>Die Produkte der WASTE-Beh\u00e4lterlinie von APmedical sind nach internationalen Qualit\u00e4tsstandards zertifiziert, ein Beweis f\u00fcr das Engagement des Unternehmens f\u00fcr die Exzellenz und Sicherheit seiner Produkte. Wenn Sie sich f\u00fcr APmedical WASTE-Beh\u00e4lter entscheiden, verlassen Sie sich auf eine qualitativ hochwertige L\u00f6sung, die eine sichere und effiziente Entsorgung spezieller Krankenhausabf\u00e4lle gew\u00e4hrleistet.<\/p>\n<p>[\/et_pb_text][\/et_pb_column][et_pb_column type=&#8220;2_5&#8243; _builder_version=&#8220;4.21.0&#8243; _module_preset=&#8220;default&#8220; global_colors_info=&#8220;{}&#8220;][\/et_pb_column][\/et_pb_row][et_pb_row column_structure=&#8220;3_5,2_5&#8243; use_custom_gutter=&#8220;on&#8220; make_equal=&#8220;on&#8220; _builder_version=&#8220;4.21.0&#8243; _module_preset=&#8220;default&#8220; max_width=&#8220;100%&#8220; global_colors_info=&#8220;{}&#8220;][et_pb_column type=&#8220;3_5&#8243; _builder_version=&#8220;4.21.0&#8243; _module_preset=&#8220;default&#8220; global_colors_info=&#8220;{}&#8220;][et_pb_text _builder_version=&#8220;4.21.0&#8243; _module_preset=&#8220;default&#8220; text_font=&#8220;ABeeZee||||||||&#8220; text_font_size=&#8220;16px&#8220; text_line_height=&#8220;1.8em&#8220; width=&#8220;50vw&#8220; width_tablet=&#8220;&#8220; width_phone=&#8220;&#8220; width_last_edited=&#8220;on|phone&#8220; custom_margin=&#8220;||||false|false&#8220; custom_padding=&#8220;0px||||false|false&#8220; locked=&#8220;off&#8220; global_colors_info=&#8220;{}&#8220;]<\/p>\n<p>APmedical ist sich der Bedeutung einer ordnungsgem\u00e4\u00dfen Entsorgung von Krankenhausabf\u00e4llen bewusst und verpflichtet sich, Produkte anzubieten, die den h\u00f6chsten Sicherheitsstandards entsprechen. Die SHARPS-Beh\u00e4lterlinie stellt das Engagement des Unternehmens dar, zuverl\u00e4ssige und konforme L\u00f6sungen bereitzustellen, um eine sicherere Arbeitsumgebung f\u00fcr medizinisches Fachpersonal zu gew\u00e4hrleisten.<\/p>\n<p>Wenn Sie sich f\u00fcr SHARPS-Beh\u00e4lter von APmedical entscheiden, k\u00f6nnen Sie sich beruhigt auf hochwertige und technologisch fortschrittliche Produkte verlassen, die die Sicherheit derjenigen gew\u00e4hrleisten, die sie verwenden, und zu einem verantwortungsvollen Umgang mit Krankenhausabf\u00e4llen beitragen.<\/p>\n<p>[\/et_pb_text][\/et_pb_column][et_pb_column type=&#8220;2_5&#8243; _builder_version=&#8220;4.21.0&#8243; _module_preset=&#8220;default&#8220; global_colors_info=&#8220;{}&#8220;][\/et_pb_column][\/et_pb_row][\/et_pb_section]<\/p>\n","protected":false},"excerpt":{"rendered":"<p>Waste Containers<nav aria-label=\"breadcrumbs\" class=\"rank-math-breadcrumb\"><p><span class=\"last\">Home<\/span><\/p><\/nav>Die APmedical WASTE-Beh\u00e4lterlinie stellt eine breite Palette von Beh\u00e4ltern dar, die speziell f\u00fcr die sichere Entsorgung von Spezialabf\u00e4llen aus Krankenh\u00e4usern entwickelt wurden. Diese Beh\u00e4lter werden aus hochwertigen Materialien hergestellt und garantieren h\u00f6chste Qualit\u00e4t und Sicherheit gem\u00e4\u00df strengen Industriestandards. APmedical ist bestrebt, ma\u00dfgeschneiderte L\u00f6sungen f\u00fcr die unterschiedlichen Bed\u00fcrfnisse der Kunden im Krankenhausabfallmanagement anzubieten. Die Abfallbeh\u00e4lter-Linie [&hellip;]<\/p>\n","protected":false},"author":1,"featured_media":0,"parent":17425,"menu_order":0,"comment_status":"closed","ping_status":"closed","template":"","meta":{"_et_pb_use_builder":"on","_et_pb_old_content":"","_et_gb_content_width":"","footnotes":""},"class_list":["post-17939","page","type-page","status-publish","hentry"],"_links":{"self":[{"href":"https:\/\/apmedical.it\/de\/wp-json\/wp\/v2\/pages\/17939","targetHints":{"allow":["GET"]}}],"collection":[{"href":"https:\/\/apmedical.it\/de\/wp-json\/wp\/v2\/pages"}],"about":[{"href":"https:\/\/apmedical.it\/de\/wp-json\/wp\/v2\/types\/page"}],"author":[{"embeddable":true,"href":"https:\/\/apmedical.it\/de\/wp-json\/wp\/v2\/users\/1"}],"replies":[{"embeddable":true,"href":"https:\/\/apmedical.it\/de\/wp-json\/wp\/v2\/comments?post=17939"}],"version-history":[{"count":10,"href":"https:\/\/apmedical.it\/de\/wp-json\/wp\/v2\/pages\/17939\/revisions"}],"predecessor-version":[{"id":19966,"href":"https:\/\/apmedical.it\/de\/wp-json\/wp\/v2\/pages\/17939\/revisions\/19966"}],"up":[{"embeddable":true,"href":"https:\/\/apmedical.it\/de\/wp-json\/wp\/v2\/pages\/17425"}],"wp:attachment":[{"href":"https:\/\/apmedical.it\/de\/wp-json\/wp\/v2\/media?parent=17939"}],"curies":[{"name":"wp","href":"https:\/\/api.w.org\/{rel}","templated":true}]}}