{"id":17895,"date":"2023-06-14T15:29:17","date_gmt":"2023-06-14T13:29:17","guid":{"rendered":"http:\/\/apmedical.it\/produkte\/behaelter-fuer-scharfe-gegenstaende\/"},"modified":"2025-08-07T18:35:22","modified_gmt":"2025-08-07T16:35:22","slug":"behaelter-fuer-scharfe-gegenstaende","status":"publish","type":"page","link":"https:\/\/apmedical.it\/de\/produkte\/behaelter-fuer-scharfe-gegenstaende\/","title":{"rendered":"Sharps Containers"},"content":{"rendered":"<p>[et_pb_section fb_built=&#8220;1&#8243; specialty=&#8220;on&#8220; _builder_version=&#8220;4.21.0&#8243; _module_preset=&#8220;default&#8220; background_enable_image=&#8220;off&#8220; width=&#8220;100%&#8220; max_width=&#8220;100%&#8220; inner_width=&#8220;80%&#8220; inner_max_width=&#8220;100%&#8220; custom_margin=&#8220;||0px||false|false&#8220; custom_padding=&#8220;||0px||false|false&#8220; global_colors_info=&#8220;{}&#8220;][et_pb_column type=&#8220;2_3&#8243; specialty_columns=&#8220;2&#8243; _builder_version=&#8220;4.16&#8243; custom_padding=&#8220;|||&#8220; global_colors_info=&#8220;{}&#8220; custom_padding__hover=&#8220;|||&#8220;][et_pb_row_inner _builder_version=&#8220;4.27.4&#8243; _module_preset=&#8220;default&#8220; width=&#8220;19vw&#8220; width_tablet=&#8220;48vw&#8220; width_phone=&#8220;310px&#8220; width_last_edited=&#8220;on|phone&#8220; custom_padding=&#8220;0px||0px||false|false&#8220; global_colors_info=&#8220;{}&#8220;][et_pb_column_inner saved_specialty_column_type=&#8220;2_3&#8243; _builder_version=&#8220;4.27.4&#8243; _module_preset=&#8220;default&#8220; background_color=&#8220;#f6f4f3&#8243; custom_padding=&#8220;100px|40px|100px|40px|true|true&#8220; border_radii=&#8220;on|200px|200px|200px|200px&#8220; border_radii_tablet=&#8220;on|200px|200px|200px|200px&#8220; border_radii_phone=&#8220;on|100px|100px|100px|100px&#8220; border_radii_last_edited=&#8220;on|phone&#8220; global_colors_info=&#8220;{}&#8220;][et_pb_text _builder_version=&#8220;4.21.0&#8243; _module_preset=&#8220;default&#8220; text_text_color=&#8220;#FFFFFF&#8220; header_font=&#8220;ABeeZee||||||||&#8220; header_text_color=&#8220;#494544&#8243; header_font_size=&#8220;54px&#8220; custom_margin=&#8220;||-10px||false|false&#8220; custom_padding=&#8220;||0px||false|false&#8220; header_font_size_tablet=&#8220;54px&#8220; header_font_size_phone=&#8220;40px&#8220; header_font_size_last_edited=&#8220;on|phone&#8220; global_colors_info=&#8220;{}&#8220;]<\/p>\n<h1>Sharps Containers<\/h1>\n<p>[\/et_pb_text][et_pb_text hide_aria_element=&#8220;on&#8220; _builder_version=&#8220;4.27.4&#8243; _module_preset=&#8220;default&#8220; text_font=&#8220;ABeeZee||||||||&#8220; text_text_color=&#8220;#494544&#8243; link_font=&#8220;ABeeZee||||||||&#8220; link_text_color=&#8220;#d71921&#8243; global_module=&#8220;15214&#8243; saved_tabs=&#8220;all&#8220; global_colors_info=&#8220;{}&#8220;]<\/p>\n<p><span><nav aria-label=\"breadcrumbs\" class=\"rank-math-breadcrumb\"><p><span class=\"last\">Home<\/span><\/p><\/nav><\/span><\/p>\n<p>[\/et_pb_text][et_pb_image src=&#8220;https:\/\/apmedical.it\/wp-content\/uploads\/2023\/05\/separatore-rosso-corto.png&#8220; title_text=&#8220;trennzeichen-rot-kurz&#8220; _builder_version=&#8220;4.21.0&#8243; _module_preset=&#8220;default&#8220; custom_padding=&#8220;0px||||false|false&#8220; custom_padding_tablet=&#8220;0px||||false|false&#8220; custom_padding_phone=&#8220;0px||||false|false&#8220; custom_padding_last_edited=&#8220;on|phone&#8220; locked=&#8220;off&#8220; global_colors_info=&#8220;{}&#8220;][\/et_pb_image][\/et_pb_column_inner][\/et_pb_row_inner][et_pb_row_inner _builder_version=&#8220;4.27.4&#8243; _module_preset=&#8220;default&#8220; custom_margin=&#8220;30px||0px||false|false&#8220; custom_padding=&#8220;||0px||false|false&#8220; global_colors_info=&#8220;{}&#8220;][et_pb_column_inner saved_specialty_column_type=&#8220;2_3&#8243; _builder_version=&#8220;4.21.0&#8243; _module_preset=&#8220;default&#8220; global_colors_info=&#8220;{}&#8220;][et_pb_text _builder_version=&#8220;4.21.0&#8243; _module_preset=&#8220;default&#8220; text_font=&#8220;ABeeZee||||||||&#8220; text_font_size=&#8220;16px&#8220; text_line_height=&#8220;1.8em&#8220; custom_margin=&#8220;||0px||false|false&#8220; custom_padding=&#8220;0px||0px||false|false&#8220; locked=&#8220;off&#8220; global_colors_info=&#8220;{}&#8220;]<\/p>\n<p>Die APmedical SHARPS-Beh\u00e4lterlinie bietet ein komplettes Sortiment an Beh\u00e4ltern, die speziell f\u00fcr die sichere Sammlung und Entsorgung scharfer Gegenst\u00e4nde im medizinischen Bereich entwickelt wurden. Diese Beh\u00e4lter sind mit fortschrittlichen Sicherheitsfunktionen ausgestattet, um das medizinische Personal zu sch\u00fctzen und versehentliche Verletzungen zu verhindern.<\/p>\n<p>Mit manipulationssicheren Deckeln und zuverl\u00e4ssigen Verschlusssystemen bieten SHARPS-Beh\u00e4lter von APmedical eine sichere und effektive L\u00f6sung f\u00fcr die Abfallentsorgung in Krankenh\u00e4usern. Jeder Aspekt ihres Designs wurde sorgf\u00e4ltig durchdacht, um maximalen Schutz bei der Handhabung, dem Transport und der Entsorgung scharfer Gegenst\u00e4nde zu gew\u00e4hrleisten.<\/p>\n<p>[\/et_pb_text][\/et_pb_column_inner][\/et_pb_row_inner][\/et_pb_column][et_pb_column type=&#8220;1_3&#8243; _builder_version=&#8220;4.16&#8243; custom_padding=&#8220;|||&#8220; global_colors_info=&#8220;{}&#8220; custom_padding__hover=&#8220;|||&#8220;][et_pb_image src=&#8220;https:\/\/apmedical.it\/wp-content\/uploads\/2023\/06\/DAILY-7-190-x-190-x-H-320-mm.jpg&#8220; title_text=&#8220;DAILY 7 190 x 190 x H 320 mm&#8220; disabled_on=&#8220;on|on|off&#8220; _builder_version=&#8220;4.21.0&#8243; _module_preset=&#8220;default&#8220; animation_style=&#8220;slide&#8220; border_radii=&#8220;on|20px|20px|20px|20px&#8220; global_colors_info=&#8220;{}&#8220;][\/et_pb_image][\/et_pb_column][\/et_pb_section][et_pb_section fb_built=&#8220;1&#8243; _builder_version=&#8220;4.27.4&#8243; _module_preset=&#8220;default&#8220; background_enable_image=&#8220;off&#8220; custom_padding=&#8220;20px||||false|false&#8220; locked=&#8220;off&#8220; global_colors_info=&#8220;{}&#8220;][et_pb_row column_structure=&#8220;1_4,1_4,1_4,1_4&#8243; use_custom_gutter=&#8220;on&#8220; gutter_width=&#8220;2&#8243; make_equal=&#8220;on&#8220; _builder_version=&#8220;4.27.4&#8243; _module_preset=&#8220;default&#8220; max_width=&#8220;100%&#8220; global_colors_info=&#8220;{}&#8220;][et_pb_column type=&#8220;1_4&#8243; _builder_version=&#8220;4.21.0&#8243; _module_preset=&#8220;default&#8220; global_colors_info=&#8220;{}&#8220;][et_pb_blurb url=&#8220;https:\/\/apmedical.it\/de\/produkte\/behaelter-fuer-scharfe-gegenstaende\/cs-line\/&#8220; image=&#8220;https:\/\/apmedical.it\/wp-content\/uploads\/2023\/06\/CS-LINE.png&#8220; _builder_version=&#8220;4.27.4&#8243; _module_preset=&#8220;default&#8220; body_font=&#8220;|700|||||||&#8220; body_text_align=&#8220;center&#8220; body_font_size=&#8220;16px&#8220; background_color=&#8220;#f4f4f4&#8243; custom_margin=&#8220;||||false|false&#8220; custom_margin_phone=&#8220;||||false|false&#8220; custom_margin_last_edited=&#8220;off|phone&#8220; custom_padding=&#8220;10px||10px||true|false&#8220; link_option_url=&#8220;https:\/\/apmedical.it\/de\/produkte\/behaelter-fuer-scharfe-gegenstaende\/cs-line\/&#8220; border_radii=&#8220;on|10px|10px|10px|10px&#8220; global_colors_info=&#8220;{}&#8220; background__hover_enabled=&#8220;on|hover&#8220; background_color__hover=&#8220;#f4d0d0&#8243; background_enable_color__hover=&#8220;on&#8220;]<\/p>\n<p>CS LINE<\/p>\n<p>[\/et_pb_blurb][\/et_pb_column][et_pb_column type=&#8220;1_4&#8243; _builder_version=&#8220;4.21.0&#8243; _module_preset=&#8220;default&#8220; global_colors_info=&#8220;{}&#8220;][et_pb_blurb url=&#8220;https:\/\/apmedical.it\/de\/produkte\/behaelter-fuer-scharfe-gegenstaende\/cs-plus-line\/&#8220; image=&#8220;https:\/\/apmedical.it\/wp-content\/uploads\/2023\/06\/CS-PLUS-LINE.png&#8220; _builder_version=&#8220;4.27.4&#8243; _module_preset=&#8220;default&#8220; body_font=&#8220;|700|||||||&#8220; body_text_align=&#8220;center&#8220; body_font_size=&#8220;16px&#8220; background_color=&#8220;#f4f4f4&#8243; custom_padding=&#8220;10px||10px||true|false&#8220; link_option_url=&#8220;https:\/\/apmedical.it\/de\/produkte\/behaelter-fuer-scharfe-gegenstaende\/cs-plus-line\/&#8220; border_radii=&#8220;on|10px|10px|10px|10px&#8220; global_colors_info=&#8220;{}&#8220; background__hover_enabled=&#8220;on|hover&#8220; background_color__hover=&#8220;#f4d0d0&#8243; background_enable_color__hover=&#8220;on&#8220;]<\/p>\n<p>CS PLUS LINE<\/p>\n<p>[\/et_pb_blurb][\/et_pb_column][et_pb_column type=&#8220;1_4&#8243; _builder_version=&#8220;4.21.0&#8243; _module_preset=&#8220;default&#8220; global_colors_info=&#8220;{}&#8220;][et_pb_blurb url=&#8220;https:\/\/apmedical.it\/de\/produkte\/behaelter-fuer-scharfe-gegenstaende\/magnum-line\/&#8220; image=&#8220;https:\/\/apmedical.it\/wp-content\/uploads\/2023\/06\/MAGNUM-LINE.png&#8220; _builder_version=&#8220;4.27.4&#8243; _module_preset=&#8220;default&#8220; body_font=&#8220;|700|||||||&#8220; body_text_align=&#8220;center&#8220; body_font_size=&#8220;16px&#8220; background_color=&#8220;#f4f4f4&#8243; custom_padding=&#8220;10px||10px||true|false&#8220; link_option_url=&#8220;https:\/\/apmedical.it\/de\/produkte\/behaelter-fuer-scharfe-gegenstaende\/magnum-line\/&#8220; border_radii=&#8220;on|10px|10px|10px|10px&#8220; global_colors_info=&#8220;{}&#8220; background__hover_enabled=&#8220;on|hover&#8220; background_color__hover=&#8220;#f4d0d0&#8243; background_enable_color__hover=&#8220;on&#8220;]<\/p>\n<p>MAGNUM LINE<\/p>\n<p>[\/et_pb_blurb][\/et_pb_column][et_pb_column type=&#8220;1_4&#8243; _builder_version=&#8220;4.21.0&#8243; _module_preset=&#8220;default&#8220; global_colors_info=&#8220;{}&#8220;][et_pb_blurb url=&#8220;https:\/\/apmedical.it\/de\/produkte\/behaelter-fuer-scharfe-gegenstaende\/dispo-line\/&#8220; image=&#8220;https:\/\/apmedical.it\/wp-content\/uploads\/2023\/06\/DISPO-LINE.png&#8220; _builder_version=&#8220;4.27.4&#8243; _module_preset=&#8220;default&#8220; body_font=&#8220;|700|||||||&#8220; body_text_align=&#8220;center&#8220; body_font_size=&#8220;16px&#8220; background_color=&#8220;#f4f4f4&#8243; custom_padding=&#8220;10px||10px||true|false&#8220; link_option_url=&#8220;https:\/\/apmedical.it\/de\/produkte\/behaelter-fuer-scharfe-gegenstaende\/dispo-line\/&#8220; border_radii=&#8220;on|10px|10px|10px|10px&#8220; global_colors_info=&#8220;{}&#8220; background__hover_enabled=&#8220;on|hover&#8220; background_color__hover=&#8220;#f4d0d0&#8243; background_enable_color__hover=&#8220;on&#8220;]<\/p>\n<p>DISPO LINE<\/p>\n<p>[\/et_pb_blurb][\/et_pb_column][\/et_pb_row][et_pb_row column_structure=&#8220;1_4,1_4,1_4,1_4&#8243; use_custom_gutter=&#8220;on&#8220; gutter_width=&#8220;2&#8243; make_equal=&#8220;on&#8220; _builder_version=&#8220;4.27.4&#8243; _module_preset=&#8220;default&#8220; max_width=&#8220;100%&#8220; hover_enabled=&#8220;0&#8243; global_colors_info=&#8220;{}&#8220; custom_padding_last_edited=&#8220;on|tablet&#8220; custom_padding_tablet=&#8220;0px||||false|false&#8220; sticky_enabled=&#8220;0&#8243; custom_padding_phone=&#8220;0px||||false|false&#8220;][et_pb_column type=&#8220;1_4&#8243; _builder_version=&#8220;4.21.0&#8243; _module_preset=&#8220;default&#8220; global_colors_info=&#8220;{}&#8220;][et_pb_blurb url=&#8220;https:\/\/apmedical.it\/de\/produkte\/behaelter-fuer-scharfe-gegenstaende\/daily-line\/&#8220; image=&#8220;https:\/\/apmedical.it\/wp-content\/uploads\/2023\/06\/DAILY-LINE.png&#8220; _builder_version=&#8220;4.27.4&#8243; _module_preset=&#8220;default&#8220; body_font=&#8220;|700|||||||&#8220; body_text_align=&#8220;center&#8220; body_font_size=&#8220;16px&#8220; background_color=&#8220;#f4f4f4&#8243; custom_padding=&#8220;10px||10px||true|false&#8220; link_option_url=&#8220;https:\/\/apmedical.it\/de\/produkte\/behaelter-fuer-scharfe-gegenstaende\/daily-line\/&#8220; border_radii=&#8220;on|10px|10px|10px|10px&#8220; global_colors_info=&#8220;{}&#8220; background__hover_enabled=&#8220;on|hover&#8220; background_color__hover=&#8220;#f4d0d0&#8243; background_enable_color__hover=&#8220;on&#8220;]<\/p>\n<p>DAILY LINE<\/p>\n<p>[\/et_pb_blurb][\/et_pb_column][et_pb_column type=&#8220;1_4&#8243; _builder_version=&#8220;4.21.0&#8243; _module_preset=&#8220;default&#8220; global_colors_info=&#8220;{}&#8220;][et_pb_blurb url=&#8220;https:\/\/apmedical.it\/de\/produkte\/behaelter-fuer-scharfe-gegenstaende\/pbs-line\/&#8220; image=&#8220;https:\/\/apmedical.it\/wp-content\/uploads\/2023\/06\/PBS-LINE.png&#8220; _builder_version=&#8220;4.27.4&#8243; _module_preset=&#8220;default&#8220; body_font=&#8220;|700|||||||&#8220; body_text_align=&#8220;center&#8220; body_font_size=&#8220;16px&#8220; background_color=&#8220;#f4f4f4&#8243; custom_padding=&#8220;10px||10px||true|false&#8220; link_option_url=&#8220;https:\/\/apmedical.it\/de\/produkte\/behaelter-fuer-scharfe-gegenstaende\/pbs-line\/&#8220; border_radii=&#8220;on|10px|10px|10px|10px&#8220; global_colors_info=&#8220;{}&#8220; background__hover_enabled=&#8220;on|hover&#8220; background_color__hover=&#8220;#f4d0d0&#8243; background_enable_color__hover=&#8220;on&#8220;]<\/p>\n<p>PBS LINE<\/p>\n<p>[\/et_pb_blurb][\/et_pb_column][et_pb_column type=&#8220;1_4&#8243; _builder_version=&#8220;4.21.0&#8243; _module_preset=&#8220;default&#8220; global_colors_info=&#8220;{}&#8220;][et_pb_blurb url=&#8220;https:\/\/apmedical.it\/de\/produkte\/behaelter-fuer-scharfe-gegenstaende\/easy-line\/&#8220; image=&#8220;https:\/\/apmedical.it\/wp-content\/uploads\/2023\/06\/EASY-LINE.png&#8220; _builder_version=&#8220;4.27.4&#8243; _module_preset=&#8220;default&#8220; body_font=&#8220;|700|||||||&#8220; body_text_align=&#8220;center&#8220; body_font_size=&#8220;16px&#8220; background_color=&#8220;#f4f4f4&#8243; custom_padding=&#8220;10px||10px||true|false&#8220; link_option_url=&#8220;https:\/\/apmedical.it\/de\/produkte\/behaelter-fuer-scharfe-gegenstaende\/easy-line\/&#8220; border_radii=&#8220;on|10px|10px|10px|10px&#8220; global_colors_info=&#8220;{}&#8220; background__hover_enabled=&#8220;on|hover&#8220; background_color__hover=&#8220;#f4d0d0&#8243; background_enable_color__hover=&#8220;on&#8220;]<\/p>\n<p>EASY LINE<\/p>\n<p>[\/et_pb_blurb][\/et_pb_column][et_pb_column type=&#8220;1_4&#8243; _builder_version=&#8220;4.21.0&#8243; _module_preset=&#8220;default&#8220; global_colors_info=&#8220;{}&#8220;][et_pb_blurb url=&#8220;https:\/\/apmedical.it\/de\/produkte\/behaelter-fuer-scharfe-gegenstaende\/pocket-line\/&#8220; image=&#8220;https:\/\/apmedical.it\/wp-content\/uploads\/2023\/06\/POCKET-LINE.png&#8220; _builder_version=&#8220;4.27.4&#8243; _module_preset=&#8220;default&#8220; body_font=&#8220;|700|||||||&#8220; body_text_align=&#8220;center&#8220; body_font_size=&#8220;16px&#8220; background_color=&#8220;#f4f4f4&#8243; custom_padding=&#8220;10px||10px||true|false&#8220; link_option_url=&#8220;https:\/\/apmedical.it\/de\/produkte\/behaelter-fuer-scharfe-gegenstaende\/pocket-line\/&#8220; border_radii=&#8220;on|10px|10px|10px|10px&#8220; global_colors_info=&#8220;{}&#8220; background__hover_enabled=&#8220;on|hover&#8220; background_color__hover=&#8220;#f4d0d0&#8243; background_enable_color__hover=&#8220;on&#8220;]<\/p>\n<p>POCKET LINE<\/p>\n<p>[\/et_pb_blurb][\/et_pb_column][\/et_pb_row][et_pb_row column_structure=&#8220;1_4,1_4,1_4,1_4&#8243; use_custom_gutter=&#8220;on&#8220; gutter_width=&#8220;2&#8243; make_equal=&#8220;on&#8220; _builder_version=&#8220;4.27.4&#8243; _module_preset=&#8220;default&#8220; max_width=&#8220;100%&#8220; hover_enabled=&#8220;0&#8243; global_colors_info=&#8220;{}&#8220; custom_padding_last_edited=&#8220;on|tablet&#8220; custom_padding_tablet=&#8220;0px||||false|false&#8220; sticky_enabled=&#8220;0&#8243; custom_padding_phone=&#8220;0px||||false|false&#8220;][et_pb_column type=&#8220;1_4&#8243; _builder_version=&#8220;4.21.0&#8243; _module_preset=&#8220;default&#8220; global_colors_info=&#8220;{}&#8220;][et_pb_blurb url=&#8220;https:\/\/apmedical.it\/de\/produkte\/behaelter-fuer-scharfe-gegenstaende\/nursy-line\/&#8220; image=&#8220;https:\/\/apmedical.it\/wp-content\/uploads\/2023\/06\/NURSY-LINE.png&#8220; _builder_version=&#8220;4.27.4&#8243; _module_preset=&#8220;default&#8220; body_font=&#8220;|700|||||||&#8220; body_text_align=&#8220;center&#8220; body_font_size=&#8220;16px&#8220; background_color=&#8220;#f4f4f4&#8243; height=&#8220;370px&#8220; height_tablet=&#8220;370px&#8220; height_phone=&#8220;370px&#8220; height_last_edited=&#8220;on|desktop&#8220; custom_padding=&#8220;60px||60px||true|false&#8220; link_option_url=&#8220;https:\/\/apmedical.it\/de\/produkte\/behaelter-fuer-scharfe-gegenstaende\/nursy-line\/&#8220; border_radii=&#8220;on|10px|10px|10px|10px&#8220; global_colors_info=&#8220;{}&#8220; background__hover_enabled=&#8220;on|hover&#8220; background_color__hover=&#8220;#f4d0d0&#8243; background_enable_color__hover=&#8220;on&#8220;]<\/p>\n<p>NURSY LINE<\/p>\n<p>[\/et_pb_blurb][\/et_pb_column][et_pb_column type=&#8220;1_4&#8243; _builder_version=&#8220;4.21.0&#8243; _module_preset=&#8220;default&#8220; global_colors_info=&#8220;{}&#8220;][et_pb_blurb url=&#8220;https:\/\/apmedical.it\/de\/produkte\/behaelter-fuer-scharfe-gegenstaende\/bs-line\/&#8220; image=&#8220;https:\/\/apmedical.it\/wp-content\/uploads\/2023\/06\/BS-LINE.png&#8220; _builder_version=&#8220;4.27.4&#8243; _module_preset=&#8220;default&#8220; body_font=&#8220;|700|||||||&#8220; body_text_align=&#8220;center&#8220; body_font_size=&#8220;16px&#8220; background_color=&#8220;#f4f4f4&#8243; custom_padding=&#8220;10px||10px||true|false&#8220; link_option_url=&#8220;https:\/\/apmedical.it\/de\/produkte\/behaelter-fuer-scharfe-gegenstaende\/bs-line\/&#8220; border_radii=&#8220;on|10px|10px|10px|10px&#8220; global_colors_info=&#8220;{}&#8220; background__hover_enabled=&#8220;on|hover&#8220; background_color__hover=&#8220;#f4d0d0&#8243; background_enable_color__hover=&#8220;on&#8220;]<\/p>\n<p>BS LINE<\/p>\n<p>[\/et_pb_blurb][\/et_pb_column][et_pb_column type=&#8220;1_4&#8243; _builder_version=&#8220;4.21.0&#8243; _module_preset=&#8220;default&#8220; global_colors_info=&#8220;{}&#8220;][et_pb_blurb url=&#8220;https:\/\/apmedical.it\/de\/produkte\/behaelter-fuer-scharfe-gegenstaende\/5-4-quarts-line\/&#8220; image=&#8220;https:\/\/apmedical.it\/wp-content\/uploads\/2023\/06\/5_4qt-LINE.png&#8220; _builder_version=&#8220;4.27.4&#8243; _module_preset=&#8220;default&#8220; body_font=&#8220;|700|||||||&#8220; body_text_align=&#8220;center&#8220; body_font_size=&#8220;16px&#8220; background_color=&#8220;#f4f4f4&#8243; height=&#8220;370px&#8220; height_tablet=&#8220;370px&#8220; height_phone=&#8220;370px&#8220; height_last_edited=&#8220;on|desktop&#8220; custom_padding=&#8220;60px||60px||true|false&#8220; link_option_url=&#8220;https:\/\/apmedical.it\/de\/produkte\/behaelter-fuer-scharfe-gegenstaende\/5-4-quarts-line\/&#8220; border_radii=&#8220;on|10px|10px|10px|10px&#8220; global_colors_info=&#8220;{}&#8220; background__hover_enabled=&#8220;on|hover&#8220; background_color__hover=&#8220;#f4d0d0&#8243; background_enable_color__hover=&#8220;on&#8220;]<\/p>\n<p>5.4 QUARTS LINE<\/p>\n<p>[\/et_pb_blurb][\/et_pb_column][et_pb_column type=&#8220;1_4&#8243; _builder_version=&#8220;4.21.0&#8243; _module_preset=&#8220;default&#8220; global_colors_info=&#8220;{}&#8220;][\/et_pb_column][\/et_pb_row][et_pb_row column_structure=&#8220;3_5,2_5&#8243; use_custom_gutter=&#8220;on&#8220; make_equal=&#8220;on&#8220; _builder_version=&#8220;4.21.0&#8243; _module_preset=&#8220;default&#8220; max_width=&#8220;100%&#8220; global_colors_info=&#8220;{}&#8220;][et_pb_column type=&#8220;3_5&#8243; _builder_version=&#8220;4.21.0&#8243; _module_preset=&#8220;default&#8220; global_colors_info=&#8220;{}&#8220;][et_pb_text _builder_version=&#8220;4.21.0&#8243; _module_preset=&#8220;default&#8220; text_font=&#8220;ABeeZee||||||||&#8220; text_font_size=&#8220;16px&#8220; text_line_height=&#8220;1.8em&#8220; width=&#8220;50vw&#8220; width_tablet=&#8220;&#8220; width_phone=&#8220;&#8220; width_last_edited=&#8220;on|phone&#8220; custom_margin=&#8220;||||false|false&#8220; custom_padding=&#8220;0px||||false|false&#8220; locked=&#8220;off&#8220; global_colors_info=&#8220;{}&#8220;]<\/p>\n<p>APmedical ist sich der Bedeutung einer ordnungsgem\u00e4\u00dfen Entsorgung von Krankenhausabf\u00e4llen bewusst und verpflichtet sich, Produkte anzubieten, die den h\u00f6chsten Sicherheitsstandards entsprechen. Die SHARPS-Beh\u00e4lterlinie stellt das Engagement des Unternehmens dar, zuverl\u00e4ssige und konforme L\u00f6sungen bereitzustellen, um eine sicherere Arbeitsumgebung f\u00fcr medizinisches Fachpersonal zu gew\u00e4hrleisten.<\/p>\n<p>Wenn Sie sich f\u00fcr SHARPS-Beh\u00e4lter von APmedical entscheiden, k\u00f6nnen Sie sich beruhigt auf hochwertige und technologisch fortschrittliche Produkte verlassen, die die Sicherheit derjenigen gew\u00e4hrleisten, die sie verwenden, und zu einem verantwortungsvollen Umgang mit Krankenhausabf\u00e4llen beitragen.<\/p>\n<p>[\/et_pb_text][\/et_pb_column][et_pb_column type=&#8220;2_5&#8243; _builder_version=&#8220;4.21.0&#8243; _module_preset=&#8220;default&#8220; global_colors_info=&#8220;{}&#8220;][\/et_pb_column][\/et_pb_row][\/et_pb_section]<\/p>\n","protected":false},"excerpt":{"rendered":"<p>Sharps Containers<nav aria-label=\"breadcrumbs\" class=\"rank-math-breadcrumb\"><p><span class=\"last\">Home<\/span><\/p><\/nav> Die APmedical SHARPS-Beh\u00e4lterlinie bietet ein komplettes Sortiment an Beh\u00e4ltern, die speziell f\u00fcr die sichere Sammlung und Entsorgung scharfer Gegenst\u00e4nde im medizinischen Bereich entwickelt wurden. Diese Beh\u00e4lter sind mit fortschrittlichen Sicherheitsfunktionen ausgestattet, um das medizinische Personal zu sch\u00fctzen und versehentliche Verletzungen zu verhindern. Mit manipulationssicheren Deckeln und zuverl\u00e4ssigen Verschlusssystemen bieten SHARPS-Beh\u00e4lter von APmedical eine [&hellip;]<\/p>\n","protected":false},"author":1,"featured_media":0,"parent":17425,"menu_order":0,"comment_status":"closed","ping_status":"closed","template":"","meta":{"_et_pb_use_builder":"on","_et_pb_old_content":"","_et_gb_content_width":"","footnotes":""},"class_list":["post-17895","page","type-page","status-publish","hentry"],"_links":{"self":[{"href":"https:\/\/apmedical.it\/de\/wp-json\/wp\/v2\/pages\/17895","targetHints":{"allow":["GET"]}}],"collection":[{"href":"https:\/\/apmedical.it\/de\/wp-json\/wp\/v2\/pages"}],"about":[{"href":"https:\/\/apmedical.it\/de\/wp-json\/wp\/v2\/types\/page"}],"author":[{"embeddable":true,"href":"https:\/\/apmedical.it\/de\/wp-json\/wp\/v2\/users\/1"}],"replies":[{"embeddable":true,"href":"https:\/\/apmedical.it\/de\/wp-json\/wp\/v2\/comments?post=17895"}],"version-history":[{"count":10,"href":"https:\/\/apmedical.it\/de\/wp-json\/wp\/v2\/pages\/17895\/revisions"}],"predecessor-version":[{"id":19938,"href":"https:\/\/apmedical.it\/de\/wp-json\/wp\/v2\/pages\/17895\/revisions\/19938"}],"up":[{"embeddable":true,"href":"https:\/\/apmedical.it\/de\/wp-json\/wp\/v2\/pages\/17425"}],"wp:attachment":[{"href":"https:\/\/apmedical.it\/de\/wp-json\/wp\/v2\/media?parent=17895"}],"curies":[{"name":"wp","href":"https:\/\/api.w.org\/{rel}","templated":true}]}}